{"id":10878,"date":"2024-05-31T12:26:54","date_gmt":"2024-05-31T17:26:54","guid":{"rendered":"https:\/\/centroferreterofarvel.com\/?post_type=product&#038;p=10878"},"modified":"2024-06-13T17:33:52","modified_gmt":"2024-06-13T22:33:52","slug":"guante-de-poliester-nitrilo-negro","status":"publish","type":"product","link":"https:\/\/centroferreterofarvel.com\/index.php\/producto\/guante-de-poliester-nitrilo-negro\/","title":{"rendered":"GUANTE DE POLIESTER \/NITRILO NEGRO"},"content":{"rendered":"<p>Asegura la m\u00e1xima protecci\u00f3n para tus manos con los guantes de poli\u00e9ster\/nitrilo negro. Este equipo de seguridad es indispensable para cualquier entorno industrial, proporcionando una excelente barrera contra qu\u00edmicos y abrasiones gracias a su recubrimiento de nitrilo. Los guantes de poli\u00e9ster nitrilo son c\u00f3modos y flexibles, permitiendo una amplia gama de movimientos sin comprometer la seguridad. Ya sea en la construcci\u00f3n, manipulaci\u00f3n de materiales o cualquier otra actividad industrial, estos guantes garantizan la protecci\u00f3n y seguridad que necesitas. Encuentra la mejor calidad en seguridad industrial en el Centro Ferretero Farvel.<\/p>\n","protected":false},"excerpt":{"rendered":"<p>Guante de Poli\u00e9ster\/Nitrilo Negro: La Mejor Protecci\u00f3n para tus Manos.<\/p>\n","protected":false},"featured_media":10968,"comment_status":"open","ping_status":"closed","template":"","meta":{"_uag_custom_page_level_css":""},"product_cat":[179],"product_tag":[1116,1113,1111,1763,1764,1117,1114,1118],"jetpack_sharing_enabled":true,"uagb_featured_image_src":{"full":["https:\/\/centroferreterofarvel.com\/wp-content\/uploads\/2024\/05\/Guante-de-poliester-nitrilo-negro-.png",1080,1080,false],"thumbnail":["https:\/\/centroferreterofarvel.com\/wp-content\/uploads\/2024\/05\/Guante-de-poliester-nitrilo-negro--150x150.png",150,150,true],"medium":["https:\/\/centroferreterofarvel.com\/wp-content\/uploads\/2024\/05\/Guante-de-poliester-nitrilo-negro--300x300.png",300,300,true],"medium_large":["https:\/\/centroferreterofarvel.com\/wp-content\/uploads\/2024\/05\/Guante-de-poliester-nitrilo-negro--768x768.png",768,768,true],"large":["https:\/\/centroferreterofarvel.com\/wp-content\/uploads\/2024\/05\/Guante-de-poliester-nitrilo-negro--1024x1024.png",1024,1024,true],"1536x1536":["https:\/\/centroferreterofarvel.com\/wp-content\/uploads\/2024\/05\/Guante-de-poliester-nitrilo-negro-.png",1080,1080,false],"2048x2048":["https:\/\/centroferreterofarvel.com\/wp-content\/uploads\/2024\/05\/Guante-de-poliester-nitrilo-negro-.png",1080,1080,false],"mailpoet_newsletter_max":["https:\/\/centroferreterofarvel.com\/wp-content\/uploads\/2024\/05\/Guante-de-poliester-nitrilo-negro-.png",1080,1080,false],"woocommerce_thumbnail":["https:\/\/centroferreterofarvel.com\/wp-content\/uploads\/2024\/05\/Guante-de-poliester-nitrilo-negro--450x450.png",450,450,true],"woocommerce_single":["https:\/\/centroferreterofarvel.com\/wp-content\/uploads\/2024\/05\/Guante-de-poliester-nitrilo-negro--600x600.png",600,600,true],"woocommerce_gallery_thumbnail":["https:\/\/centroferreterofarvel.com\/wp-content\/uploads\/2024\/05\/Guante-de-poliester-nitrilo-negro--100x100.png",100,100,true]},"uagb_author_info":{"display_name":"centroferreterofarvel","author_link":"https:\/\/centroferreterofarvel.com\/index.php\/author\/"},"uagb_comment_info":0,"uagb_excerpt":"Guante de Poli\u00e9ster\/Nitrilo Negro: La Mejor Protecci\u00f3n para tus Manos.","_links":{"self":[{"href":"https:\/\/centroferreterofarvel.com\/index.php\/wp-json\/wp\/v2\/product\/10878"}],"collection":[{"href":"https:\/\/centroferreterofarvel.com\/index.php\/wp-json\/wp\/v2\/product"}],"about":[{"href":"https:\/\/centroferreterofarvel.com\/index.php\/wp-json\/wp\/v2\/types\/product"}],"replies":[{"embeddable":true,"href":"https:\/\/centroferreterofarvel.com\/index.php\/wp-json\/wp\/v2\/comments?post=10878"}],"version-history":[{"count":1,"href":"https:\/\/centroferreterofarvel.com\/index.php\/wp-json\/wp\/v2\/product\/10878\/revisions"}],"predecessor-version":[{"id":10879,"href":"https:\/\/centroferreterofarvel.com\/index.php\/wp-json\/wp\/v2\/product\/10878\/revisions\/10879"}],"wp:featuredmedia":[{"embeddable":true,"href":"https:\/\/centroferreterofarvel.com\/index.php\/wp-json\/wp\/v2\/media\/10968"}],"wp:attachment":[{"href":"https:\/\/centroferreterofarvel.com\/index.php\/wp-json\/wp\/v2\/media?parent=10878"}],"wp:term":[{"taxonomy":"product_cat","embeddable":true,"href":"https:\/\/centroferreterofarvel.com\/index.php\/wp-json\/wp\/v2\/product_cat?post=10878"},{"taxonomy":"product_tag","embeddable":true,"href":"https:\/\/centroferreterofarvel.com\/index.php\/wp-json\/wp\/v2\/product_tag?post=10878"}],"curies":[{"name":"wp","href":"https:\/\/api.w.org\/{rel}","templated":true}]}}