{"id":10880,"date":"2024-05-31T12:51:03","date_gmt":"2024-05-31T17:51:03","guid":{"rendered":"https:\/\/centroferreterofarvel.com\/?post_type=product&#038;p=10880"},"modified":"2024-06-13T17:32:04","modified_gmt":"2024-06-13T22:32:04","slug":"foco-ecoled","status":"publish","type":"product","link":"https:\/\/centroferreterofarvel.com\/index.php\/producto\/foco-ecoled\/","title":{"rendered":"FOCO ECOLED"},"content":{"rendered":"<p>Optimiza la iluminaci\u00f3n de tus espacios con el Foco LED Ecoled 9W Luz Blanca y de 12W Luz Amarilla. Este foco LED combina la alta eficiencia energ\u00e9tica adem\u00e1s de ser ideal para cualquier entorno. Con un consumo de solo 9W y de 12W, este foco reduce significativamente los costos de electricidad, mientras su tecnolog\u00eda LED asegura una larga duraci\u00f3n y un menor impacto ambiental. Perfecto para cualquier luminaria, el Foco Ecoled es la soluci\u00f3n perfecta para quienes buscan calidad y sostenibilidad en su iluminaci\u00f3n. Encuentra esta y m\u00e1s opciones en el Centro Ferretero Farvel.<\/p>\n","protected":false},"excerpt":{"rendered":"<p>Foco LED Ecoled Luz Blanca: Iluminaci\u00f3n Eficiente y Sostenible.<\/p>\n","protected":false},"featured_media":10966,"comment_status":"open","ping_status":"closed","template":"","meta":{"_uag_custom_page_level_css":""},"product_cat":[152,24],"product_tag":[439,438,1099,1765,437,1768,1097,1767,1766,349,1769,1098,400,401],"jetpack_sharing_enabled":true,"uagb_featured_image_src":{"full":["https:\/\/centroferreterofarvel.com\/wp-content\/uploads\/2024\/05\/Foco-led-de-9-w-.png",1080,1080,false],"thumbnail":["https:\/\/centroferreterofarvel.com\/wp-content\/uploads\/2024\/05\/Foco-led-de-9-w--150x150.png",150,150,true],"medium":["https:\/\/centroferreterofarvel.com\/wp-content\/uploads\/2024\/05\/Foco-led-de-9-w--300x300.png",300,300,true],"medium_large":["https:\/\/centroferreterofarvel.com\/wp-content\/uploads\/2024\/05\/Foco-led-de-9-w--768x768.png",768,768,true],"large":["https:\/\/centroferreterofarvel.com\/wp-content\/uploads\/2024\/05\/Foco-led-de-9-w--1024x1024.png",1024,1024,true],"1536x1536":["https:\/\/centroferreterofarvel.com\/wp-content\/uploads\/2024\/05\/Foco-led-de-9-w-.png",1080,1080,false],"2048x2048":["https:\/\/centroferreterofarvel.com\/wp-content\/uploads\/2024\/05\/Foco-led-de-9-w-.png",1080,1080,false],"mailpoet_newsletter_max":["https:\/\/centroferreterofarvel.com\/wp-content\/uploads\/2024\/05\/Foco-led-de-9-w-.png",1080,1080,false],"woocommerce_thumbnail":["https:\/\/centroferreterofarvel.com\/wp-content\/uploads\/2024\/05\/Foco-led-de-9-w--450x450.png",450,450,true],"woocommerce_single":["https:\/\/centroferreterofarvel.com\/wp-content\/uploads\/2024\/05\/Foco-led-de-9-w--600x600.png",600,600,true],"woocommerce_gallery_thumbnail":["https:\/\/centroferreterofarvel.com\/wp-content\/uploads\/2024\/05\/Foco-led-de-9-w--100x100.png",100,100,true]},"uagb_author_info":{"display_name":"centroferreterofarvel","author_link":"https:\/\/centroferreterofarvel.com\/index.php\/author\/"},"uagb_comment_info":0,"uagb_excerpt":"Foco LED Ecoled Luz Blanca: Iluminaci\u00f3n Eficiente y Sostenible.","_links":{"self":[{"href":"https:\/\/centroferreterofarvel.com\/index.php\/wp-json\/wp\/v2\/product\/10880"}],"collection":[{"href":"https:\/\/centroferreterofarvel.com\/index.php\/wp-json\/wp\/v2\/product"}],"about":[{"href":"https:\/\/centroferreterofarvel.com\/index.php\/wp-json\/wp\/v2\/types\/product"}],"replies":[{"embeddable":true,"href":"https:\/\/centroferreterofarvel.com\/index.php\/wp-json\/wp\/v2\/comments?post=10880"}],"version-history":[{"count":2,"href":"https:\/\/centroferreterofarvel.com\/index.php\/wp-json\/wp\/v2\/product\/10880\/revisions"}],"predecessor-version":[{"id":10886,"href":"https:\/\/centroferreterofarvel.com\/index.php\/wp-json\/wp\/v2\/product\/10880\/revisions\/10886"}],"wp:featuredmedia":[{"embeddable":true,"href":"https:\/\/centroferreterofarvel.com\/index.php\/wp-json\/wp\/v2\/media\/10966"}],"wp:attachment":[{"href":"https:\/\/centroferreterofarvel.com\/index.php\/wp-json\/wp\/v2\/media?parent=10880"}],"wp:term":[{"taxonomy":"product_cat","embeddable":true,"href":"https:\/\/centroferreterofarvel.com\/index.php\/wp-json\/wp\/v2\/product_cat?post=10880"},{"taxonomy":"product_tag","embeddable":true,"href":"https:\/\/centroferreterofarvel.com\/index.php\/wp-json\/wp\/v2\/product_tag?post=10880"}],"curies":[{"name":"wp","href":"https:\/\/api.w.org\/{rel}","templated":true}]}}