{"id":11217,"date":"2024-07-16T11:35:01","date_gmt":"2024-07-16T16:35:01","guid":{"rendered":"https:\/\/centroferreterofarvel.com\/?post_type=product&#038;p=11217"},"modified":"2024-09-05T12:05:02","modified_gmt":"2024-09-05T17:05:02","slug":"rodillo-de-microfibra-9-kendo","status":"publish","type":"product","link":"https:\/\/centroferreterofarvel.com\/index.php\/producto\/rodillo-de-microfibra-9-kendo\/","title":{"rendered":"RODILLO DE MICROFIBRA 9&#8243; KENDO"},"content":{"rendered":"<p>El Rodillo de Microfibra 9&#8243; Kendo est\u00e1 dise\u00f1ado para proporcionar una aplicaci\u00f3n de pintura uniforme y sin marcas. Fabricado con microfibra de alta calidad, este rodillo de 9 pulgadas es ideal para aplicar todo tipo de pinturas, incluyendo esmaltes y barnices. Su capacidad para retener y liberar la pintura de manera eficiente reduce el goteo y garantiza un acabado profesional. El rodillo Kendo es perfecto para superficies lisas y texturizadas, facilitando el trabajo en paredes, techos y m\u00e1s.<\/p>\n","protected":false},"excerpt":{"rendered":"<p>Rodillo de Microfibra 9&#8243; Kendo: Precisi\u00f3n y Eficiencia para tus Proyectos de Pintura.<\/p>\n","protected":false},"featured_media":11231,"comment_status":"open","ping_status":"closed","template":"","meta":{"_uag_custom_page_level_css":""},"product_cat":[35,157],"product_tag":[1801,1798,1802,1799,1800],"jetpack_sharing_enabled":true,"uagb_featured_image_src":{"full":["https:\/\/centroferreterofarvel.com\/wp-content\/uploads\/2024\/07\/Rodillo-KENDO-.png",1080,1080,false],"thumbnail":["https:\/\/centroferreterofarvel.com\/wp-content\/uploads\/2024\/07\/Rodillo-KENDO--150x150.png",150,150,true],"medium":["https:\/\/centroferreterofarvel.com\/wp-content\/uploads\/2024\/07\/Rodillo-KENDO--300x300.png",300,300,true],"medium_large":["https:\/\/centroferreterofarvel.com\/wp-content\/uploads\/2024\/07\/Rodillo-KENDO--768x768.png",768,768,true],"large":["https:\/\/centroferreterofarvel.com\/wp-content\/uploads\/2024\/07\/Rodillo-KENDO--1024x1024.png",1024,1024,true],"1536x1536":["https:\/\/centroferreterofarvel.com\/wp-content\/uploads\/2024\/07\/Rodillo-KENDO-.png",1080,1080,false],"2048x2048":["https:\/\/centroferreterofarvel.com\/wp-content\/uploads\/2024\/07\/Rodillo-KENDO-.png",1080,1080,false],"mailpoet_newsletter_max":["https:\/\/centroferreterofarvel.com\/wp-content\/uploads\/2024\/07\/Rodillo-KENDO-.png",1080,1080,false],"woocommerce_thumbnail":["https:\/\/centroferreterofarvel.com\/wp-content\/uploads\/2024\/07\/Rodillo-KENDO--450x450.png",450,450,true],"woocommerce_single":["https:\/\/centroferreterofarvel.com\/wp-content\/uploads\/2024\/07\/Rodillo-KENDO--600x600.png",600,600,true],"woocommerce_gallery_thumbnail":["https:\/\/centroferreterofarvel.com\/wp-content\/uploads\/2024\/07\/Rodillo-KENDO--100x100.png",100,100,true]},"uagb_author_info":{"display_name":"centroferreterofarvel","author_link":"https:\/\/centroferreterofarvel.com\/index.php\/author\/"},"uagb_comment_info":0,"uagb_excerpt":"Rodillo de Microfibra 9\" Kendo: Precisi\u00f3n y Eficiencia para tus Proyectos de Pintura.","_links":{"self":[{"href":"https:\/\/centroferreterofarvel.com\/index.php\/wp-json\/wp\/v2\/product\/11217"}],"collection":[{"href":"https:\/\/centroferreterofarvel.com\/index.php\/wp-json\/wp\/v2\/product"}],"about":[{"href":"https:\/\/centroferreterofarvel.com\/index.php\/wp-json\/wp\/v2\/types\/product"}],"replies":[{"embeddable":true,"href":"https:\/\/centroferreterofarvel.com\/index.php\/wp-json\/wp\/v2\/comments?post=11217"}],"version-history":[{"count":3,"href":"https:\/\/centroferreterofarvel.com\/index.php\/wp-json\/wp\/v2\/product\/11217\/revisions"}],"predecessor-version":[{"id":11220,"href":"https:\/\/centroferreterofarvel.com\/index.php\/wp-json\/wp\/v2\/product\/11217\/revisions\/11220"}],"wp:featuredmedia":[{"embeddable":true,"href":"https:\/\/centroferreterofarvel.com\/index.php\/wp-json\/wp\/v2\/media\/11231"}],"wp:attachment":[{"href":"https:\/\/centroferreterofarvel.com\/index.php\/wp-json\/wp\/v2\/media?parent=11217"}],"wp:term":[{"taxonomy":"product_cat","embeddable":true,"href":"https:\/\/centroferreterofarvel.com\/index.php\/wp-json\/wp\/v2\/product_cat?post=11217"},{"taxonomy":"product_tag","embeddable":true,"href":"https:\/\/centroferreterofarvel.com\/index.php\/wp-json\/wp\/v2\/product_tag?post=11217"}],"curies":[{"name":"wp","href":"https:\/\/api.w.org\/{rel}","templated":true}]}}