{"id":1934,"date":"2023-08-30T12:27:28","date_gmt":"2023-08-30T17:27:28","guid":{"rendered":"https:\/\/centroferreterofarvel.com\/?post_type=product&#038;p=1934"},"modified":"2024-04-16T09:57:37","modified_gmt":"2024-04-16T14:57:37","slug":"universal-plastigama-1-2-0100546","status":"publish","type":"product","link":"https:\/\/centroferreterofarvel.com\/index.php\/producto\/universal-plastigama-1-2-0100546\/","title":{"rendered":"UNIVERSAL PLASTIGAMA 1\/2"},"content":{"rendered":"<p>Experimenta un ajuste preciso y la universalidad que necesitas en la plomer\u00eda con la Universal Plastigama 1\/2. Esta llave universal, dise\u00f1ada por Plastigama, se adapta perfectamente a conexiones de medio pulgada, ofreciendo comodidad y eficiencia en cada aplicaci\u00f3n. Descubre c\u00f3mo esta herramienta simplifica tus tareas y garantiza conexiones seguras en sistemas hidr\u00e1ulicos.<\/p>\n<p>&nbsp;<\/p>\n","protected":false},"excerpt":{"rendered":"<p>Universal Plastigama 1\/2: Ajuste Preciso y Universalidad en la Plomer\u00eda.<\/p>\n<p>&nbsp;<\/p>\n","protected":false},"featured_media":3532,"comment_status":"open","ping_status":"closed","template":"","meta":{"_uag_custom_page_level_css":""},"product_cat":[172],"product_tag":[313,327,328,320,326,325],"jetpack_sharing_enabled":true,"uagb_featured_image_src":{"full":["https:\/\/centroferreterofarvel.com\/wp-content\/uploads\/2023\/08\/tubo-11.png",1200,1296,false],"thumbnail":["https:\/\/centroferreterofarvel.com\/wp-content\/uploads\/2023\/08\/tubo-11-150x150.png",150,150,true],"medium":["https:\/\/centroferreterofarvel.com\/wp-content\/uploads\/2023\/08\/tubo-11-278x300.png",278,300,true],"medium_large":["https:\/\/centroferreterofarvel.com\/wp-content\/uploads\/2023\/08\/tubo-11-768x829.png",768,829,true],"large":["https:\/\/centroferreterofarvel.com\/wp-content\/uploads\/2023\/08\/tubo-11-948x1024.png",948,1024,true],"1536x1536":["https:\/\/centroferreterofarvel.com\/wp-content\/uploads\/2023\/08\/tubo-11.png",1200,1296,false],"2048x2048":["https:\/\/centroferreterofarvel.com\/wp-content\/uploads\/2023\/08\/tubo-11.png",1200,1296,false],"mailpoet_newsletter_max":["https:\/\/centroferreterofarvel.com\/wp-content\/uploads\/2023\/08\/tubo-11.png",1200,1296,false],"woocommerce_thumbnail":["https:\/\/centroferreterofarvel.com\/wp-content\/uploads\/2023\/08\/tubo-11-450x450.png",450,450,true],"woocommerce_single":["https:\/\/centroferreterofarvel.com\/wp-content\/uploads\/2023\/08\/tubo-11-600x648.png",600,648,true],"woocommerce_gallery_thumbnail":["https:\/\/centroferreterofarvel.com\/wp-content\/uploads\/2023\/08\/tubo-11-100x100.png",100,100,true]},"uagb_author_info":{"display_name":"centroferreterofarvel","author_link":"https:\/\/centroferreterofarvel.com\/index.php\/author\/"},"uagb_comment_info":0,"uagb_excerpt":"Universal Plastigama 1\/2: Ajuste Preciso y Universalidad en la Plomer\u00eda. &nbsp;","_links":{"self":[{"href":"https:\/\/centroferreterofarvel.com\/index.php\/wp-json\/wp\/v2\/product\/1934"}],"collection":[{"href":"https:\/\/centroferreterofarvel.com\/index.php\/wp-json\/wp\/v2\/product"}],"about":[{"href":"https:\/\/centroferreterofarvel.com\/index.php\/wp-json\/wp\/v2\/types\/product"}],"replies":[{"embeddable":true,"href":"https:\/\/centroferreterofarvel.com\/index.php\/wp-json\/wp\/v2\/comments?post=1934"}],"version-history":[{"count":2,"href":"https:\/\/centroferreterofarvel.com\/index.php\/wp-json\/wp\/v2\/product\/1934\/revisions"}],"predecessor-version":[{"id":9429,"href":"https:\/\/centroferreterofarvel.com\/index.php\/wp-json\/wp\/v2\/product\/1934\/revisions\/9429"}],"wp:featuredmedia":[{"embeddable":true,"href":"https:\/\/centroferreterofarvel.com\/index.php\/wp-json\/wp\/v2\/media\/3532"}],"wp:attachment":[{"href":"https:\/\/centroferreterofarvel.com\/index.php\/wp-json\/wp\/v2\/media?parent=1934"}],"wp:term":[{"taxonomy":"product_cat","embeddable":true,"href":"https:\/\/centroferreterofarvel.com\/index.php\/wp-json\/wp\/v2\/product_cat?post=1934"},{"taxonomy":"product_tag","embeddable":true,"href":"https:\/\/centroferreterofarvel.com\/index.php\/wp-json\/wp\/v2\/product_tag?post=1934"}],"curies":[{"name":"wp","href":"https:\/\/api.w.org\/{rel}","templated":true}]}}