{"id":1950,"date":"2023-08-31T10:39:41","date_gmt":"2023-08-31T15:39:41","guid":{"rendered":"https:\/\/centroferreterofarvel.com\/?post_type=product&#038;p=1950"},"modified":"2024-05-27T16:31:14","modified_gmt":"2024-05-27T21:31:14","slug":"union-desague-rival","status":"publish","type":"product","link":"https:\/\/centroferreterofarvel.com\/index.php\/producto\/union-desague-rival\/","title":{"rendered":"UNI\u00d3N DESAG\u00dcE RIVAL"},"content":{"rendered":"<p>Experimenta una conexi\u00f3n confiable para tuber\u00edas de desag\u00fce en la industria de la construcci\u00f3n con la Uni\u00f3n Desag\u00fce Rival. Este accesorio de plomer\u00eda se adapta a sistemas de desag\u00fce, proporcionando una uni\u00f3n segura en proyectos industriales. Descubre la calidad y resistencia que aporta esta uni\u00f3n en aplicaciones de tuber\u00edas de desag\u00fce en la construcci\u00f3n.<\/p>\n","protected":false},"excerpt":{"rendered":"<div class=\"sr-free\" data-cooltipz-dir=\"bottom-left\" aria-label=\"Click sentence to rephrase\">\n<p>Uni\u00f3n Desag\u00fce Rival: Conexi\u00f3n Confiable para Tuber\u00edas de Desag\u00fce en la Industria de la Construcci\u00f3n.<\/p>\n<\/div>\n","protected":false},"featured_media":3536,"comment_status":"open","ping_status":"closed","template":"","meta":{"_uag_custom_page_level_css":""},"product_cat":[22,165],"product_tag":[313,318,331,330,319,324,329,332],"jetpack_sharing_enabled":true,"uagb_featured_image_src":{"full":["https:\/\/centroferreterofarvel.com\/wp-content\/uploads\/2023\/08\/tubo-8.png",1200,1240,false],"thumbnail":["https:\/\/centroferreterofarvel.com\/wp-content\/uploads\/2023\/08\/tubo-8-150x150.png",150,150,true],"medium":["https:\/\/centroferreterofarvel.com\/wp-content\/uploads\/2023\/08\/tubo-8-290x300.png",290,300,true],"medium_large":["https:\/\/centroferreterofarvel.com\/wp-content\/uploads\/2023\/08\/tubo-8-768x794.png",768,794,true],"large":["https:\/\/centroferreterofarvel.com\/wp-content\/uploads\/2023\/08\/tubo-8-991x1024.png",991,1024,true],"1536x1536":["https:\/\/centroferreterofarvel.com\/wp-content\/uploads\/2023\/08\/tubo-8.png",1200,1240,false],"2048x2048":["https:\/\/centroferreterofarvel.com\/wp-content\/uploads\/2023\/08\/tubo-8.png",1200,1240,false],"mailpoet_newsletter_max":["https:\/\/centroferreterofarvel.com\/wp-content\/uploads\/2023\/08\/tubo-8.png",1200,1240,false],"woocommerce_thumbnail":["https:\/\/centroferreterofarvel.com\/wp-content\/uploads\/2023\/08\/tubo-8-450x450.png",450,450,true],"woocommerce_single":["https:\/\/centroferreterofarvel.com\/wp-content\/uploads\/2023\/08\/tubo-8-600x620.png",600,620,true],"woocommerce_gallery_thumbnail":["https:\/\/centroferreterofarvel.com\/wp-content\/uploads\/2023\/08\/tubo-8-100x100.png",100,100,true]},"uagb_author_info":{"display_name":"centroferreterofarvel","author_link":"https:\/\/centroferreterofarvel.com\/index.php\/author\/"},"uagb_comment_info":0,"uagb_excerpt":"Uni\u00f3n Desag\u00fce Rival: Conexi\u00f3n Confiable para Tuber\u00edas de Desag\u00fce en la Industria de la Construcci\u00f3n.","_links":{"self":[{"href":"https:\/\/centroferreterofarvel.com\/index.php\/wp-json\/wp\/v2\/product\/1950"}],"collection":[{"href":"https:\/\/centroferreterofarvel.com\/index.php\/wp-json\/wp\/v2\/product"}],"about":[{"href":"https:\/\/centroferreterofarvel.com\/index.php\/wp-json\/wp\/v2\/types\/product"}],"replies":[{"embeddable":true,"href":"https:\/\/centroferreterofarvel.com\/index.php\/wp-json\/wp\/v2\/comments?post=1950"}],"version-history":[{"count":3,"href":"https:\/\/centroferreterofarvel.com\/index.php\/wp-json\/wp\/v2\/product\/1950\/revisions"}],"predecessor-version":[{"id":2895,"href":"https:\/\/centroferreterofarvel.com\/index.php\/wp-json\/wp\/v2\/product\/1950\/revisions\/2895"}],"wp:featuredmedia":[{"embeddable":true,"href":"https:\/\/centroferreterofarvel.com\/index.php\/wp-json\/wp\/v2\/media\/3536"}],"wp:attachment":[{"href":"https:\/\/centroferreterofarvel.com\/index.php\/wp-json\/wp\/v2\/media?parent=1950"}],"wp:term":[{"taxonomy":"product_cat","embeddable":true,"href":"https:\/\/centroferreterofarvel.com\/index.php\/wp-json\/wp\/v2\/product_cat?post=1950"},{"taxonomy":"product_tag","embeddable":true,"href":"https:\/\/centroferreterofarvel.com\/index.php\/wp-json\/wp\/v2\/product_tag?post=1950"}],"curies":[{"name":"wp","href":"https:\/\/api.w.org\/{rel}","templated":true}]}}