{"id":2714,"date":"2023-09-14T14:44:32","date_gmt":"2023-09-14T19:44:32","guid":{"rendered":"https:\/\/centroferreterofarvel.com\/?post_type=product&#038;p=2714"},"modified":"2024-05-23T12:57:41","modified_gmt":"2024-05-23T17:57:41","slug":"neplo-rival-ac","status":"publish","type":"product","link":"https:\/\/centroferreterofarvel.com\/index.php\/producto\/neplo-rival-ac\/","title":{"rendered":"NEPLO RIVAL AC"},"content":{"rendered":"<p>Experimenta el alto rendimiento de los accesorios de tuber\u00eda Neplo Rival AC en proyectos de fontaner\u00eda y construcci\u00f3n. Estos accesorios son cruciales para garantizar conexiones seguras y eficientes en sistemas de tuber\u00edas, proporcionando la calidad necesaria para enfrentar los desaf\u00edos de la obra civil.<\/p>\n","protected":false},"excerpt":{"rendered":"<p>Neplo Rival AC: Accesorios de Tuber\u00eda de Alto Rendimiento para Fontaner\u00eda y Construcci\u00f3n.<\/p>\n","protected":false},"featured_media":8022,"comment_status":"open","ping_status":"closed","template":"","meta":{"_uag_custom_page_level_css":""},"product_cat":[172],"product_tag":[313,312,318,322,333,324,315,321],"jetpack_sharing_enabled":true,"uagb_featured_image_src":{"full":["https:\/\/centroferreterofarvel.com\/wp-content\/uploads\/2023\/09\/NEPLO-12X10-RIVAL-AC.png",1080,1350,false],"thumbnail":["https:\/\/centroferreterofarvel.com\/wp-content\/uploads\/2023\/09\/NEPLO-12X10-RIVAL-AC-150x150.png",150,150,true],"medium":["https:\/\/centroferreterofarvel.com\/wp-content\/uploads\/2023\/09\/NEPLO-12X10-RIVAL-AC-240x300.png",240,300,true],"medium_large":["https:\/\/centroferreterofarvel.com\/wp-content\/uploads\/2023\/09\/NEPLO-12X10-RIVAL-AC-768x960.png",768,960,true],"large":["https:\/\/centroferreterofarvel.com\/wp-content\/uploads\/2023\/09\/NEPLO-12X10-RIVAL-AC-819x1024.png",819,1024,true],"1536x1536":["https:\/\/centroferreterofarvel.com\/wp-content\/uploads\/2023\/09\/NEPLO-12X10-RIVAL-AC.png",1080,1350,false],"2048x2048":["https:\/\/centroferreterofarvel.com\/wp-content\/uploads\/2023\/09\/NEPLO-12X10-RIVAL-AC.png",1080,1350,false],"mailpoet_newsletter_max":["https:\/\/centroferreterofarvel.com\/wp-content\/uploads\/2023\/09\/NEPLO-12X10-RIVAL-AC.png",1080,1350,false],"woocommerce_thumbnail":["https:\/\/centroferreterofarvel.com\/wp-content\/uploads\/2023\/09\/NEPLO-12X10-RIVAL-AC-450x450.png",450,450,true],"woocommerce_single":["https:\/\/centroferreterofarvel.com\/wp-content\/uploads\/2023\/09\/NEPLO-12X10-RIVAL-AC-600x750.png",600,750,true],"woocommerce_gallery_thumbnail":["https:\/\/centroferreterofarvel.com\/wp-content\/uploads\/2023\/09\/NEPLO-12X10-RIVAL-AC-100x100.png",100,100,true]},"uagb_author_info":{"display_name":"centroferreterofarvel","author_link":"https:\/\/centroferreterofarvel.com\/index.php\/author\/"},"uagb_comment_info":0,"uagb_excerpt":"Neplo Rival AC: Accesorios de Tuber\u00eda de Alto Rendimiento para Fontaner\u00eda y Construcci\u00f3n.","_links":{"self":[{"href":"https:\/\/centroferreterofarvel.com\/index.php\/wp-json\/wp\/v2\/product\/2714"}],"collection":[{"href":"https:\/\/centroferreterofarvel.com\/index.php\/wp-json\/wp\/v2\/product"}],"about":[{"href":"https:\/\/centroferreterofarvel.com\/index.php\/wp-json\/wp\/v2\/types\/product"}],"replies":[{"embeddable":true,"href":"https:\/\/centroferreterofarvel.com\/index.php\/wp-json\/wp\/v2\/comments?post=2714"}],"version-history":[{"count":4,"href":"https:\/\/centroferreterofarvel.com\/index.php\/wp-json\/wp\/v2\/product\/2714\/revisions"}],"predecessor-version":[{"id":9610,"href":"https:\/\/centroferreterofarvel.com\/index.php\/wp-json\/wp\/v2\/product\/2714\/revisions\/9610"}],"wp:featuredmedia":[{"embeddable":true,"href":"https:\/\/centroferreterofarvel.com\/index.php\/wp-json\/wp\/v2\/media\/8022"}],"wp:attachment":[{"href":"https:\/\/centroferreterofarvel.com\/index.php\/wp-json\/wp\/v2\/media?parent=2714"}],"wp:term":[{"taxonomy":"product_cat","embeddable":true,"href":"https:\/\/centroferreterofarvel.com\/index.php\/wp-json\/wp\/v2\/product_cat?post=2714"},{"taxonomy":"product_tag","embeddable":true,"href":"https:\/\/centroferreterofarvel.com\/index.php\/wp-json\/wp\/v2\/product_tag?post=2714"}],"curies":[{"name":"wp","href":"https:\/\/api.w.org\/{rel}","templated":true}]}}