{"id":2722,"date":"2023-09-18T09:32:58","date_gmt":"2023-09-18T14:32:58","guid":{"rendered":"https:\/\/centroferreterofarvel.com\/?post_type=product&#038;p=2722"},"modified":"2024-04-09T11:57:11","modified_gmt":"2024-04-09T16:57:11","slug":"bushing-plastigama","status":"publish","type":"product","link":"https:\/\/centroferreterofarvel.com\/index.php\/producto\/bushing-plastigama\/","title":{"rendered":"BUSHING PLASTIGAMA"},"content":{"rendered":"<p>Descubre la eficiencia del Bushing Plastigama, una soluci\u00f3n eficaz en accesorios de tuber\u00eda \u00bd para proyectos de plomer\u00eda y hardware. Este bushing, dise\u00f1ado con precisi\u00f3n, garantiza conexiones seguras y duraderas en sistemas de tuber\u00edas. Confiere confiabilidad a tus instalaciones con este accesorio de calidad.<\/p>\n","protected":false},"excerpt":{"rendered":"<p>Bushing Plastigama: Soluci\u00f3n Eficiente en Accesorios de Tuber\u00eda \u00bd para Plomer\u00eda y Hardware.<\/p>\n","protected":false},"featured_media":3540,"comment_status":"open","ping_status":"closed","template":"","meta":{"_uag_custom_page_level_css":""},"product_cat":[172],"product_tag":[336,313,312,335,337,334],"jetpack_sharing_enabled":true,"uagb_featured_image_src":{"full":["https:\/\/centroferreterofarvel.com\/wp-content\/uploads\/2023\/09\/tubo-15.png",1200,1224,false],"thumbnail":["https:\/\/centroferreterofarvel.com\/wp-content\/uploads\/2023\/09\/tubo-15-150x150.png",150,150,true],"medium":["https:\/\/centroferreterofarvel.com\/wp-content\/uploads\/2023\/09\/tubo-15-294x300.png",294,300,true],"medium_large":["https:\/\/centroferreterofarvel.com\/wp-content\/uploads\/2023\/09\/tubo-15-768x783.png",768,783,true],"large":["https:\/\/centroferreterofarvel.com\/wp-content\/uploads\/2023\/09\/tubo-15-1004x1024.png",1004,1024,true],"1536x1536":["https:\/\/centroferreterofarvel.com\/wp-content\/uploads\/2023\/09\/tubo-15.png",1200,1224,false],"2048x2048":["https:\/\/centroferreterofarvel.com\/wp-content\/uploads\/2023\/09\/tubo-15.png",1200,1224,false],"mailpoet_newsletter_max":["https:\/\/centroferreterofarvel.com\/wp-content\/uploads\/2023\/09\/tubo-15.png",1200,1224,false],"woocommerce_thumbnail":["https:\/\/centroferreterofarvel.com\/wp-content\/uploads\/2023\/09\/tubo-15-450x450.png",450,450,true],"woocommerce_single":["https:\/\/centroferreterofarvel.com\/wp-content\/uploads\/2023\/09\/tubo-15-600x612.png",600,612,true],"woocommerce_gallery_thumbnail":["https:\/\/centroferreterofarvel.com\/wp-content\/uploads\/2023\/09\/tubo-15-100x100.png",100,100,true]},"uagb_author_info":{"display_name":"centroferreterofarvel","author_link":"https:\/\/centroferreterofarvel.com\/index.php\/author\/"},"uagb_comment_info":0,"uagb_excerpt":"Bushing Plastigama: Soluci\u00f3n Eficiente en Accesorios de Tuber\u00eda \u00bd para Plomer\u00eda y Hardware.","_links":{"self":[{"href":"https:\/\/centroferreterofarvel.com\/index.php\/wp-json\/wp\/v2\/product\/2722"}],"collection":[{"href":"https:\/\/centroferreterofarvel.com\/index.php\/wp-json\/wp\/v2\/product"}],"about":[{"href":"https:\/\/centroferreterofarvel.com\/index.php\/wp-json\/wp\/v2\/types\/product"}],"replies":[{"embeddable":true,"href":"https:\/\/centroferreterofarvel.com\/index.php\/wp-json\/wp\/v2\/comments?post=2722"}],"version-history":[{"count":2,"href":"https:\/\/centroferreterofarvel.com\/index.php\/wp-json\/wp\/v2\/product\/2722\/revisions"}],"predecessor-version":[{"id":9435,"href":"https:\/\/centroferreterofarvel.com\/index.php\/wp-json\/wp\/v2\/product\/2722\/revisions\/9435"}],"wp:featuredmedia":[{"embeddable":true,"href":"https:\/\/centroferreterofarvel.com\/index.php\/wp-json\/wp\/v2\/media\/3540"}],"wp:attachment":[{"href":"https:\/\/centroferreterofarvel.com\/index.php\/wp-json\/wp\/v2\/media?parent=2722"}],"wp:term":[{"taxonomy":"product_cat","embeddable":true,"href":"https:\/\/centroferreterofarvel.com\/index.php\/wp-json\/wp\/v2\/product_cat?post=2722"},{"taxonomy":"product_tag","embeddable":true,"href":"https:\/\/centroferreterofarvel.com\/index.php\/wp-json\/wp\/v2\/product_tag?post=2722"}],"curies":[{"name":"wp","href":"https:\/\/api.w.org\/{rel}","templated":true}]}}