{"id":2724,"date":"2023-09-18T10:00:00","date_gmt":"2023-09-18T15:00:00","guid":{"rendered":"https:\/\/centroferreterofarvel.com\/?post_type=product&#038;p=2724"},"modified":"2024-04-09T11:55:09","modified_gmt":"2024-04-09T16:55:09","slug":"universal","status":"publish","type":"product","link":"https:\/\/centroferreterofarvel.com\/index.php\/producto\/universal\/","title":{"rendered":"UNIVERSAL 1\/2 RIVAL"},"content":{"rendered":"<p>Considera Universal Rival como los accesorios esenciales para tuber\u00edas de agua y gas en tus proyectos de plomer\u00eda. Dise\u00f1ados para ofrecer un rendimiento excepcional, estos accesorios y v\u00e1lvulas garantizan una conexi\u00f3n eficiente y duradera, proporcionando soluciones efectivas para sistemas de agua y gas.<\/p>\n","protected":false},"excerpt":{"rendered":"<p>Universal Rival: Accesorios Esenciales para Tuber\u00edas de Agua y Gas en Proyectos de Plomer\u00eda.<\/p>\n","protected":false},"featured_media":3541,"comment_status":"open","ping_status":"closed","template":"","meta":{"_uag_custom_page_level_css":""},"product_cat":[172],"product_tag":[313,327,339,340,338,321],"jetpack_sharing_enabled":true,"uagb_featured_image_src":{"full":["https:\/\/centroferreterofarvel.com\/wp-content\/uploads\/2023\/09\/tubo-12.png",1200,1203,false],"thumbnail":["https:\/\/centroferreterofarvel.com\/wp-content\/uploads\/2023\/09\/tubo-12-150x150.png",150,150,true],"medium":["https:\/\/centroferreterofarvel.com\/wp-content\/uploads\/2023\/09\/tubo-12-300x300.png",300,300,true],"medium_large":["https:\/\/centroferreterofarvel.com\/wp-content\/uploads\/2023\/09\/tubo-12-768x770.png",768,770,true],"large":["https:\/\/centroferreterofarvel.com\/wp-content\/uploads\/2023\/09\/tubo-12-1021x1024.png",1021,1024,true],"1536x1536":["https:\/\/centroferreterofarvel.com\/wp-content\/uploads\/2023\/09\/tubo-12.png",1200,1203,false],"2048x2048":["https:\/\/centroferreterofarvel.com\/wp-content\/uploads\/2023\/09\/tubo-12.png",1200,1203,false],"mailpoet_newsletter_max":["https:\/\/centroferreterofarvel.com\/wp-content\/uploads\/2023\/09\/tubo-12.png",1200,1203,false],"woocommerce_thumbnail":["https:\/\/centroferreterofarvel.com\/wp-content\/uploads\/2023\/09\/tubo-12-450x450.png",450,450,true],"woocommerce_single":["https:\/\/centroferreterofarvel.com\/wp-content\/uploads\/2023\/09\/tubo-12-600x602.png",600,602,true],"woocommerce_gallery_thumbnail":["https:\/\/centroferreterofarvel.com\/wp-content\/uploads\/2023\/09\/tubo-12-100x100.png",100,100,true]},"uagb_author_info":{"display_name":"centroferreterofarvel","author_link":"https:\/\/centroferreterofarvel.com\/index.php\/author\/"},"uagb_comment_info":0,"uagb_excerpt":"Universal Rival: Accesorios Esenciales para Tuber\u00edas de Agua y Gas en Proyectos de Plomer\u00eda.","_links":{"self":[{"href":"https:\/\/centroferreterofarvel.com\/index.php\/wp-json\/wp\/v2\/product\/2724"}],"collection":[{"href":"https:\/\/centroferreterofarvel.com\/index.php\/wp-json\/wp\/v2\/product"}],"about":[{"href":"https:\/\/centroferreterofarvel.com\/index.php\/wp-json\/wp\/v2\/types\/product"}],"replies":[{"embeddable":true,"href":"https:\/\/centroferreterofarvel.com\/index.php\/wp-json\/wp\/v2\/comments?post=2724"}],"version-history":[{"count":1,"href":"https:\/\/centroferreterofarvel.com\/index.php\/wp-json\/wp\/v2\/product\/2724\/revisions"}],"predecessor-version":[{"id":8522,"href":"https:\/\/centroferreterofarvel.com\/index.php\/wp-json\/wp\/v2\/product\/2724\/revisions\/8522"}],"wp:featuredmedia":[{"embeddable":true,"href":"https:\/\/centroferreterofarvel.com\/index.php\/wp-json\/wp\/v2\/media\/3541"}],"wp:attachment":[{"href":"https:\/\/centroferreterofarvel.com\/index.php\/wp-json\/wp\/v2\/media?parent=2724"}],"wp:term":[{"taxonomy":"product_cat","embeddable":true,"href":"https:\/\/centroferreterofarvel.com\/index.php\/wp-json\/wp\/v2\/product_cat?post=2724"},{"taxonomy":"product_tag","embeddable":true,"href":"https:\/\/centroferreterofarvel.com\/index.php\/wp-json\/wp\/v2\/product_tag?post=2724"}],"curies":[{"name":"wp","href":"https:\/\/api.w.org\/{rel}","templated":true}]}}