{"id":2729,"date":"2023-09-18T10:16:28","date_gmt":"2023-09-18T15:16:28","guid":{"rendered":"https:\/\/centroferreterofarvel.com\/?post_type=product&#038;p=2729"},"modified":"2024-05-22T11:44:40","modified_gmt":"2024-05-22T16:44:40","slug":"tapon-macho-desague-rival","status":"publish","type":"product","link":"https:\/\/centroferreterofarvel.com\/index.php\/producto\/tapon-macho-desague-rival\/","title":{"rendered":"TAP\u00d3N MACHO DESAG\u00dcE RIVAL"},"content":{"rendered":"<p>El Tap\u00f3n Macho Desag\u00fce Rival se destaca como un accesorio robusto dise\u00f1ado para garantizar la estanqueidad en tuber\u00edas de agua y mangueras. Este accesorio de plomer\u00eda ofrece un cierre herm\u00e9tico, siendo esencial en sistemas de tuber\u00edas y accesorios de manguera para asegurar un flujo controlado y eficiente.<\/p>\n","protected":false},"excerpt":{"rendered":"<div class=\"sr-free\" data-cooltipz-dir=\"bottom-left\" aria-label=\"Click sentence to rephrase\">\n<p>Tap\u00f3n Macho Desag\u00fce Rival: Accesorio Robusto para Tuber\u00edas de Agua y Mangueras.<\/p>\n<\/div>\n<p>&nbsp;<\/p>\n","protected":false},"featured_media":3603,"comment_status":"open","ping_status":"closed","template":"","meta":{"_uag_custom_page_level_css":""},"product_cat":[165],"product_tag":[344,312,342,341,324,343,345],"jetpack_sharing_enabled":true,"uagb_featured_image_src":{"full":["https:\/\/centroferreterofarvel.com\/wp-content\/uploads\/2023\/09\/rival-2.png",1256,1282,false],"thumbnail":["https:\/\/centroferreterofarvel.com\/wp-content\/uploads\/2023\/09\/rival-2-150x150.png",150,150,true],"medium":["https:\/\/centroferreterofarvel.com\/wp-content\/uploads\/2023\/09\/rival-2-294x300.png",294,300,true],"medium_large":["https:\/\/centroferreterofarvel.com\/wp-content\/uploads\/2023\/09\/rival-2-768x784.png",768,784,true],"large":["https:\/\/centroferreterofarvel.com\/wp-content\/uploads\/2023\/09\/rival-2-1003x1024.png",1003,1024,true],"1536x1536":["https:\/\/centroferreterofarvel.com\/wp-content\/uploads\/2023\/09\/rival-2.png",1256,1282,false],"2048x2048":["https:\/\/centroferreterofarvel.com\/wp-content\/uploads\/2023\/09\/rival-2.png",1256,1282,false],"mailpoet_newsletter_max":["https:\/\/centroferreterofarvel.com\/wp-content\/uploads\/2023\/09\/rival-2.png",1256,1282,false],"woocommerce_thumbnail":["https:\/\/centroferreterofarvel.com\/wp-content\/uploads\/2023\/09\/rival-2-450x450.png",450,450,true],"woocommerce_single":["https:\/\/centroferreterofarvel.com\/wp-content\/uploads\/2023\/09\/rival-2-600x612.png",600,612,true],"woocommerce_gallery_thumbnail":["https:\/\/centroferreterofarvel.com\/wp-content\/uploads\/2023\/09\/rival-2-100x100.png",100,100,true]},"uagb_author_info":{"display_name":"centroferreterofarvel","author_link":"https:\/\/centroferreterofarvel.com\/index.php\/author\/"},"uagb_comment_info":0,"uagb_excerpt":"Tap\u00f3n Macho Desag\u00fce Rival: Accesorio Robusto para Tuber\u00edas de Agua y Mangueras. &nbsp;","_links":{"self":[{"href":"https:\/\/centroferreterofarvel.com\/index.php\/wp-json\/wp\/v2\/product\/2729"}],"collection":[{"href":"https:\/\/centroferreterofarvel.com\/index.php\/wp-json\/wp\/v2\/product"}],"about":[{"href":"https:\/\/centroferreterofarvel.com\/index.php\/wp-json\/wp\/v2\/types\/product"}],"replies":[{"embeddable":true,"href":"https:\/\/centroferreterofarvel.com\/index.php\/wp-json\/wp\/v2\/comments?post=2729"}],"version-history":[{"count":4,"href":"https:\/\/centroferreterofarvel.com\/index.php\/wp-json\/wp\/v2\/product\/2729\/revisions"}],"predecessor-version":[{"id":9854,"href":"https:\/\/centroferreterofarvel.com\/index.php\/wp-json\/wp\/v2\/product\/2729\/revisions\/9854"}],"wp:featuredmedia":[{"embeddable":true,"href":"https:\/\/centroferreterofarvel.com\/index.php\/wp-json\/wp\/v2\/media\/3603"}],"wp:attachment":[{"href":"https:\/\/centroferreterofarvel.com\/index.php\/wp-json\/wp\/v2\/media?parent=2729"}],"wp:term":[{"taxonomy":"product_cat","embeddable":true,"href":"https:\/\/centroferreterofarvel.com\/index.php\/wp-json\/wp\/v2\/product_cat?post=2729"},{"taxonomy":"product_tag","embeddable":true,"href":"https:\/\/centroferreterofarvel.com\/index.php\/wp-json\/wp\/v2\/product_tag?post=2729"}],"curies":[{"name":"wp","href":"https:\/\/api.w.org\/{rel}","templated":true}]}}