{"id":2753,"date":"2023-09-18T10:54:44","date_gmt":"2023-09-18T15:54:44","guid":{"rendered":"https:\/\/centroferreterofarvel.com\/?post_type=product&#038;p=2753"},"modified":"2024-04-09T11:37:09","modified_gmt":"2024-04-09T16:37:09","slug":"union-de-1-2-pastigama-0100855","status":"publish","type":"product","link":"https:\/\/centroferreterofarvel.com\/index.php\/producto\/union-de-1-2-pastigama-0100855\/","title":{"rendered":"UNI\u00d3N DE 1\/2 PASTIGAMA"},"content":{"rendered":"<p>Descubre la solidez y confiabilidad con nuestra uni\u00f3n roscada de 1\/2&#8243; Plastigama. Dise\u00f1ada para una conexi\u00f3n segura, esta pieza proporciona una uni\u00f3n resistente y duradera. La rosca de uni\u00f3n asegura una instalaci\u00f3n sencilla y eficiente, garantizando la integridad de tu sistema con precisi\u00f3n y calidad. La robustez del material PVC se combina con la facilidad de instalaci\u00f3n mediante rosca, ofreci\u00e9ndote una soluci\u00f3n fiable y eficiente.<\/p>\n","protected":false},"excerpt":{"rendered":"<p>Uni\u00f3n Roscada de 1\/2&#8243; Plastigama.<\/p>\n","protected":false},"featured_media":9431,"comment_status":"open","ping_status":"closed","template":"","meta":{"_uag_custom_page_level_css":""},"product_cat":[172],"product_tag":[352,353,354,355,356,357,350,351],"jetpack_sharing_enabled":true,"uagb_featured_image_src":{"full":["https:\/\/centroferreterofarvel.com\/wp-content\/uploads\/2023\/09\/UNION-DE-1-2-PASTIGAMA.png",1080,1350,false],"thumbnail":["https:\/\/centroferreterofarvel.com\/wp-content\/uploads\/2023\/09\/UNION-DE-1-2-PASTIGAMA-150x150.png",150,150,true],"medium":["https:\/\/centroferreterofarvel.com\/wp-content\/uploads\/2023\/09\/UNION-DE-1-2-PASTIGAMA-240x300.png",240,300,true],"medium_large":["https:\/\/centroferreterofarvel.com\/wp-content\/uploads\/2023\/09\/UNION-DE-1-2-PASTIGAMA-768x960.png",768,960,true],"large":["https:\/\/centroferreterofarvel.com\/wp-content\/uploads\/2023\/09\/UNION-DE-1-2-PASTIGAMA-819x1024.png",819,1024,true],"1536x1536":["https:\/\/centroferreterofarvel.com\/wp-content\/uploads\/2023\/09\/UNION-DE-1-2-PASTIGAMA.png",1080,1350,false],"2048x2048":["https:\/\/centroferreterofarvel.com\/wp-content\/uploads\/2023\/09\/UNION-DE-1-2-PASTIGAMA.png",1080,1350,false],"mailpoet_newsletter_max":["https:\/\/centroferreterofarvel.com\/wp-content\/uploads\/2023\/09\/UNION-DE-1-2-PASTIGAMA.png",1080,1350,false],"woocommerce_thumbnail":["https:\/\/centroferreterofarvel.com\/wp-content\/uploads\/2023\/09\/UNION-DE-1-2-PASTIGAMA-450x450.png",450,450,true],"woocommerce_single":["https:\/\/centroferreterofarvel.com\/wp-content\/uploads\/2023\/09\/UNION-DE-1-2-PASTIGAMA-600x750.png",600,750,true],"woocommerce_gallery_thumbnail":["https:\/\/centroferreterofarvel.com\/wp-content\/uploads\/2023\/09\/UNION-DE-1-2-PASTIGAMA-100x100.png",100,100,true]},"uagb_author_info":{"display_name":"centroferreterofarvel","author_link":"https:\/\/centroferreterofarvel.com\/index.php\/author\/"},"uagb_comment_info":0,"uagb_excerpt":"Uni\u00f3n Roscada de 1\/2\" Plastigama.","_links":{"self":[{"href":"https:\/\/centroferreterofarvel.com\/index.php\/wp-json\/wp\/v2\/product\/2753"}],"collection":[{"href":"https:\/\/centroferreterofarvel.com\/index.php\/wp-json\/wp\/v2\/product"}],"about":[{"href":"https:\/\/centroferreterofarvel.com\/index.php\/wp-json\/wp\/v2\/types\/product"}],"replies":[{"embeddable":true,"href":"https:\/\/centroferreterofarvel.com\/index.php\/wp-json\/wp\/v2\/comments?post=2753"}],"version-history":[{"count":3,"href":"https:\/\/centroferreterofarvel.com\/index.php\/wp-json\/wp\/v2\/product\/2753\/revisions"}],"predecessor-version":[{"id":9847,"href":"https:\/\/centroferreterofarvel.com\/index.php\/wp-json\/wp\/v2\/product\/2753\/revisions\/9847"}],"wp:featuredmedia":[{"embeddable":true,"href":"https:\/\/centroferreterofarvel.com\/index.php\/wp-json\/wp\/v2\/media\/9431"}],"wp:attachment":[{"href":"https:\/\/centroferreterofarvel.com\/index.php\/wp-json\/wp\/v2\/media?parent=2753"}],"wp:term":[{"taxonomy":"product_cat","embeddable":true,"href":"https:\/\/centroferreterofarvel.com\/index.php\/wp-json\/wp\/v2\/product_cat?post=2753"},{"taxonomy":"product_tag","embeddable":true,"href":"https:\/\/centroferreterofarvel.com\/index.php\/wp-json\/wp\/v2\/product_tag?post=2753"}],"curies":[{"name":"wp","href":"https:\/\/api.w.org\/{rel}","templated":true}]}}