{"id":2763,"date":"2023-09-18T11:16:20","date_gmt":"2023-09-18T16:16:20","guid":{"rendered":"https:\/\/centroferreterofarvel.com\/?post_type=product&#038;p=2763"},"modified":"2024-05-27T16:34:09","modified_gmt":"2024-05-27T21:34:09","slug":"tee-desague-rival","status":"publish","type":"product","link":"https:\/\/centroferreterofarvel.com\/index.php\/producto\/tee-desague-rival\/","title":{"rendered":"TEE DESAG\u00dcE RIVAL"},"content":{"rendered":"<p>Experimenta la excelencia en plomer\u00eda con nuestro Tee Desag\u00fce Rival. Este accesorio esencial est\u00e1 dise\u00f1ado para proporcionar una conexi\u00f3n s\u00f3lida y eficiente en tu sistema de tuber\u00edas. La marca Rival garantiza calidad y durabilidad, asegurando un rendimiento confiable a lo largo del tiempo. Conf\u00eda en nuestro Tee Desag\u00fce para mantener la integridad de tu red de plomer\u00eda.<\/p>\n","protected":false},"excerpt":{"rendered":"<p>Tee Desag\u00fce Rival: Excelencia en Plomer\u00eda para tu Sistema.<\/p>\n","protected":false},"featured_media":7358,"comment_status":"open","ping_status":"closed","template":"","meta":{"_uag_custom_page_level_css":""},"product_cat":[165],"product_tag":[381,383,379,324,380,382],"jetpack_sharing_enabled":true,"uagb_featured_image_src":{"full":["https:\/\/centroferreterofarvel.com\/wp-content\/uploads\/2023\/09\/TEE-DESAGUE-RIVAL.png",1080,1350,false],"thumbnail":["https:\/\/centroferreterofarvel.com\/wp-content\/uploads\/2023\/09\/TEE-DESAGUE-RIVAL-150x150.png",150,150,true],"medium":["https:\/\/centroferreterofarvel.com\/wp-content\/uploads\/2023\/09\/TEE-DESAGUE-RIVAL-240x300.png",240,300,true],"medium_large":["https:\/\/centroferreterofarvel.com\/wp-content\/uploads\/2023\/09\/TEE-DESAGUE-RIVAL-768x960.png",768,960,true],"large":["https:\/\/centroferreterofarvel.com\/wp-content\/uploads\/2023\/09\/TEE-DESAGUE-RIVAL-819x1024.png",819,1024,true],"1536x1536":["https:\/\/centroferreterofarvel.com\/wp-content\/uploads\/2023\/09\/TEE-DESAGUE-RIVAL.png",1080,1350,false],"2048x2048":["https:\/\/centroferreterofarvel.com\/wp-content\/uploads\/2023\/09\/TEE-DESAGUE-RIVAL.png",1080,1350,false],"mailpoet_newsletter_max":["https:\/\/centroferreterofarvel.com\/wp-content\/uploads\/2023\/09\/TEE-DESAGUE-RIVAL.png",1080,1350,false],"woocommerce_thumbnail":["https:\/\/centroferreterofarvel.com\/wp-content\/uploads\/2023\/09\/TEE-DESAGUE-RIVAL-450x450.png",450,450,true],"woocommerce_single":["https:\/\/centroferreterofarvel.com\/wp-content\/uploads\/2023\/09\/TEE-DESAGUE-RIVAL-600x750.png",600,750,true],"woocommerce_gallery_thumbnail":["https:\/\/centroferreterofarvel.com\/wp-content\/uploads\/2023\/09\/TEE-DESAGUE-RIVAL-100x100.png",100,100,true]},"uagb_author_info":{"display_name":"centroferreterofarvel","author_link":"https:\/\/centroferreterofarvel.com\/index.php\/author\/"},"uagb_comment_info":0,"uagb_excerpt":"Tee Desag\u00fce Rival: Excelencia en Plomer\u00eda para tu Sistema.","_links":{"self":[{"href":"https:\/\/centroferreterofarvel.com\/index.php\/wp-json\/wp\/v2\/product\/2763"}],"collection":[{"href":"https:\/\/centroferreterofarvel.com\/index.php\/wp-json\/wp\/v2\/product"}],"about":[{"href":"https:\/\/centroferreterofarvel.com\/index.php\/wp-json\/wp\/v2\/types\/product"}],"replies":[{"embeddable":true,"href":"https:\/\/centroferreterofarvel.com\/index.php\/wp-json\/wp\/v2\/comments?post=2763"}],"version-history":[{"count":2,"href":"https:\/\/centroferreterofarvel.com\/index.php\/wp-json\/wp\/v2\/product\/2763\/revisions"}],"predecessor-version":[{"id":9509,"href":"https:\/\/centroferreterofarvel.com\/index.php\/wp-json\/wp\/v2\/product\/2763\/revisions\/9509"}],"wp:featuredmedia":[{"embeddable":true,"href":"https:\/\/centroferreterofarvel.com\/index.php\/wp-json\/wp\/v2\/media\/7358"}],"wp:attachment":[{"href":"https:\/\/centroferreterofarvel.com\/index.php\/wp-json\/wp\/v2\/media?parent=2763"}],"wp:term":[{"taxonomy":"product_cat","embeddable":true,"href":"https:\/\/centroferreterofarvel.com\/index.php\/wp-json\/wp\/v2\/product_cat?post=2763"},{"taxonomy":"product_tag","embeddable":true,"href":"https:\/\/centroferreterofarvel.com\/index.php\/wp-json\/wp\/v2\/product_tag?post=2763"}],"curies":[{"name":"wp","href":"https:\/\/api.w.org\/{rel}","templated":true}]}}