{"id":2776,"date":"2023-09-18T11:28:18","date_gmt":"2023-09-18T16:28:18","guid":{"rendered":"https:\/\/centroferreterofarvel.com\/?post_type=product&#038;p=2776"},"modified":"2024-09-13T15:00:22","modified_gmt":"2024-09-13T20:00:22","slug":"union-dresser-1-2-damplas-a-c-0100287","status":"publish","type":"product","link":"https:\/\/centroferreterofarvel.com\/index.php\/producto\/union-dresser-1-2-damplas-a-c-0100287\/","title":{"rendered":"UNI\u00d3N  DRESSER 1\/2 DAMPLAS A\/C"},"content":{"rendered":"<p>Optimiza la eficiencia en tu sistema de plomer\u00eda con nuestra Uni\u00f3n Dresser 1\/2 Damplas A\/C. Este accesorio clave ofrece una conexi\u00f3n fiable, gracias a la combinaci\u00f3n de la marca Dresser y la tecnolog\u00eda Damplas. Dise\u00f1ado para una uni\u00f3n segura en tuber\u00edas, este componente asegura la integridad de tu sistema con eficiencia y durabilidad.<\/p>\n","protected":false},"excerpt":{"rendered":"<p>Eficiencia en Plomer\u00eda: Uni\u00f3n Dresser 1\/2 Damplas A\/C.<\/p>\n","protected":false},"featured_media":3596,"comment_status":"open","ping_status":"closed","template":"","meta":{"_uag_custom_page_level_css":""},"product_cat":[172],"product_tag":[385,324,387,384,386],"jetpack_sharing_enabled":true,"uagb_featured_image_src":{"full":["https:\/\/centroferreterofarvel.com\/wp-content\/uploads\/2023\/09\/tubos-5.png",1114,955,false],"thumbnail":["https:\/\/centroferreterofarvel.com\/wp-content\/uploads\/2023\/09\/tubos-5-150x150.png",150,150,true],"medium":["https:\/\/centroferreterofarvel.com\/wp-content\/uploads\/2023\/09\/tubos-5-300x257.png",300,257,true],"medium_large":["https:\/\/centroferreterofarvel.com\/wp-content\/uploads\/2023\/09\/tubos-5-768x658.png",768,658,true],"large":["https:\/\/centroferreterofarvel.com\/wp-content\/uploads\/2023\/09\/tubos-5-1024x878.png",1024,878,true],"1536x1536":["https:\/\/centroferreterofarvel.com\/wp-content\/uploads\/2023\/09\/tubos-5.png",1114,955,false],"2048x2048":["https:\/\/centroferreterofarvel.com\/wp-content\/uploads\/2023\/09\/tubos-5.png",1114,955,false],"mailpoet_newsletter_max":["https:\/\/centroferreterofarvel.com\/wp-content\/uploads\/2023\/09\/tubos-5.png",1114,955,false],"woocommerce_thumbnail":["https:\/\/centroferreterofarvel.com\/wp-content\/uploads\/2023\/09\/tubos-5-450x450.png",450,450,true],"woocommerce_single":["https:\/\/centroferreterofarvel.com\/wp-content\/uploads\/2023\/09\/tubos-5-600x514.png",600,514,true],"woocommerce_gallery_thumbnail":["https:\/\/centroferreterofarvel.com\/wp-content\/uploads\/2023\/09\/tubos-5-100x100.png",100,100,true]},"uagb_author_info":{"display_name":"centroferreterofarvel","author_link":"https:\/\/centroferreterofarvel.com\/index.php\/author\/"},"uagb_comment_info":0,"uagb_excerpt":"Eficiencia en Plomer\u00eda: Uni\u00f3n Dresser 1\/2 Damplas A\/C.","_links":{"self":[{"href":"https:\/\/centroferreterofarvel.com\/index.php\/wp-json\/wp\/v2\/product\/2776"}],"collection":[{"href":"https:\/\/centroferreterofarvel.com\/index.php\/wp-json\/wp\/v2\/product"}],"about":[{"href":"https:\/\/centroferreterofarvel.com\/index.php\/wp-json\/wp\/v2\/types\/product"}],"replies":[{"embeddable":true,"href":"https:\/\/centroferreterofarvel.com\/index.php\/wp-json\/wp\/v2\/comments?post=2776"}],"version-history":[{"count":2,"href":"https:\/\/centroferreterofarvel.com\/index.php\/wp-json\/wp\/v2\/product\/2776\/revisions"}],"predecessor-version":[{"id":9851,"href":"https:\/\/centroferreterofarvel.com\/index.php\/wp-json\/wp\/v2\/product\/2776\/revisions\/9851"}],"wp:featuredmedia":[{"embeddable":true,"href":"https:\/\/centroferreterofarvel.com\/index.php\/wp-json\/wp\/v2\/media\/3596"}],"wp:attachment":[{"href":"https:\/\/centroferreterofarvel.com\/index.php\/wp-json\/wp\/v2\/media?parent=2776"}],"wp:term":[{"taxonomy":"product_cat","embeddable":true,"href":"https:\/\/centroferreterofarvel.com\/index.php\/wp-json\/wp\/v2\/product_cat?post=2776"},{"taxonomy":"product_tag","embeddable":true,"href":"https:\/\/centroferreterofarvel.com\/index.php\/wp-json\/wp\/v2\/product_tag?post=2776"}],"curies":[{"name":"wp","href":"https:\/\/api.w.org\/{rel}","templated":true}]}}