{"id":2789,"date":"2023-09-18T12:07:16","date_gmt":"2023-09-18T17:07:16","guid":{"rendered":"https:\/\/centroferreterofarvel.com\/?post_type=product&#038;p=2789"},"modified":"2024-05-21T16:15:19","modified_gmt":"2024-05-21T21:15:19","slug":"tee-1-2-rival-ac-0100282","status":"publish","type":"product","link":"https:\/\/centroferreterofarvel.com\/index.php\/producto\/tee-1-2-rival-ac-0100282\/","title":{"rendered":"TEE 1\/2 RIVAL AC"},"content":{"rendered":"<p>Conf\u00eda en la soluci\u00f3n confiable de Rival con nuestro Rival \u00bd Tee AC. Este accesorio es esencial para tus proyectos de fontaner\u00eda y plomer\u00eda, proporcionando una conexi\u00f3n segura y eficiente en tuber\u00edas de medio pulgada. La calidad de Rival garantiza un rendimiento duradero y confiable en tu sistema.<\/p>\n","protected":false},"excerpt":{"rendered":"<p>Rival \u00bd Tee AC: Soluci\u00f3n Confiable para Fontaner\u00eda y Plomer\u00eda.<\/p>\n<p>&nbsp;<\/p>\n","protected":false},"featured_media":3549,"comment_status":"open","ping_status":"closed","template":"","meta":{"_uag_custom_page_level_css":""},"product_cat":[172],"product_tag":[383,324,411,408,410,409],"jetpack_sharing_enabled":true,"uagb_featured_image_src":{"full":["https:\/\/centroferreterofarvel.com\/wp-content\/uploads\/2023\/09\/tubo-9.png",1155,1040,false],"thumbnail":["https:\/\/centroferreterofarvel.com\/wp-content\/uploads\/2023\/09\/tubo-9-150x150.png",150,150,true],"medium":["https:\/\/centroferreterofarvel.com\/wp-content\/uploads\/2023\/09\/tubo-9-300x270.png",300,270,true],"medium_large":["https:\/\/centroferreterofarvel.com\/wp-content\/uploads\/2023\/09\/tubo-9-768x692.png",768,692,true],"large":["https:\/\/centroferreterofarvel.com\/wp-content\/uploads\/2023\/09\/tubo-9-1024x922.png",1024,922,true],"1536x1536":["https:\/\/centroferreterofarvel.com\/wp-content\/uploads\/2023\/09\/tubo-9.png",1155,1040,false],"2048x2048":["https:\/\/centroferreterofarvel.com\/wp-content\/uploads\/2023\/09\/tubo-9.png",1155,1040,false],"mailpoet_newsletter_max":["https:\/\/centroferreterofarvel.com\/wp-content\/uploads\/2023\/09\/tubo-9.png",1155,1040,false],"woocommerce_thumbnail":["https:\/\/centroferreterofarvel.com\/wp-content\/uploads\/2023\/09\/tubo-9-450x450.png",450,450,true],"woocommerce_single":["https:\/\/centroferreterofarvel.com\/wp-content\/uploads\/2023\/09\/tubo-9-600x540.png",600,540,true],"woocommerce_gallery_thumbnail":["https:\/\/centroferreterofarvel.com\/wp-content\/uploads\/2023\/09\/tubo-9-100x100.png",100,100,true]},"uagb_author_info":{"display_name":"centroferreterofarvel","author_link":"https:\/\/centroferreterofarvel.com\/index.php\/author\/"},"uagb_comment_info":0,"uagb_excerpt":"Rival \u00bd Tee AC: Soluci\u00f3n Confiable para Fontaner\u00eda y Plomer\u00eda. &nbsp;","_links":{"self":[{"href":"https:\/\/centroferreterofarvel.com\/index.php\/wp-json\/wp\/v2\/product\/2789"}],"collection":[{"href":"https:\/\/centroferreterofarvel.com\/index.php\/wp-json\/wp\/v2\/product"}],"about":[{"href":"https:\/\/centroferreterofarvel.com\/index.php\/wp-json\/wp\/v2\/types\/product"}],"replies":[{"embeddable":true,"href":"https:\/\/centroferreterofarvel.com\/index.php\/wp-json\/wp\/v2\/comments?post=2789"}],"version-history":[{"count":1,"href":"https:\/\/centroferreterofarvel.com\/index.php\/wp-json\/wp\/v2\/product\/2789\/revisions"}],"predecessor-version":[{"id":9489,"href":"https:\/\/centroferreterofarvel.com\/index.php\/wp-json\/wp\/v2\/product\/2789\/revisions\/9489"}],"wp:featuredmedia":[{"embeddable":true,"href":"https:\/\/centroferreterofarvel.com\/index.php\/wp-json\/wp\/v2\/media\/3549"}],"wp:attachment":[{"href":"https:\/\/centroferreterofarvel.com\/index.php\/wp-json\/wp\/v2\/media?parent=2789"}],"wp:term":[{"taxonomy":"product_cat","embeddable":true,"href":"https:\/\/centroferreterofarvel.com\/index.php\/wp-json\/wp\/v2\/product_cat?post=2789"},{"taxonomy":"product_tag","embeddable":true,"href":"https:\/\/centroferreterofarvel.com\/index.php\/wp-json\/wp\/v2\/product_tag?post=2789"}],"curies":[{"name":"wp","href":"https:\/\/api.w.org\/{rel}","templated":true}]}}