{"id":2886,"date":"2023-09-18T15:22:44","date_gmt":"2023-09-18T20:22:44","guid":{"rendered":"https:\/\/centroferreterofarvel.com\/?post_type=product&#038;p=2886"},"modified":"2024-04-04T15:29:25","modified_gmt":"2024-04-04T20:29:25","slug":"tapon-hembra-1-2-rival-ac0100280","status":"publish","type":"product","link":"https:\/\/centroferreterofarvel.com\/index.php\/producto\/tapon-hembra-1-2-rival-ac0100280\/","title":{"rendered":"TAP\u00d3N  HEMBRA 1\/2 RIVAL AC"},"content":{"rendered":"<p>Dale impulso a tus instalaciones con el Tapon Rival \u00bd Hembra, la elecci\u00f3n confiable para aplicaciones en fontaner\u00eda y construcci\u00f3n. Con un dise\u00f1o resistente, este tapon de medio pulgada se adapta perfectamente a sistemas RIVAL, asegurando un cierre herm\u00e9tico para resultados excepcionales en cada proyecto.<\/p>\n","protected":false},"excerpt":{"rendered":"<p>Potencia tus Proyectos: Tapon Rival \u00bd Hembra para Fontaner\u00eda y Construcci\u00f3n de Calidad.<\/p>\n<p>&nbsp;<\/p>\n","protected":false},"featured_media":3588,"comment_status":"open","ping_status":"closed","template":"","meta":{"_uag_custom_page_level_css":""},"product_cat":[172],"product_tag":[455,318,383,453,454],"jetpack_sharing_enabled":true,"uagb_featured_image_src":{"full":["https:\/\/centroferreterofarvel.com\/wp-content\/uploads\/2023\/09\/tubo-pequeno.png",1200,1240,false],"thumbnail":["https:\/\/centroferreterofarvel.com\/wp-content\/uploads\/2023\/09\/tubo-pequeno-150x150.png",150,150,true],"medium":["https:\/\/centroferreterofarvel.com\/wp-content\/uploads\/2023\/09\/tubo-pequeno-290x300.png",290,300,true],"medium_large":["https:\/\/centroferreterofarvel.com\/wp-content\/uploads\/2023\/09\/tubo-pequeno-768x794.png",768,794,true],"large":["https:\/\/centroferreterofarvel.com\/wp-content\/uploads\/2023\/09\/tubo-pequeno-991x1024.png",991,1024,true],"1536x1536":["https:\/\/centroferreterofarvel.com\/wp-content\/uploads\/2023\/09\/tubo-pequeno.png",1200,1240,false],"2048x2048":["https:\/\/centroferreterofarvel.com\/wp-content\/uploads\/2023\/09\/tubo-pequeno.png",1200,1240,false],"mailpoet_newsletter_max":["https:\/\/centroferreterofarvel.com\/wp-content\/uploads\/2023\/09\/tubo-pequeno.png",1200,1240,false],"woocommerce_thumbnail":["https:\/\/centroferreterofarvel.com\/wp-content\/uploads\/2023\/09\/tubo-pequeno-450x450.png",450,450,true],"woocommerce_single":["https:\/\/centroferreterofarvel.com\/wp-content\/uploads\/2023\/09\/tubo-pequeno-600x620.png",600,620,true],"woocommerce_gallery_thumbnail":["https:\/\/centroferreterofarvel.com\/wp-content\/uploads\/2023\/09\/tubo-pequeno-100x100.png",100,100,true]},"uagb_author_info":{"display_name":"centroferreterofarvel","author_link":"https:\/\/centroferreterofarvel.com\/index.php\/author\/"},"uagb_comment_info":0,"uagb_excerpt":"Potencia tus Proyectos: Tapon Rival \u00bd Hembra para Fontaner\u00eda y Construcci\u00f3n de Calidad. &nbsp;","_links":{"self":[{"href":"https:\/\/centroferreterofarvel.com\/index.php\/wp-json\/wp\/v2\/product\/2886"}],"collection":[{"href":"https:\/\/centroferreterofarvel.com\/index.php\/wp-json\/wp\/v2\/product"}],"about":[{"href":"https:\/\/centroferreterofarvel.com\/index.php\/wp-json\/wp\/v2\/types\/product"}],"replies":[{"embeddable":true,"href":"https:\/\/centroferreterofarvel.com\/index.php\/wp-json\/wp\/v2\/comments?post=2886"}],"version-history":[{"count":3,"href":"https:\/\/centroferreterofarvel.com\/index.php\/wp-json\/wp\/v2\/product\/2886\/revisions"}],"predecessor-version":[{"id":9860,"href":"https:\/\/centroferreterofarvel.com\/index.php\/wp-json\/wp\/v2\/product\/2886\/revisions\/9860"}],"wp:featuredmedia":[{"embeddable":true,"href":"https:\/\/centroferreterofarvel.com\/index.php\/wp-json\/wp\/v2\/media\/3588"}],"wp:attachment":[{"href":"https:\/\/centroferreterofarvel.com\/index.php\/wp-json\/wp\/v2\/media?parent=2886"}],"wp:term":[{"taxonomy":"product_cat","embeddable":true,"href":"https:\/\/centroferreterofarvel.com\/index.php\/wp-json\/wp\/v2\/product_cat?post=2886"},{"taxonomy":"product_tag","embeddable":true,"href":"https:\/\/centroferreterofarvel.com\/index.php\/wp-json\/wp\/v2\/product_tag?post=2886"}],"curies":[{"name":"wp","href":"https:\/\/api.w.org\/{rel}","templated":true}]}}