{"id":2927,"date":"2023-09-21T09:22:36","date_gmt":"2023-09-21T14:22:36","guid":{"rendered":"https:\/\/centroferreterofarvel.com\/?post_type=product&#038;p=2927"},"modified":"2024-04-09T12:54:48","modified_gmt":"2024-04-09T17:54:48","slug":"conjunto-desague-e246-09-01-1-1-2bl-fv0100372","status":"publish","type":"product","link":"https:\/\/centroferreterofarvel.com\/index.php\/producto\/conjunto-desague-e246-09-01-1-1-2bl-fv0100372\/","title":{"rendered":"CONJUNTO DESAG\u00dcE E246.09.01 1 1\/2BL FV"},"content":{"rendered":"<p>Optimiza tu sistema de plomer\u00eda con el Conjunto de Desag\u00fce 1 1\/2 BL de FV. Este conjunto de accesorios de plomer\u00eda es esencial para mantener un sistema eficiente en tu hogar o edificio. Dise\u00f1ado para fontaneros y profesionales de la construcci\u00f3n, ofrece durabilidad y rendimiento \u00f3ptimo.<\/p>\n","protected":false},"excerpt":{"rendered":"<p>Conjunto de Desag\u00fce 1 1\/2 BL FV: Eficiencia Plomera.<\/p>\n","protected":false},"featured_media":6963,"comment_status":"open","ping_status":"closed","template":"","meta":{"_uag_custom_page_level_css":""},"product_cat":[178],"product_tag":[313,318,331,322,494,495,324,315],"jetpack_sharing_enabled":true,"uagb_featured_image_src":{"full":["https:\/\/centroferreterofarvel.com\/wp-content\/uploads\/2023\/09\/CONJUNTO-DESAGUE-E246.09.01-1-12BL-FV.png",1417,1890,false],"thumbnail":["https:\/\/centroferreterofarvel.com\/wp-content\/uploads\/2023\/09\/CONJUNTO-DESAGUE-E246.09.01-1-12BL-FV-150x150.png",150,150,true],"medium":["https:\/\/centroferreterofarvel.com\/wp-content\/uploads\/2023\/09\/CONJUNTO-DESAGUE-E246.09.01-1-12BL-FV-225x300.png",225,300,true],"medium_large":["https:\/\/centroferreterofarvel.com\/wp-content\/uploads\/2023\/09\/CONJUNTO-DESAGUE-E246.09.01-1-12BL-FV-768x1024.png",768,1024,true],"large":["https:\/\/centroferreterofarvel.com\/wp-content\/uploads\/2023\/09\/CONJUNTO-DESAGUE-E246.09.01-1-12BL-FV-768x1024.png",768,1024,true],"1536x1536":["https:\/\/centroferreterofarvel.com\/wp-content\/uploads\/2023\/09\/CONJUNTO-DESAGUE-E246.09.01-1-12BL-FV-1152x1536.png",1152,1536,true],"2048x2048":["https:\/\/centroferreterofarvel.com\/wp-content\/uploads\/2023\/09\/CONJUNTO-DESAGUE-E246.09.01-1-12BL-FV.png",1417,1890,false],"mailpoet_newsletter_max":["https:\/\/centroferreterofarvel.com\/wp-content\/uploads\/2023\/09\/CONJUNTO-DESAGUE-E246.09.01-1-12BL-FV-1320x1761.png",1320,1761,true],"woocommerce_thumbnail":["https:\/\/centroferreterofarvel.com\/wp-content\/uploads\/2023\/09\/CONJUNTO-DESAGUE-E246.09.01-1-12BL-FV-450x450.png",450,450,true],"woocommerce_single":["https:\/\/centroferreterofarvel.com\/wp-content\/uploads\/2023\/09\/CONJUNTO-DESAGUE-E246.09.01-1-12BL-FV-600x800.png",600,800,true],"woocommerce_gallery_thumbnail":["https:\/\/centroferreterofarvel.com\/wp-content\/uploads\/2023\/09\/CONJUNTO-DESAGUE-E246.09.01-1-12BL-FV-100x100.png",100,100,true]},"uagb_author_info":{"display_name":"centroferreterofarvel","author_link":"https:\/\/centroferreterofarvel.com\/index.php\/author\/"},"uagb_comment_info":0,"uagb_excerpt":"Conjunto de Desag\u00fce 1 1\/2 BL FV: Eficiencia Plomera.","_links":{"self":[{"href":"https:\/\/centroferreterofarvel.com\/index.php\/wp-json\/wp\/v2\/product\/2927"}],"collection":[{"href":"https:\/\/centroferreterofarvel.com\/index.php\/wp-json\/wp\/v2\/product"}],"about":[{"href":"https:\/\/centroferreterofarvel.com\/index.php\/wp-json\/wp\/v2\/types\/product"}],"replies":[{"embeddable":true,"href":"https:\/\/centroferreterofarvel.com\/index.php\/wp-json\/wp\/v2\/comments?post=2927"}],"version-history":[{"count":2,"href":"https:\/\/centroferreterofarvel.com\/index.php\/wp-json\/wp\/v2\/product\/2927\/revisions"}],"predecessor-version":[{"id":9857,"href":"https:\/\/centroferreterofarvel.com\/index.php\/wp-json\/wp\/v2\/product\/2927\/revisions\/9857"}],"wp:featuredmedia":[{"embeddable":true,"href":"https:\/\/centroferreterofarvel.com\/index.php\/wp-json\/wp\/v2\/media\/6963"}],"wp:attachment":[{"href":"https:\/\/centroferreterofarvel.com\/index.php\/wp-json\/wp\/v2\/media?parent=2927"}],"wp:term":[{"taxonomy":"product_cat","embeddable":true,"href":"https:\/\/centroferreterofarvel.com\/index.php\/wp-json\/wp\/v2\/product_cat?post=2927"},{"taxonomy":"product_tag","embeddable":true,"href":"https:\/\/centroferreterofarvel.com\/index.php\/wp-json\/wp\/v2\/product_tag?post=2927"}],"curies":[{"name":"wp","href":"https:\/\/api.w.org\/{rel}","templated":true}]}}