{"id":2929,"date":"2023-09-21T09:47:49","date_gmt":"2023-09-21T14:47:49","guid":{"rendered":"https:\/\/centroferreterofarvel.com\/?post_type=product&#038;p=2929"},"modified":"2024-09-05T15:31:30","modified_gmt":"2024-09-05T20:31:30","slug":"valvula-esferica-1-2-cromada-fv-0655-10-13-0100371","status":"publish","type":"product","link":"https:\/\/centroferreterofarvel.com\/index.php\/producto\/valvula-esferica-1-2-cromada-fv-0655-10-13-0100371\/","title":{"rendered":"V\u00c1LVULA ESF\u00c9RICA 1\/2 CROMADA FV"},"content":{"rendered":"<p>Logra un control preciso del flujo de agua con la V\u00e1lvula Esf\u00e9rica 1\/2 Cromada FV. Esta v\u00e1lvula no solo garantiza un rendimiento confiable, sino que tambi\u00e9n agrega un toque de estilo cromado a tus accesorios de plomer\u00eda. Con un dise\u00f1o estilizado y un acabado cromado brillante, esta v\u00e1lvula es esencial para aquellos que buscan combinar funcionalidad y est\u00e9tica en sus proyectos de construcci\u00f3n.<\/p>\n","protected":false},"excerpt":{"rendered":"<p>Control Preciso con la V\u00e1lvula Esf\u00e9rica 1\/2 Cromada FV: Elegancia en Plomer\u00eda.<\/p>\n","protected":false},"featured_media":9423,"comment_status":"open","ping_status":"closed","template":"","meta":{"_uag_custom_page_level_css":""},"product_cat":[170],"product_tag":[313,312,318,322,324,513,315,511,512,321],"jetpack_sharing_enabled":true,"uagb_featured_image_src":{"full":["https:\/\/centroferreterofarvel.com\/wp-content\/uploads\/2023\/09\/VALVULA-ESFERICA-1-2-CROMADA-FV.png",1080,1350,false],"thumbnail":["https:\/\/centroferreterofarvel.com\/wp-content\/uploads\/2023\/09\/VALVULA-ESFERICA-1-2-CROMADA-FV-150x150.png",150,150,true],"medium":["https:\/\/centroferreterofarvel.com\/wp-content\/uploads\/2023\/09\/VALVULA-ESFERICA-1-2-CROMADA-FV-240x300.png",240,300,true],"medium_large":["https:\/\/centroferreterofarvel.com\/wp-content\/uploads\/2023\/09\/VALVULA-ESFERICA-1-2-CROMADA-FV-768x960.png",768,960,true],"large":["https:\/\/centroferreterofarvel.com\/wp-content\/uploads\/2023\/09\/VALVULA-ESFERICA-1-2-CROMADA-FV-819x1024.png",819,1024,true],"1536x1536":["https:\/\/centroferreterofarvel.com\/wp-content\/uploads\/2023\/09\/VALVULA-ESFERICA-1-2-CROMADA-FV.png",1080,1350,false],"2048x2048":["https:\/\/centroferreterofarvel.com\/wp-content\/uploads\/2023\/09\/VALVULA-ESFERICA-1-2-CROMADA-FV.png",1080,1350,false],"mailpoet_newsletter_max":["https:\/\/centroferreterofarvel.com\/wp-content\/uploads\/2023\/09\/VALVULA-ESFERICA-1-2-CROMADA-FV.png",1080,1350,false],"woocommerce_thumbnail":["https:\/\/centroferreterofarvel.com\/wp-content\/uploads\/2023\/09\/VALVULA-ESFERICA-1-2-CROMADA-FV-450x450.png",450,450,true],"woocommerce_single":["https:\/\/centroferreterofarvel.com\/wp-content\/uploads\/2023\/09\/VALVULA-ESFERICA-1-2-CROMADA-FV-600x750.png",600,750,true],"woocommerce_gallery_thumbnail":["https:\/\/centroferreterofarvel.com\/wp-content\/uploads\/2023\/09\/VALVULA-ESFERICA-1-2-CROMADA-FV-100x100.png",100,100,true]},"uagb_author_info":{"display_name":"centroferreterofarvel","author_link":"https:\/\/centroferreterofarvel.com\/index.php\/author\/"},"uagb_comment_info":0,"uagb_excerpt":"Control Preciso con la V\u00e1lvula Esf\u00e9rica 1\/2 Cromada FV: Elegancia en Plomer\u00eda.","_links":{"self":[{"href":"https:\/\/centroferreterofarvel.com\/index.php\/wp-json\/wp\/v2\/product\/2929"}],"collection":[{"href":"https:\/\/centroferreterofarvel.com\/index.php\/wp-json\/wp\/v2\/product"}],"about":[{"href":"https:\/\/centroferreterofarvel.com\/index.php\/wp-json\/wp\/v2\/types\/product"}],"replies":[{"embeddable":true,"href":"https:\/\/centroferreterofarvel.com\/index.php\/wp-json\/wp\/v2\/comments?post=2929"}],"version-history":[{"count":3,"href":"https:\/\/centroferreterofarvel.com\/index.php\/wp-json\/wp\/v2\/product\/2929\/revisions"}],"predecessor-version":[{"id":11342,"href":"https:\/\/centroferreterofarvel.com\/index.php\/wp-json\/wp\/v2\/product\/2929\/revisions\/11342"}],"wp:featuredmedia":[{"embeddable":true,"href":"https:\/\/centroferreterofarvel.com\/index.php\/wp-json\/wp\/v2\/media\/9423"}],"wp:attachment":[{"href":"https:\/\/centroferreterofarvel.com\/index.php\/wp-json\/wp\/v2\/media?parent=2929"}],"wp:term":[{"taxonomy":"product_cat","embeddable":true,"href":"https:\/\/centroferreterofarvel.com\/index.php\/wp-json\/wp\/v2\/product_cat?post=2929"},{"taxonomy":"product_tag","embeddable":true,"href":"https:\/\/centroferreterofarvel.com\/index.php\/wp-json\/wp\/v2\/product_tag?post=2929"}],"curies":[{"name":"wp","href":"https:\/\/api.w.org\/{rel}","templated":true}]}}