{"id":2931,"date":"2023-09-21T09:58:12","date_gmt":"2023-09-21T14:58:12","guid":{"rendered":"https:\/\/centroferreterofarvel.com\/?post_type=product&#038;p=2931"},"modified":"2024-04-09T12:51:36","modified_gmt":"2024-04-09T17:51:36","slug":"manguera-inodoro-e275-02-20-0-116pa-fv-0100380","status":"publish","type":"product","link":"https:\/\/centroferreterofarvel.com\/index.php\/producto\/manguera-inodoro-e275-02-20-0-116pa-fv-0100380\/","title":{"rendered":"MANGUERA INODORO FV"},"content":{"rendered":"<p>Dise\u00f1ada para brindar una instalaci\u00f3n sencilla y duradera, esta manguera de abasto para inodoro es la elecci\u00f3n ideal para renovar tu ba\u00f1o. Con materiales de alta calidad y un dise\u00f1o que facilita las reparaciones, esta manguera ofrece la tranquilidad de un producto confiable. Olv\u00eddate de las preocupaciones y haz que tu inodoro funcione sin problemas. Dale a tu ba\u00f1o la atenci\u00f3n que se merece con nuestra manguera FV que combina funcionalidad y practicidad.<\/p>\n","protected":false},"excerpt":{"rendered":"<p>Manguera de Inodoro FV: Confianza en Cada Detalle para un Funcionamiento \u00d3ptimo.<\/p>\n","protected":false},"featured_media":9448,"comment_status":"open","ping_status":"closed","template":"","meta":{"_uag_custom_page_level_css":""},"product_cat":[166],"product_tag":[517,516,522,518,519,521,520,342,341],"jetpack_sharing_enabled":true,"uagb_featured_image_src":{"full":["https:\/\/centroferreterofarvel.com\/wp-content\/uploads\/2023\/09\/MANGUERA-INODORO-E275.02.20.0.116PA-FV-1.png",1080,1350,false],"thumbnail":["https:\/\/centroferreterofarvel.com\/wp-content\/uploads\/2023\/09\/MANGUERA-INODORO-E275.02.20.0.116PA-FV-1-150x150.png",150,150,true],"medium":["https:\/\/centroferreterofarvel.com\/wp-content\/uploads\/2023\/09\/MANGUERA-INODORO-E275.02.20.0.116PA-FV-1-240x300.png",240,300,true],"medium_large":["https:\/\/centroferreterofarvel.com\/wp-content\/uploads\/2023\/09\/MANGUERA-INODORO-E275.02.20.0.116PA-FV-1-768x960.png",768,960,true],"large":["https:\/\/centroferreterofarvel.com\/wp-content\/uploads\/2023\/09\/MANGUERA-INODORO-E275.02.20.0.116PA-FV-1-819x1024.png",819,1024,true],"1536x1536":["https:\/\/centroferreterofarvel.com\/wp-content\/uploads\/2023\/09\/MANGUERA-INODORO-E275.02.20.0.116PA-FV-1.png",1080,1350,false],"2048x2048":["https:\/\/centroferreterofarvel.com\/wp-content\/uploads\/2023\/09\/MANGUERA-INODORO-E275.02.20.0.116PA-FV-1.png",1080,1350,false],"mailpoet_newsletter_max":["https:\/\/centroferreterofarvel.com\/wp-content\/uploads\/2023\/09\/MANGUERA-INODORO-E275.02.20.0.116PA-FV-1.png",1080,1350,false],"woocommerce_thumbnail":["https:\/\/centroferreterofarvel.com\/wp-content\/uploads\/2023\/09\/MANGUERA-INODORO-E275.02.20.0.116PA-FV-1-450x450.png",450,450,true],"woocommerce_single":["https:\/\/centroferreterofarvel.com\/wp-content\/uploads\/2023\/09\/MANGUERA-INODORO-E275.02.20.0.116PA-FV-1-600x750.png",600,750,true],"woocommerce_gallery_thumbnail":["https:\/\/centroferreterofarvel.com\/wp-content\/uploads\/2023\/09\/MANGUERA-INODORO-E275.02.20.0.116PA-FV-1-100x100.png",100,100,true]},"uagb_author_info":{"display_name":"centroferreterofarvel","author_link":"https:\/\/centroferreterofarvel.com\/index.php\/author\/"},"uagb_comment_info":0,"uagb_excerpt":"Manguera de Inodoro FV: Confianza en Cada Detalle para un Funcionamiento \u00d3ptimo.","_links":{"self":[{"href":"https:\/\/centroferreterofarvel.com\/index.php\/wp-json\/wp\/v2\/product\/2931"}],"collection":[{"href":"https:\/\/centroferreterofarvel.com\/index.php\/wp-json\/wp\/v2\/product"}],"about":[{"href":"https:\/\/centroferreterofarvel.com\/index.php\/wp-json\/wp\/v2\/types\/product"}],"replies":[{"embeddable":true,"href":"https:\/\/centroferreterofarvel.com\/index.php\/wp-json\/wp\/v2\/comments?post=2931"}],"version-history":[{"count":3,"href":"https:\/\/centroferreterofarvel.com\/index.php\/wp-json\/wp\/v2\/product\/2931\/revisions"}],"predecessor-version":[{"id":9640,"href":"https:\/\/centroferreterofarvel.com\/index.php\/wp-json\/wp\/v2\/product\/2931\/revisions\/9640"}],"wp:featuredmedia":[{"embeddable":true,"href":"https:\/\/centroferreterofarvel.com\/index.php\/wp-json\/wp\/v2\/media\/9448"}],"wp:attachment":[{"href":"https:\/\/centroferreterofarvel.com\/index.php\/wp-json\/wp\/v2\/media?parent=2931"}],"wp:term":[{"taxonomy":"product_cat","embeddable":true,"href":"https:\/\/centroferreterofarvel.com\/index.php\/wp-json\/wp\/v2\/product_cat?post=2931"},{"taxonomy":"product_tag","embeddable":true,"href":"https:\/\/centroferreterofarvel.com\/index.php\/wp-json\/wp\/v2\/product_tag?post=2931"}],"curies":[{"name":"wp","href":"https:\/\/api.w.org\/{rel}","templated":true}]}}