{"id":2949,"date":"2023-09-21T10:50:09","date_gmt":"2023-09-21T15:50:09","guid":{"rendered":"https:\/\/centroferreterofarvel.com\/?post_type=product&#038;p=2949"},"modified":"2024-04-09T12:26:30","modified_gmt":"2024-04-09T17:26:30","slug":"desague-11-2-con-tapon-fv0100669","status":"publish","type":"product","link":"https:\/\/centroferreterofarvel.com\/index.php\/producto\/desague-11-2-con-tapon-fv0100669\/","title":{"rendered":"DESAG\u00dcE 11\/2  FV"},"content":{"rendered":"<p>Experimenta la innovaci\u00f3n en sistemas de desag\u00fce con nuestro Desag\u00fce 11\/2 FV. Con un dise\u00f1o cuidadosamente elaborado, esta soluci\u00f3n FV ofrece una conexi\u00f3n segura y confiable en proyectos de fontaner\u00eda, asegurando un flujo eficiente y sin problemas.<\/p>\n","protected":false},"excerpt":{"rendered":"<p>Innovaci\u00f3n en Fontaner\u00eda: Desag\u00fce 11\/2 FV para una Conexi\u00f3n Segura y Confiable.<\/p>\n","protected":false},"featured_media":6997,"comment_status":"open","ping_status":"closed","template":"","meta":{"_uag_custom_page_level_css":""},"product_cat":[22,178],"product_tag":[546,544,383,545,324],"jetpack_sharing_enabled":true,"uagb_featured_image_src":{"full":["https:\/\/centroferreterofarvel.com\/wp-content\/uploads\/2023\/09\/DESAGUE-112-FV.png",1417,1890,false],"thumbnail":["https:\/\/centroferreterofarvel.com\/wp-content\/uploads\/2023\/09\/DESAGUE-112-FV-150x150.png",150,150,true],"medium":["https:\/\/centroferreterofarvel.com\/wp-content\/uploads\/2023\/09\/DESAGUE-112-FV-225x300.png",225,300,true],"medium_large":["https:\/\/centroferreterofarvel.com\/wp-content\/uploads\/2023\/09\/DESAGUE-112-FV-768x1024.png",768,1024,true],"large":["https:\/\/centroferreterofarvel.com\/wp-content\/uploads\/2023\/09\/DESAGUE-112-FV-768x1024.png",768,1024,true],"1536x1536":["https:\/\/centroferreterofarvel.com\/wp-content\/uploads\/2023\/09\/DESAGUE-112-FV-1152x1536.png",1152,1536,true],"2048x2048":["https:\/\/centroferreterofarvel.com\/wp-content\/uploads\/2023\/09\/DESAGUE-112-FV.png",1417,1890,false],"mailpoet_newsletter_max":["https:\/\/centroferreterofarvel.com\/wp-content\/uploads\/2023\/09\/DESAGUE-112-FV-1320x1761.png",1320,1761,true],"woocommerce_thumbnail":["https:\/\/centroferreterofarvel.com\/wp-content\/uploads\/2023\/09\/DESAGUE-112-FV-450x450.png",450,450,true],"woocommerce_single":["https:\/\/centroferreterofarvel.com\/wp-content\/uploads\/2023\/09\/DESAGUE-112-FV-600x800.png",600,800,true],"woocommerce_gallery_thumbnail":["https:\/\/centroferreterofarvel.com\/wp-content\/uploads\/2023\/09\/DESAGUE-112-FV-100x100.png",100,100,true]},"uagb_author_info":{"display_name":"centroferreterofarvel","author_link":"https:\/\/centroferreterofarvel.com\/index.php\/author\/"},"uagb_comment_info":0,"uagb_excerpt":"Innovaci\u00f3n en Fontaner\u00eda: Desag\u00fce 11\/2 FV para una Conexi\u00f3n Segura y Confiable.","_links":{"self":[{"href":"https:\/\/centroferreterofarvel.com\/index.php\/wp-json\/wp\/v2\/product\/2949"}],"collection":[{"href":"https:\/\/centroferreterofarvel.com\/index.php\/wp-json\/wp\/v2\/product"}],"about":[{"href":"https:\/\/centroferreterofarvel.com\/index.php\/wp-json\/wp\/v2\/types\/product"}],"replies":[{"embeddable":true,"href":"https:\/\/centroferreterofarvel.com\/index.php\/wp-json\/wp\/v2\/comments?post=2949"}],"version-history":[{"count":3,"href":"https:\/\/centroferreterofarvel.com\/index.php\/wp-json\/wp\/v2\/product\/2949\/revisions"}],"predecessor-version":[{"id":9606,"href":"https:\/\/centroferreterofarvel.com\/index.php\/wp-json\/wp\/v2\/product\/2949\/revisions\/9606"}],"wp:featuredmedia":[{"embeddable":true,"href":"https:\/\/centroferreterofarvel.com\/index.php\/wp-json\/wp\/v2\/media\/6997"}],"wp:attachment":[{"href":"https:\/\/centroferreterofarvel.com\/index.php\/wp-json\/wp\/v2\/media?parent=2949"}],"wp:term":[{"taxonomy":"product_cat","embeddable":true,"href":"https:\/\/centroferreterofarvel.com\/index.php\/wp-json\/wp\/v2\/product_cat?post=2949"},{"taxonomy":"product_tag","embeddable":true,"href":"https:\/\/centroferreterofarvel.com\/index.php\/wp-json\/wp\/v2\/product_tag?post=2949"}],"curies":[{"name":"wp","href":"https:\/\/api.w.org\/{rel}","templated":true}]}}