{"id":2951,"date":"2023-09-21T10:56:07","date_gmt":"2023-09-21T15:56:07","guid":{"rendered":"https:\/\/centroferreterofarvel.com\/?post_type=product&#038;p=2951"},"modified":"2024-04-09T12:25:29","modified_gmt":"2024-04-09T17:25:29","slug":"manguera-lavabo-e269-20-0-1-2-p-a-16-fv0100379","status":"publish","type":"product","link":"https:\/\/centroferreterofarvel.com\/index.php\/producto\/manguera-lavabo-e269-20-0-1-2-p-a-16-fv0100379\/","title":{"rendered":"MANGUERA LAVABO FV"},"content":{"rendered":"<p>Optimiza tus instalaciones con la Manguera \u00bd para Lavabo E269.20.0.1\/2 P\/A 16 FV. Esta manguera, dise\u00f1ada para lavabos FV, asegura un rendimiento confiable en proyectos de fontaner\u00eda, brindando una conexi\u00f3n precisa y duradera.<\/p>\n<p>E269.20.0.1\/2 P\/A 16<\/p>\n","protected":false},"excerpt":{"rendered":"<p>Manguera \u00bd para Lavabo FV: Rendimiento Confiable en Proyectos de Fontaner\u00eda.<\/p>\n","protected":false},"featured_media":9447,"comment_status":"open","ping_status":"closed","template":"","meta":{"_uag_custom_page_level_css":""},"product_cat":[168],"product_tag":[383,538,540,539,324],"jetpack_sharing_enabled":true,"uagb_featured_image_src":{"full":["https:\/\/centroferreterofarvel.com\/wp-content\/uploads\/2023\/09\/MANGUERA-LAVABO-E269.20.0.1-2-P-A-16-FV.png",1080,1350,false],"thumbnail":["https:\/\/centroferreterofarvel.com\/wp-content\/uploads\/2023\/09\/MANGUERA-LAVABO-E269.20.0.1-2-P-A-16-FV-150x150.png",150,150,true],"medium":["https:\/\/centroferreterofarvel.com\/wp-content\/uploads\/2023\/09\/MANGUERA-LAVABO-E269.20.0.1-2-P-A-16-FV-240x300.png",240,300,true],"medium_large":["https:\/\/centroferreterofarvel.com\/wp-content\/uploads\/2023\/09\/MANGUERA-LAVABO-E269.20.0.1-2-P-A-16-FV-768x960.png",768,960,true],"large":["https:\/\/centroferreterofarvel.com\/wp-content\/uploads\/2023\/09\/MANGUERA-LAVABO-E269.20.0.1-2-P-A-16-FV-819x1024.png",819,1024,true],"1536x1536":["https:\/\/centroferreterofarvel.com\/wp-content\/uploads\/2023\/09\/MANGUERA-LAVABO-E269.20.0.1-2-P-A-16-FV.png",1080,1350,false],"2048x2048":["https:\/\/centroferreterofarvel.com\/wp-content\/uploads\/2023\/09\/MANGUERA-LAVABO-E269.20.0.1-2-P-A-16-FV.png",1080,1350,false],"mailpoet_newsletter_max":["https:\/\/centroferreterofarvel.com\/wp-content\/uploads\/2023\/09\/MANGUERA-LAVABO-E269.20.0.1-2-P-A-16-FV.png",1080,1350,false],"woocommerce_thumbnail":["https:\/\/centroferreterofarvel.com\/wp-content\/uploads\/2023\/09\/MANGUERA-LAVABO-E269.20.0.1-2-P-A-16-FV-450x450.png",450,450,true],"woocommerce_single":["https:\/\/centroferreterofarvel.com\/wp-content\/uploads\/2023\/09\/MANGUERA-LAVABO-E269.20.0.1-2-P-A-16-FV-600x750.png",600,750,true],"woocommerce_gallery_thumbnail":["https:\/\/centroferreterofarvel.com\/wp-content\/uploads\/2023\/09\/MANGUERA-LAVABO-E269.20.0.1-2-P-A-16-FV-100x100.png",100,100,true]},"uagb_author_info":{"display_name":"centroferreterofarvel","author_link":"https:\/\/centroferreterofarvel.com\/index.php\/author\/"},"uagb_comment_info":0,"uagb_excerpt":"Manguera \u00bd para Lavabo FV: Rendimiento Confiable en Proyectos de Fontaner\u00eda.","_links":{"self":[{"href":"https:\/\/centroferreterofarvel.com\/index.php\/wp-json\/wp\/v2\/product\/2951"}],"collection":[{"href":"https:\/\/centroferreterofarvel.com\/index.php\/wp-json\/wp\/v2\/product"}],"about":[{"href":"https:\/\/centroferreterofarvel.com\/index.php\/wp-json\/wp\/v2\/types\/product"}],"replies":[{"embeddable":true,"href":"https:\/\/centroferreterofarvel.com\/index.php\/wp-json\/wp\/v2\/comments?post=2951"}],"version-history":[{"count":3,"href":"https:\/\/centroferreterofarvel.com\/index.php\/wp-json\/wp\/v2\/product\/2951\/revisions"}],"predecessor-version":[{"id":9630,"href":"https:\/\/centroferreterofarvel.com\/index.php\/wp-json\/wp\/v2\/product\/2951\/revisions\/9630"}],"wp:featuredmedia":[{"embeddable":true,"href":"https:\/\/centroferreterofarvel.com\/index.php\/wp-json\/wp\/v2\/media\/9447"}],"wp:attachment":[{"href":"https:\/\/centroferreterofarvel.com\/index.php\/wp-json\/wp\/v2\/media?parent=2951"}],"wp:term":[{"taxonomy":"product_cat","embeddable":true,"href":"https:\/\/centroferreterofarvel.com\/index.php\/wp-json\/wp\/v2\/product_cat?post=2951"},{"taxonomy":"product_tag","embeddable":true,"href":"https:\/\/centroferreterofarvel.com\/index.php\/wp-json\/wp\/v2\/product_tag?post=2951"}],"curies":[{"name":"wp","href":"https:\/\/api.w.org\/{rel}","templated":true}]}}