{"id":2952,"date":"2023-09-21T10:58:01","date_gmt":"2023-09-21T15:58:01","guid":{"rendered":"https:\/\/centroferreterofarvel.com\/?post_type=product&#038;p=2952"},"modified":"2024-04-09T12:23:32","modified_gmt":"2024-04-09T17:23:32","slug":"sifon-flex-plastico-blanco-edesa0100624","status":"publish","type":"product","link":"https:\/\/centroferreterofarvel.com\/index.php\/producto\/sifon-flex-plastico-blanco-edesa0100624\/","title":{"rendered":"SIF\u00d3N FLEXIBLE BLANCO EDESA"},"content":{"rendered":"<p>Descubre la combinaci\u00f3n perfecta de elegancia y eficiencia con el Sif\u00f3n Blanco Edesa. Dise\u00f1ado para sistemas de desag\u00fce, este sif\u00f3n hidr\u00e1ulico blanco Edesa no solo asegura un desempe\u00f1o hidr\u00e1ulico \u00f3ptimo, sino que tambi\u00e9n a\u00f1ade un toque de sofisticaci\u00f3n a tus instalaciones de fontaner\u00eda.<\/p>\n","protected":false},"excerpt":{"rendered":"<p>Sif\u00f3n Blanco Edesa: Elegancia y Eficiencia en Sistemas de Desag\u00fce y Fontaner\u00eda.<\/p>\n","protected":false},"featured_media":3262,"comment_status":"open","ping_status":"closed","template":"","meta":{"_uag_custom_page_level_css":""},"product_cat":[178],"product_tag":[534,533,383,315],"jetpack_sharing_enabled":true,"uagb_featured_image_src":{"full":["https:\/\/centroferreterofarvel.com\/wp-content\/uploads\/2023\/09\/sifon-acorden-curvo.png",1202,1417,false],"thumbnail":["https:\/\/centroferreterofarvel.com\/wp-content\/uploads\/2023\/09\/sifon-acorden-curvo-150x150.png",150,150,true],"medium":["https:\/\/centroferreterofarvel.com\/wp-content\/uploads\/2023\/09\/sifon-acorden-curvo-254x300.png",254,300,true],"medium_large":["https:\/\/centroferreterofarvel.com\/wp-content\/uploads\/2023\/09\/sifon-acorden-curvo-768x905.png",768,905,true],"large":["https:\/\/centroferreterofarvel.com\/wp-content\/uploads\/2023\/09\/sifon-acorden-curvo-869x1024.png",869,1024,true],"1536x1536":["https:\/\/centroferreterofarvel.com\/wp-content\/uploads\/2023\/09\/sifon-acorden-curvo.png",1202,1417,false],"2048x2048":["https:\/\/centroferreterofarvel.com\/wp-content\/uploads\/2023\/09\/sifon-acorden-curvo.png",1202,1417,false],"mailpoet_newsletter_max":["https:\/\/centroferreterofarvel.com\/wp-content\/uploads\/2023\/09\/sifon-acorden-curvo.png",1202,1417,false],"woocommerce_thumbnail":["https:\/\/centroferreterofarvel.com\/wp-content\/uploads\/2023\/09\/sifon-acorden-curvo-450x450.png",450,450,true],"woocommerce_single":["https:\/\/centroferreterofarvel.com\/wp-content\/uploads\/2023\/09\/sifon-acorden-curvo-600x707.png",600,707,true],"woocommerce_gallery_thumbnail":["https:\/\/centroferreterofarvel.com\/wp-content\/uploads\/2023\/09\/sifon-acorden-curvo-100x100.png",100,100,true]},"uagb_author_info":{"display_name":"centroferreterofarvel","author_link":"https:\/\/centroferreterofarvel.com\/index.php\/author\/"},"uagb_comment_info":0,"uagb_excerpt":"Sif\u00f3n Blanco Edesa: Elegancia y Eficiencia en Sistemas de Desag\u00fce y Fontaner\u00eda.","_links":{"self":[{"href":"https:\/\/centroferreterofarvel.com\/index.php\/wp-json\/wp\/v2\/product\/2952"}],"collection":[{"href":"https:\/\/centroferreterofarvel.com\/index.php\/wp-json\/wp\/v2\/product"}],"about":[{"href":"https:\/\/centroferreterofarvel.com\/index.php\/wp-json\/wp\/v2\/types\/product"}],"replies":[{"embeddable":true,"href":"https:\/\/centroferreterofarvel.com\/index.php\/wp-json\/wp\/v2\/comments?post=2952"}],"version-history":[{"count":3,"href":"https:\/\/centroferreterofarvel.com\/index.php\/wp-json\/wp\/v2\/product\/2952\/revisions"}],"predecessor-version":[{"id":9856,"href":"https:\/\/centroferreterofarvel.com\/index.php\/wp-json\/wp\/v2\/product\/2952\/revisions\/9856"}],"wp:featuredmedia":[{"embeddable":true,"href":"https:\/\/centroferreterofarvel.com\/index.php\/wp-json\/wp\/v2\/media\/3262"}],"wp:attachment":[{"href":"https:\/\/centroferreterofarvel.com\/index.php\/wp-json\/wp\/v2\/media?parent=2952"}],"wp:term":[{"taxonomy":"product_cat","embeddable":true,"href":"https:\/\/centroferreterofarvel.com\/index.php\/wp-json\/wp\/v2\/product_cat?post=2952"},{"taxonomy":"product_tag","embeddable":true,"href":"https:\/\/centroferreterofarvel.com\/index.php\/wp-json\/wp\/v2\/product_tag?post=2952"}],"curies":[{"name":"wp","href":"https:\/\/api.w.org\/{rel}","templated":true}]}}