{"id":3065,"date":"2023-09-28T15:08:51","date_gmt":"2023-09-28T20:08:51","guid":{"rendered":"https:\/\/centroferreterofarvel.com\/?post_type=product&#038;p=3065"},"modified":"2024-06-14T15:16:51","modified_gmt":"2024-06-14T20:16:51","slug":"cemento-porland-0100724","status":"publish","type":"product","link":"https:\/\/centroferreterofarvel.com\/index.php\/producto\/cemento-porland-0100724\/","title":{"rendered":"CEMENTO PORLAND"},"content":{"rendered":"<p>Experimenta la excelencia en construcci\u00f3n con el Cemento Porland, un material de construcci\u00f3n que ofrece m\u00e1xima duraci\u00f3n y resistencia. Este cemento, reconocido por su calidad, es la opci\u00f3n ideal para proyectos que exigen la m\u00e1xima resistencia, asegurando construcciones s\u00f3lidas y duraderas.<\/p>\n","protected":false},"excerpt":{"rendered":"<p>Cemento Porland: Construye con Confianza para una M\u00e1xima Durabilidad y Resistencia.<\/p>\n","protected":false},"featured_media":7315,"comment_status":"open","ping_status":"closed","template":"","meta":{"_uag_custom_page_level_css":""},"product_cat":[32],"product_tag":[464,474,318,463,465,317,475,473],"jetpack_sharing_enabled":true,"uagb_featured_image_src":{"full":["https:\/\/centroferreterofarvel.com\/wp-content\/uploads\/2023\/09\/CEMENTO-PORLAND.png",1080,1350,false],"thumbnail":["https:\/\/centroferreterofarvel.com\/wp-content\/uploads\/2023\/09\/CEMENTO-PORLAND-150x150.png",150,150,true],"medium":["https:\/\/centroferreterofarvel.com\/wp-content\/uploads\/2023\/09\/CEMENTO-PORLAND-240x300.png",240,300,true],"medium_large":["https:\/\/centroferreterofarvel.com\/wp-content\/uploads\/2023\/09\/CEMENTO-PORLAND-768x960.png",768,960,true],"large":["https:\/\/centroferreterofarvel.com\/wp-content\/uploads\/2023\/09\/CEMENTO-PORLAND-819x1024.png",819,1024,true],"1536x1536":["https:\/\/centroferreterofarvel.com\/wp-content\/uploads\/2023\/09\/CEMENTO-PORLAND.png",1080,1350,false],"2048x2048":["https:\/\/centroferreterofarvel.com\/wp-content\/uploads\/2023\/09\/CEMENTO-PORLAND.png",1080,1350,false],"mailpoet_newsletter_max":["https:\/\/centroferreterofarvel.com\/wp-content\/uploads\/2023\/09\/CEMENTO-PORLAND.png",1080,1350,false],"woocommerce_thumbnail":["https:\/\/centroferreterofarvel.com\/wp-content\/uploads\/2023\/09\/CEMENTO-PORLAND-450x450.png",450,450,true],"woocommerce_single":["https:\/\/centroferreterofarvel.com\/wp-content\/uploads\/2023\/09\/CEMENTO-PORLAND-600x750.png",600,750,true],"woocommerce_gallery_thumbnail":["https:\/\/centroferreterofarvel.com\/wp-content\/uploads\/2023\/09\/CEMENTO-PORLAND-100x100.png",100,100,true]},"uagb_author_info":{"display_name":"centroferreterofarvel","author_link":"https:\/\/centroferreterofarvel.com\/index.php\/author\/"},"uagb_comment_info":0,"uagb_excerpt":"Cemento Porland: Construye con Confianza para una M\u00e1xima Durabilidad y Resistencia.","_links":{"self":[{"href":"https:\/\/centroferreterofarvel.com\/index.php\/wp-json\/wp\/v2\/product\/3065"}],"collection":[{"href":"https:\/\/centroferreterofarvel.com\/index.php\/wp-json\/wp\/v2\/product"}],"about":[{"href":"https:\/\/centroferreterofarvel.com\/index.php\/wp-json\/wp\/v2\/types\/product"}],"replies":[{"embeddable":true,"href":"https:\/\/centroferreterofarvel.com\/index.php\/wp-json\/wp\/v2\/comments?post=3065"}],"version-history":[{"count":2,"href":"https:\/\/centroferreterofarvel.com\/index.php\/wp-json\/wp\/v2\/product\/3065\/revisions"}],"predecessor-version":[{"id":7316,"href":"https:\/\/centroferreterofarvel.com\/index.php\/wp-json\/wp\/v2\/product\/3065\/revisions\/7316"}],"wp:featuredmedia":[{"embeddable":true,"href":"https:\/\/centroferreterofarvel.com\/index.php\/wp-json\/wp\/v2\/media\/7315"}],"wp:attachment":[{"href":"https:\/\/centroferreterofarvel.com\/index.php\/wp-json\/wp\/v2\/media?parent=3065"}],"wp:term":[{"taxonomy":"product_cat","embeddable":true,"href":"https:\/\/centroferreterofarvel.com\/index.php\/wp-json\/wp\/v2\/product_cat?post=3065"},{"taxonomy":"product_tag","embeddable":true,"href":"https:\/\/centroferreterofarvel.com\/index.php\/wp-json\/wp\/v2\/product_tag?post=3065"}],"curies":[{"name":"wp","href":"https:\/\/api.w.org\/{rel}","templated":true}]}}