{"id":3175,"date":"2023-10-04T13:20:38","date_gmt":"2023-10-04T18:20:38","guid":{"rendered":"https:\/\/centroferreterofarvel.com\/?post_type=product&#038;p=3175"},"modified":"2024-04-09T15:03:14","modified_gmt":"2024-04-09T20:03:14","slug":"led-foco-110-240v-vasser","status":"publish","type":"product","link":"https:\/\/centroferreterofarvel.com\/index.php\/producto\/led-foco-110-240v-vasser\/","title":{"rendered":"LED FOCO VASSER"},"content":{"rendered":"<p>Opta por la energ\u00eda eficiente y la calidad con el Foco LED Vasser. Con su tecnolog\u00eda LED avanzada, este foco proporciona una iluminaci\u00f3n de alta calidad, asegurando un ambiente bien iluminado con eficiencia energ\u00e9tica. Descubre la innovaci\u00f3n en iluminaci\u00f3n con el Foco LED Vasser.<\/p>\n","protected":false},"excerpt":{"rendered":"<p>Foco LED Vasser: Iluminaci\u00f3n Brillante y Eficiente.<\/p>\n","protected":false},"featured_media":9032,"comment_status":"open","ping_status":"closed","template":"","meta":{"_uag_custom_page_level_css":""},"product_cat":[24],"product_tag":[448,438,418,349,359,360,403,447,446,361,369],"jetpack_sharing_enabled":true,"uagb_featured_image_src":{"full":["https:\/\/centroferreterofarvel.com\/wp-content\/uploads\/2023\/10\/LED-FOCO-110-240V-VASSER.png",1080,1350,false],"thumbnail":["https:\/\/centroferreterofarvel.com\/wp-content\/uploads\/2023\/10\/LED-FOCO-110-240V-VASSER-150x150.png",150,150,true],"medium":["https:\/\/centroferreterofarvel.com\/wp-content\/uploads\/2023\/10\/LED-FOCO-110-240V-VASSER-240x300.png",240,300,true],"medium_large":["https:\/\/centroferreterofarvel.com\/wp-content\/uploads\/2023\/10\/LED-FOCO-110-240V-VASSER-768x960.png",768,960,true],"large":["https:\/\/centroferreterofarvel.com\/wp-content\/uploads\/2023\/10\/LED-FOCO-110-240V-VASSER-819x1024.png",819,1024,true],"1536x1536":["https:\/\/centroferreterofarvel.com\/wp-content\/uploads\/2023\/10\/LED-FOCO-110-240V-VASSER.png",1080,1350,false],"2048x2048":["https:\/\/centroferreterofarvel.com\/wp-content\/uploads\/2023\/10\/LED-FOCO-110-240V-VASSER.png",1080,1350,false],"mailpoet_newsletter_max":["https:\/\/centroferreterofarvel.com\/wp-content\/uploads\/2023\/10\/LED-FOCO-110-240V-VASSER.png",1080,1350,false],"woocommerce_thumbnail":["https:\/\/centroferreterofarvel.com\/wp-content\/uploads\/2023\/10\/LED-FOCO-110-240V-VASSER-450x450.png",450,450,true],"woocommerce_single":["https:\/\/centroferreterofarvel.com\/wp-content\/uploads\/2023\/10\/LED-FOCO-110-240V-VASSER-600x750.png",600,750,true],"woocommerce_gallery_thumbnail":["https:\/\/centroferreterofarvel.com\/wp-content\/uploads\/2023\/10\/LED-FOCO-110-240V-VASSER-100x100.png",100,100,true]},"uagb_author_info":{"display_name":"centroferreterofarvel","author_link":"https:\/\/centroferreterofarvel.com\/index.php\/author\/"},"uagb_comment_info":0,"uagb_excerpt":"Foco LED Vasser: Iluminaci\u00f3n Brillante y Eficiente.","_links":{"self":[{"href":"https:\/\/centroferreterofarvel.com\/index.php\/wp-json\/wp\/v2\/product\/3175"}],"collection":[{"href":"https:\/\/centroferreterofarvel.com\/index.php\/wp-json\/wp\/v2\/product"}],"about":[{"href":"https:\/\/centroferreterofarvel.com\/index.php\/wp-json\/wp\/v2\/types\/product"}],"replies":[{"embeddable":true,"href":"https:\/\/centroferreterofarvel.com\/index.php\/wp-json\/wp\/v2\/comments?post=3175"}],"version-history":[{"count":3,"href":"https:\/\/centroferreterofarvel.com\/index.php\/wp-json\/wp\/v2\/product\/3175\/revisions"}],"predecessor-version":[{"id":9748,"href":"https:\/\/centroferreterofarvel.com\/index.php\/wp-json\/wp\/v2\/product\/3175\/revisions\/9748"}],"wp:featuredmedia":[{"embeddable":true,"href":"https:\/\/centroferreterofarvel.com\/index.php\/wp-json\/wp\/v2\/media\/9032"}],"wp:attachment":[{"href":"https:\/\/centroferreterofarvel.com\/index.php\/wp-json\/wp\/v2\/media?parent=3175"}],"wp:term":[{"taxonomy":"product_cat","embeddable":true,"href":"https:\/\/centroferreterofarvel.com\/index.php\/wp-json\/wp\/v2\/product_cat?post=3175"},{"taxonomy":"product_tag","embeddable":true,"href":"https:\/\/centroferreterofarvel.com\/index.php\/wp-json\/wp\/v2\/product_tag?post=3175"}],"curies":[{"name":"wp","href":"https:\/\/api.w.org\/{rel}","templated":true}]}}