{"id":3228,"date":"2023-10-05T11:12:04","date_gmt":"2023-10-05T16:12:04","guid":{"rendered":"https:\/\/centroferreterofarvel.com\/?post_type=product&#038;p=3228"},"modified":"2024-04-09T14:49:52","modified_gmt":"2024-04-09T19:49:52","slug":"lampara-led","status":"publish","type":"product","link":"https:\/\/centroferreterofarvel.com\/index.php\/producto\/lampara-led\/","title":{"rendered":"LAMPARA LED SPLENDOR"},"content":{"rendered":"<p>Aporta estilo y luz a tus espacios con la L\u00e1mpara LED Splendor. Dise\u00f1ada para combinar funcionalidad y est\u00e9tica, esta l\u00e1mpara LED brinda una iluminaci\u00f3n suave y uniforme, creando un ambiente acogedor y a la moda, transformando cualquier espacio en un entorno acogedor y bien iluminado.<\/p>\n<p>LAMPARA LED 2x18w 110v t8 6500k SPLENDOR.<\/p>\n<p>LAMPARA LED T8 2X9W C\/Tubo SPLENDOR 110V.<\/p>\n","protected":false},"excerpt":{"rendered":"<p>L\u00e1mpara de LED Splendor para Ambientes con Estilo: Luz y Dise\u00f1o en Armon\u00eda.<\/p>\n","protected":false},"featured_media":7342,"comment_status":"open","ping_status":"closed","template":"","meta":{"_uag_custom_page_level_css":""},"product_cat":[24],"product_tag":[349,359,360,367,404,403],"jetpack_sharing_enabled":true,"uagb_featured_image_src":{"full":["https:\/\/centroferreterofarvel.com\/wp-content\/uploads\/2023\/10\/LAMPARA-LED-SPLENDOR.png",1080,1350,false],"thumbnail":["https:\/\/centroferreterofarvel.com\/wp-content\/uploads\/2023\/10\/LAMPARA-LED-SPLENDOR-150x150.png",150,150,true],"medium":["https:\/\/centroferreterofarvel.com\/wp-content\/uploads\/2023\/10\/LAMPARA-LED-SPLENDOR-240x300.png",240,300,true],"medium_large":["https:\/\/centroferreterofarvel.com\/wp-content\/uploads\/2023\/10\/LAMPARA-LED-SPLENDOR-768x960.png",768,960,true],"large":["https:\/\/centroferreterofarvel.com\/wp-content\/uploads\/2023\/10\/LAMPARA-LED-SPLENDOR-819x1024.png",819,1024,true],"1536x1536":["https:\/\/centroferreterofarvel.com\/wp-content\/uploads\/2023\/10\/LAMPARA-LED-SPLENDOR.png",1080,1350,false],"2048x2048":["https:\/\/centroferreterofarvel.com\/wp-content\/uploads\/2023\/10\/LAMPARA-LED-SPLENDOR.png",1080,1350,false],"mailpoet_newsletter_max":["https:\/\/centroferreterofarvel.com\/wp-content\/uploads\/2023\/10\/LAMPARA-LED-SPLENDOR.png",1080,1350,false],"woocommerce_thumbnail":["https:\/\/centroferreterofarvel.com\/wp-content\/uploads\/2023\/10\/LAMPARA-LED-SPLENDOR-450x450.png",450,450,true],"woocommerce_single":["https:\/\/centroferreterofarvel.com\/wp-content\/uploads\/2023\/10\/LAMPARA-LED-SPLENDOR-600x750.png",600,750,true],"woocommerce_gallery_thumbnail":["https:\/\/centroferreterofarvel.com\/wp-content\/uploads\/2023\/10\/LAMPARA-LED-SPLENDOR-100x100.png",100,100,true]},"uagb_author_info":{"display_name":"centroferreterofarvel","author_link":"https:\/\/centroferreterofarvel.com\/index.php\/author\/"},"uagb_comment_info":0,"uagb_excerpt":"L\u00e1mpara de LED Splendor para Ambientes con Estilo: Luz y Dise\u00f1o en Armon\u00eda.","_links":{"self":[{"href":"https:\/\/centroferreterofarvel.com\/index.php\/wp-json\/wp\/v2\/product\/3228"}],"collection":[{"href":"https:\/\/centroferreterofarvel.com\/index.php\/wp-json\/wp\/v2\/product"}],"about":[{"href":"https:\/\/centroferreterofarvel.com\/index.php\/wp-json\/wp\/v2\/types\/product"}],"replies":[{"embeddable":true,"href":"https:\/\/centroferreterofarvel.com\/index.php\/wp-json\/wp\/v2\/comments?post=3228"}],"version-history":[{"count":2,"href":"https:\/\/centroferreterofarvel.com\/index.php\/wp-json\/wp\/v2\/product\/3228\/revisions"}],"predecessor-version":[{"id":7343,"href":"https:\/\/centroferreterofarvel.com\/index.php\/wp-json\/wp\/v2\/product\/3228\/revisions\/7343"}],"wp:featuredmedia":[{"embeddable":true,"href":"https:\/\/centroferreterofarvel.com\/index.php\/wp-json\/wp\/v2\/media\/7342"}],"wp:attachment":[{"href":"https:\/\/centroferreterofarvel.com\/index.php\/wp-json\/wp\/v2\/media?parent=3228"}],"wp:term":[{"taxonomy":"product_cat","embeddable":true,"href":"https:\/\/centroferreterofarvel.com\/index.php\/wp-json\/wp\/v2\/product_cat?post=3228"},{"taxonomy":"product_tag","embeddable":true,"href":"https:\/\/centroferreterofarvel.com\/index.php\/wp-json\/wp\/v2\/product_tag?post=3228"}],"curies":[{"name":"wp","href":"https:\/\/api.w.org\/{rel}","templated":true}]}}