{"id":3314,"date":"2023-10-10T13:35:05","date_gmt":"2023-10-10T18:35:05","guid":{"rendered":"https:\/\/centroferreterofarvel.com\/?post_type=product&#038;p=3314"},"modified":"2024-04-09T14:42:40","modified_gmt":"2024-04-09T19:42:40","slug":"interruptor-simple-veto-0100008","status":"publish","type":"product","link":"https:\/\/centroferreterofarvel.com\/index.php\/producto\/interruptor-simple-veto-0100008\/","title":{"rendered":"INTERRUPTOR SIMPLE VETO PLATA"},"content":{"rendered":"<p>El Interruptor Simple en color blanco de Veto Plata destaca por su sencillez y efectividad en el control de la iluminaci\u00f3n. El ne\u00f3n indica claramente la posici\u00f3n del interruptor, facilitando su uso en diferentes entornos. Este interruptor ofrece un equilibrio perfecto entre estilo y funcionalidad, este interruptor ofrece un manejo directo y confiable de las luces en cualquier espacio.<\/p>\n","protected":false},"excerpt":{"rendered":"<p>Interruptor Simple Blanco Veto Plata: Sencillez y Efectividad en el Control de Iluminaci\u00f3n.<\/p>\n","protected":false},"featured_media":6976,"comment_status":"open","ping_status":"closed","template":"","meta":{"_uag_custom_page_level_css":""},"product_cat":[37,33],"product_tag":[349,359,360,175,287,376,377,378,295],"jetpack_sharing_enabled":true,"uagb_featured_image_src":{"full":["https:\/\/centroferreterofarvel.com\/wp-content\/uploads\/2023\/10\/CONMUTADOR-SIMP-LP-BLAN-PLATA-X-VETO.png",1417,1890,false],"thumbnail":["https:\/\/centroferreterofarvel.com\/wp-content\/uploads\/2023\/10\/CONMUTADOR-SIMP-LP-BLAN-PLATA-X-VETO-150x150.png",150,150,true],"medium":["https:\/\/centroferreterofarvel.com\/wp-content\/uploads\/2023\/10\/CONMUTADOR-SIMP-LP-BLAN-PLATA-X-VETO-225x300.png",225,300,true],"medium_large":["https:\/\/centroferreterofarvel.com\/wp-content\/uploads\/2023\/10\/CONMUTADOR-SIMP-LP-BLAN-PLATA-X-VETO-768x1024.png",768,1024,true],"large":["https:\/\/centroferreterofarvel.com\/wp-content\/uploads\/2023\/10\/CONMUTADOR-SIMP-LP-BLAN-PLATA-X-VETO-768x1024.png",768,1024,true],"1536x1536":["https:\/\/centroferreterofarvel.com\/wp-content\/uploads\/2023\/10\/CONMUTADOR-SIMP-LP-BLAN-PLATA-X-VETO-1152x1536.png",1152,1536,true],"2048x2048":["https:\/\/centroferreterofarvel.com\/wp-content\/uploads\/2023\/10\/CONMUTADOR-SIMP-LP-BLAN-PLATA-X-VETO.png",1417,1890,false],"mailpoet_newsletter_max":["https:\/\/centroferreterofarvel.com\/wp-content\/uploads\/2023\/10\/CONMUTADOR-SIMP-LP-BLAN-PLATA-X-VETO-1320x1761.png",1320,1761,true],"woocommerce_thumbnail":["https:\/\/centroferreterofarvel.com\/wp-content\/uploads\/2023\/10\/CONMUTADOR-SIMP-LP-BLAN-PLATA-X-VETO-450x450.png",450,450,true],"woocommerce_single":["https:\/\/centroferreterofarvel.com\/wp-content\/uploads\/2023\/10\/CONMUTADOR-SIMP-LP-BLAN-PLATA-X-VETO-600x800.png",600,800,true],"woocommerce_gallery_thumbnail":["https:\/\/centroferreterofarvel.com\/wp-content\/uploads\/2023\/10\/CONMUTADOR-SIMP-LP-BLAN-PLATA-X-VETO-100x100.png",100,100,true]},"uagb_author_info":{"display_name":"centroferreterofarvel","author_link":"https:\/\/centroferreterofarvel.com\/index.php\/author\/"},"uagb_comment_info":0,"uagb_excerpt":"Interruptor Simple Blanco Veto Plata: Sencillez y Efectividad en el Control de Iluminaci\u00f3n.","_links":{"self":[{"href":"https:\/\/centroferreterofarvel.com\/index.php\/wp-json\/wp\/v2\/product\/3314"}],"collection":[{"href":"https:\/\/centroferreterofarvel.com\/index.php\/wp-json\/wp\/v2\/product"}],"about":[{"href":"https:\/\/centroferreterofarvel.com\/index.php\/wp-json\/wp\/v2\/types\/product"}],"replies":[{"embeddable":true,"href":"https:\/\/centroferreterofarvel.com\/index.php\/wp-json\/wp\/v2\/comments?post=3314"}],"version-history":[{"count":1,"href":"https:\/\/centroferreterofarvel.com\/index.php\/wp-json\/wp\/v2\/product\/3314\/revisions"}],"predecessor-version":[{"id":6977,"href":"https:\/\/centroferreterofarvel.com\/index.php\/wp-json\/wp\/v2\/product\/3314\/revisions\/6977"}],"wp:featuredmedia":[{"embeddable":true,"href":"https:\/\/centroferreterofarvel.com\/index.php\/wp-json\/wp\/v2\/media\/6976"}],"wp:attachment":[{"href":"https:\/\/centroferreterofarvel.com\/index.php\/wp-json\/wp\/v2\/media?parent=3314"}],"wp:term":[{"taxonomy":"product_cat","embeddable":true,"href":"https:\/\/centroferreterofarvel.com\/index.php\/wp-json\/wp\/v2\/product_cat?post=3314"},{"taxonomy":"product_tag","embeddable":true,"href":"https:\/\/centroferreterofarvel.com\/index.php\/wp-json\/wp\/v2\/product_tag?post=3314"}],"curies":[{"name":"wp","href":"https:\/\/api.w.org\/{rel}","templated":true}]}}