{"id":3322,"date":"2023-10-10T14:46:34","date_gmt":"2023-10-10T19:46:34","guid":{"rendered":"https:\/\/centroferreterofarvel.com\/?post_type=product&#038;p=3322"},"modified":"2024-04-09T13:24:47","modified_gmt":"2024-04-09T18:24:47","slug":"interruptor-doble-veto-0100011","status":"publish","type":"product","link":"https:\/\/centroferreterofarvel.com\/index.php\/producto\/interruptor-doble-veto-0100011\/","title":{"rendered":"INTERRUPTOR DOBLE  VETO PLATA"},"content":{"rendered":"<p>Eleva la iluminaci\u00f3n exterior con el Interruptor Doble Ne\u00f3n Veto Plata. Este interruptor doble no solo brinda un control eficiente de las luces, sino que tambi\u00e9n incorpora luces ne\u00f3n para una identificaci\u00f3n f\u00e1cil en la oscuridad. Descubre c\u00f3mo este producto combina estilo y funcionalidad para tus necesidades de iluminaci\u00f3n exterior.<\/p>\n<p>&nbsp;<\/p>\n","protected":false},"excerpt":{"rendered":"<p>Interruptor Doble Ne\u00f3n Veto Plata: Iluminaci\u00f3n Exterior con Estilo y Funcionalidad.<\/p>\n","protected":false},"featured_media":7336,"comment_status":"open","ping_status":"closed","template":"","meta":{"_uag_custom_page_level_css":""},"product_cat":[37],"product_tag":[349,359,360,308,358,294,361,295],"jetpack_sharing_enabled":true,"uagb_featured_image_src":{"full":["https:\/\/centroferreterofarvel.com\/wp-content\/uploads\/2023\/10\/INTERRUPTOR-DOBLE-VETO-PLATA.png",1080,1350,false],"thumbnail":["https:\/\/centroferreterofarvel.com\/wp-content\/uploads\/2023\/10\/INTERRUPTOR-DOBLE-VETO-PLATA-150x150.png",150,150,true],"medium":["https:\/\/centroferreterofarvel.com\/wp-content\/uploads\/2023\/10\/INTERRUPTOR-DOBLE-VETO-PLATA-240x300.png",240,300,true],"medium_large":["https:\/\/centroferreterofarvel.com\/wp-content\/uploads\/2023\/10\/INTERRUPTOR-DOBLE-VETO-PLATA-768x960.png",768,960,true],"large":["https:\/\/centroferreterofarvel.com\/wp-content\/uploads\/2023\/10\/INTERRUPTOR-DOBLE-VETO-PLATA-819x1024.png",819,1024,true],"1536x1536":["https:\/\/centroferreterofarvel.com\/wp-content\/uploads\/2023\/10\/INTERRUPTOR-DOBLE-VETO-PLATA.png",1080,1350,false],"2048x2048":["https:\/\/centroferreterofarvel.com\/wp-content\/uploads\/2023\/10\/INTERRUPTOR-DOBLE-VETO-PLATA.png",1080,1350,false],"mailpoet_newsletter_max":["https:\/\/centroferreterofarvel.com\/wp-content\/uploads\/2023\/10\/INTERRUPTOR-DOBLE-VETO-PLATA.png",1080,1350,false],"woocommerce_thumbnail":["https:\/\/centroferreterofarvel.com\/wp-content\/uploads\/2023\/10\/INTERRUPTOR-DOBLE-VETO-PLATA-450x450.png",450,450,true],"woocommerce_single":["https:\/\/centroferreterofarvel.com\/wp-content\/uploads\/2023\/10\/INTERRUPTOR-DOBLE-VETO-PLATA-600x750.png",600,750,true],"woocommerce_gallery_thumbnail":["https:\/\/centroferreterofarvel.com\/wp-content\/uploads\/2023\/10\/INTERRUPTOR-DOBLE-VETO-PLATA-100x100.png",100,100,true]},"uagb_author_info":{"display_name":"centroferreterofarvel","author_link":"https:\/\/centroferreterofarvel.com\/index.php\/author\/"},"uagb_comment_info":0,"uagb_excerpt":"Interruptor Doble Ne\u00f3n Veto Plata: Iluminaci\u00f3n Exterior con Estilo y Funcionalidad.","_links":{"self":[{"href":"https:\/\/centroferreterofarvel.com\/index.php\/wp-json\/wp\/v2\/product\/3322"}],"collection":[{"href":"https:\/\/centroferreterofarvel.com\/index.php\/wp-json\/wp\/v2\/product"}],"about":[{"href":"https:\/\/centroferreterofarvel.com\/index.php\/wp-json\/wp\/v2\/types\/product"}],"replies":[{"embeddable":true,"href":"https:\/\/centroferreterofarvel.com\/index.php\/wp-json\/wp\/v2\/comments?post=3322"}],"version-history":[{"count":2,"href":"https:\/\/centroferreterofarvel.com\/index.php\/wp-json\/wp\/v2\/product\/3322\/revisions"}],"predecessor-version":[{"id":7337,"href":"https:\/\/centroferreterofarvel.com\/index.php\/wp-json\/wp\/v2\/product\/3322\/revisions\/7337"}],"wp:featuredmedia":[{"embeddable":true,"href":"https:\/\/centroferreterofarvel.com\/index.php\/wp-json\/wp\/v2\/media\/7336"}],"wp:attachment":[{"href":"https:\/\/centroferreterofarvel.com\/index.php\/wp-json\/wp\/v2\/media?parent=3322"}],"wp:term":[{"taxonomy":"product_cat","embeddable":true,"href":"https:\/\/centroferreterofarvel.com\/index.php\/wp-json\/wp\/v2\/product_cat?post=3322"},{"taxonomy":"product_tag","embeddable":true,"href":"https:\/\/centroferreterofarvel.com\/index.php\/wp-json\/wp\/v2\/product_tag?post=3322"}],"curies":[{"name":"wp","href":"https:\/\/api.w.org\/{rel}","templated":true}]}}