{"id":3327,"date":"2023-10-10T15:39:35","date_gmt":"2023-10-10T20:39:35","guid":{"rendered":"https:\/\/centroferreterofarvel.com\/?post_type=product&#038;p=3327"},"modified":"2024-04-09T13:21:55","modified_gmt":"2024-04-09T18:21:55","slug":"interruptor-p-sobreponer-beige-volteck-0100067","status":"publish","type":"product","link":"https:\/\/centroferreterofarvel.com\/index.php\/producto\/interruptor-p-sobreponer-beige-volteck-0100067\/","title":{"rendered":"INTERRUPTOR SOBREPUESTO BEIGE VOLTECK"},"content":{"rendered":"<p>El Interruptor Sobrepuesto Simple en color beige de Volteck es una soluci\u00f3n pr\u00e1ctica para el control de iluminaci\u00f3n. F\u00e1cil de instalar y utilizar, este interruptor proporciona una opci\u00f3n sencilla y funcional para mejorar la iluminaci\u00f3n en diversos entornos. Ideal para aplicaciones dom\u00e9sticas y comerciales. Este interruptor es una opci\u00f3n vers\u00e1til para mejorar la est\u00e9tica y funcionalidad de tus espacios.<\/p>\n<p>Interruptor sencillo beige, para sobreponer. Dimensiones: 58 x 42 x 30 mm. Corriente: 4 A. 110 V \u2013 60 Hz. Peso: 28g. Volteck<\/p>\n","protected":false},"excerpt":{"rendered":"<p>Interruptor Sobrepuesto Simple Beige Volteck: Soluci\u00f3n Pr\u00e1ctica para Iluminaci\u00f3n.<\/p>\n<p>&nbsp;<\/p>\n","protected":false},"featured_media":7334,"comment_status":"open","ping_status":"closed","template":"","meta":{"_uag_custom_page_level_css":""},"product_cat":[37],"product_tag":[175,348,300,347,306],"jetpack_sharing_enabled":true,"uagb_featured_image_src":{"full":["https:\/\/centroferreterofarvel.com\/wp-content\/uploads\/2023\/10\/INTERRUPTOR-SOBREPUESTO-BEIGE-VOLTECK.png",1080,1350,false],"thumbnail":["https:\/\/centroferreterofarvel.com\/wp-content\/uploads\/2023\/10\/INTERRUPTOR-SOBREPUESTO-BEIGE-VOLTECK-150x150.png",150,150,true],"medium":["https:\/\/centroferreterofarvel.com\/wp-content\/uploads\/2023\/10\/INTERRUPTOR-SOBREPUESTO-BEIGE-VOLTECK-240x300.png",240,300,true],"medium_large":["https:\/\/centroferreterofarvel.com\/wp-content\/uploads\/2023\/10\/INTERRUPTOR-SOBREPUESTO-BEIGE-VOLTECK-768x960.png",768,960,true],"large":["https:\/\/centroferreterofarvel.com\/wp-content\/uploads\/2023\/10\/INTERRUPTOR-SOBREPUESTO-BEIGE-VOLTECK-819x1024.png",819,1024,true],"1536x1536":["https:\/\/centroferreterofarvel.com\/wp-content\/uploads\/2023\/10\/INTERRUPTOR-SOBREPUESTO-BEIGE-VOLTECK.png",1080,1350,false],"2048x2048":["https:\/\/centroferreterofarvel.com\/wp-content\/uploads\/2023\/10\/INTERRUPTOR-SOBREPUESTO-BEIGE-VOLTECK.png",1080,1350,false],"mailpoet_newsletter_max":["https:\/\/centroferreterofarvel.com\/wp-content\/uploads\/2023\/10\/INTERRUPTOR-SOBREPUESTO-BEIGE-VOLTECK.png",1080,1350,false],"woocommerce_thumbnail":["https:\/\/centroferreterofarvel.com\/wp-content\/uploads\/2023\/10\/INTERRUPTOR-SOBREPUESTO-BEIGE-VOLTECK-450x450.png",450,450,true],"woocommerce_single":["https:\/\/centroferreterofarvel.com\/wp-content\/uploads\/2023\/10\/INTERRUPTOR-SOBREPUESTO-BEIGE-VOLTECK-600x750.png",600,750,true],"woocommerce_gallery_thumbnail":["https:\/\/centroferreterofarvel.com\/wp-content\/uploads\/2023\/10\/INTERRUPTOR-SOBREPUESTO-BEIGE-VOLTECK-100x100.png",100,100,true]},"uagb_author_info":{"display_name":"centroferreterofarvel","author_link":"https:\/\/centroferreterofarvel.com\/index.php\/author\/"},"uagb_comment_info":0,"uagb_excerpt":"Interruptor Sobrepuesto Simple Beige Volteck: Soluci\u00f3n Pr\u00e1ctica para Iluminaci\u00f3n. &nbsp;","_links":{"self":[{"href":"https:\/\/centroferreterofarvel.com\/index.php\/wp-json\/wp\/v2\/product\/3327"}],"collection":[{"href":"https:\/\/centroferreterofarvel.com\/index.php\/wp-json\/wp\/v2\/product"}],"about":[{"href":"https:\/\/centroferreterofarvel.com\/index.php\/wp-json\/wp\/v2\/types\/product"}],"replies":[{"embeddable":true,"href":"https:\/\/centroferreterofarvel.com\/index.php\/wp-json\/wp\/v2\/comments?post=3327"}],"version-history":[{"count":2,"href":"https:\/\/centroferreterofarvel.com\/index.php\/wp-json\/wp\/v2\/product\/3327\/revisions"}],"predecessor-version":[{"id":7335,"href":"https:\/\/centroferreterofarvel.com\/index.php\/wp-json\/wp\/v2\/product\/3327\/revisions\/7335"}],"wp:featuredmedia":[{"embeddable":true,"href":"https:\/\/centroferreterofarvel.com\/index.php\/wp-json\/wp\/v2\/media\/7334"}],"wp:attachment":[{"href":"https:\/\/centroferreterofarvel.com\/index.php\/wp-json\/wp\/v2\/media?parent=3327"}],"wp:term":[{"taxonomy":"product_cat","embeddable":true,"href":"https:\/\/centroferreterofarvel.com\/index.php\/wp-json\/wp\/v2\/product_cat?post=3327"},{"taxonomy":"product_tag","embeddable":true,"href":"https:\/\/centroferreterofarvel.com\/index.php\/wp-json\/wp\/v2\/product_tag?post=3327"}],"curies":[{"name":"wp","href":"https:\/\/api.w.org\/{rel}","templated":true}]}}