{"id":3328,"date":"2023-10-10T15:42:08","date_gmt":"2023-10-10T20:42:08","guid":{"rendered":"https:\/\/centroferreterofarvel.com\/?post_type=product&#038;p=3328"},"modified":"2024-04-09T13:20:12","modified_gmt":"2024-04-09T18:20:12","slug":"interruptor-p-sobreponer-blanco-click-veto","status":"publish","type":"product","link":"https:\/\/centroferreterofarvel.com\/index.php\/producto\/interruptor-p-sobreponer-blanco-click-veto\/","title":{"rendered":"INTERRUPTOR SOBREPUESTO OVALADO BLANCO VETO PLATA"},"content":{"rendered":"<p>Transforma tus espacios con el Interruptor Ovalado Veto Plata. Este interruptor ovalado no solo ofrece un control eficiente de la iluminaci\u00f3n interior, sino que tambi\u00e9n agrega un toque distintivo a la luz exterior. Descubre c\u00f3mo su dise\u00f1o ovalado se integra perfectamente en tu sistema el\u00e9ctrico, proporcionando estilo y funcionalidad.<\/p>\n<p>Interruptor pulsador de timbre sobrepuesto de 10 Amp, color blanco, marca Veto Plata.<\/p>\n","protected":false},"excerpt":{"rendered":"<p>Interruptor Ovalado Veto Plata: Iluminaci\u00f3n Interior y Exterior con Estilo Distintivo.<\/p>\n<p>&nbsp;<\/p>\n","protected":false},"featured_media":7332,"comment_status":"open","ping_status":"closed","template":"","meta":{"_uag_custom_page_level_css":""},"product_cat":[37],"product_tag":[175,299,298,300,297],"jetpack_sharing_enabled":true,"uagb_featured_image_src":{"full":["https:\/\/centroferreterofarvel.com\/wp-content\/uploads\/2023\/10\/INTERRUPTOR-SOBREPUESTO-OVALADO-BLANCO-VETO-PLATA.png",1080,1350,false],"thumbnail":["https:\/\/centroferreterofarvel.com\/wp-content\/uploads\/2023\/10\/INTERRUPTOR-SOBREPUESTO-OVALADO-BLANCO-VETO-PLATA-150x150.png",150,150,true],"medium":["https:\/\/centroferreterofarvel.com\/wp-content\/uploads\/2023\/10\/INTERRUPTOR-SOBREPUESTO-OVALADO-BLANCO-VETO-PLATA-240x300.png",240,300,true],"medium_large":["https:\/\/centroferreterofarvel.com\/wp-content\/uploads\/2023\/10\/INTERRUPTOR-SOBREPUESTO-OVALADO-BLANCO-VETO-PLATA-768x960.png",768,960,true],"large":["https:\/\/centroferreterofarvel.com\/wp-content\/uploads\/2023\/10\/INTERRUPTOR-SOBREPUESTO-OVALADO-BLANCO-VETO-PLATA-819x1024.png",819,1024,true],"1536x1536":["https:\/\/centroferreterofarvel.com\/wp-content\/uploads\/2023\/10\/INTERRUPTOR-SOBREPUESTO-OVALADO-BLANCO-VETO-PLATA.png",1080,1350,false],"2048x2048":["https:\/\/centroferreterofarvel.com\/wp-content\/uploads\/2023\/10\/INTERRUPTOR-SOBREPUESTO-OVALADO-BLANCO-VETO-PLATA.png",1080,1350,false],"mailpoet_newsletter_max":["https:\/\/centroferreterofarvel.com\/wp-content\/uploads\/2023\/10\/INTERRUPTOR-SOBREPUESTO-OVALADO-BLANCO-VETO-PLATA.png",1080,1350,false],"woocommerce_thumbnail":["https:\/\/centroferreterofarvel.com\/wp-content\/uploads\/2023\/10\/INTERRUPTOR-SOBREPUESTO-OVALADO-BLANCO-VETO-PLATA-450x450.png",450,450,true],"woocommerce_single":["https:\/\/centroferreterofarvel.com\/wp-content\/uploads\/2023\/10\/INTERRUPTOR-SOBREPUESTO-OVALADO-BLANCO-VETO-PLATA-600x750.png",600,750,true],"woocommerce_gallery_thumbnail":["https:\/\/centroferreterofarvel.com\/wp-content\/uploads\/2023\/10\/INTERRUPTOR-SOBREPUESTO-OVALADO-BLANCO-VETO-PLATA-100x100.png",100,100,true]},"uagb_author_info":{"display_name":"centroferreterofarvel","author_link":"https:\/\/centroferreterofarvel.com\/index.php\/author\/"},"uagb_comment_info":0,"uagb_excerpt":"Interruptor Ovalado Veto Plata: Iluminaci\u00f3n Interior y Exterior con Estilo Distintivo. &nbsp;","_links":{"self":[{"href":"https:\/\/centroferreterofarvel.com\/index.php\/wp-json\/wp\/v2\/product\/3328"}],"collection":[{"href":"https:\/\/centroferreterofarvel.com\/index.php\/wp-json\/wp\/v2\/product"}],"about":[{"href":"https:\/\/centroferreterofarvel.com\/index.php\/wp-json\/wp\/v2\/types\/product"}],"replies":[{"embeddable":true,"href":"https:\/\/centroferreterofarvel.com\/index.php\/wp-json\/wp\/v2\/comments?post=3328"}],"version-history":[{"count":2,"href":"https:\/\/centroferreterofarvel.com\/index.php\/wp-json\/wp\/v2\/product\/3328\/revisions"}],"predecessor-version":[{"id":9763,"href":"https:\/\/centroferreterofarvel.com\/index.php\/wp-json\/wp\/v2\/product\/3328\/revisions\/9763"}],"wp:featuredmedia":[{"embeddable":true,"href":"https:\/\/centroferreterofarvel.com\/index.php\/wp-json\/wp\/v2\/media\/7332"}],"wp:attachment":[{"href":"https:\/\/centroferreterofarvel.com\/index.php\/wp-json\/wp\/v2\/media?parent=3328"}],"wp:term":[{"taxonomy":"product_cat","embeddable":true,"href":"https:\/\/centroferreterofarvel.com\/index.php\/wp-json\/wp\/v2\/product_cat?post=3328"},{"taxonomy":"product_tag","embeddable":true,"href":"https:\/\/centroferreterofarvel.com\/index.php\/wp-json\/wp\/v2\/product_tag?post=3328"}],"curies":[{"name":"wp","href":"https:\/\/api.w.org\/{rel}","templated":true}]}}