{"id":3341,"date":"2023-10-17T10:47:55","date_gmt":"2023-10-17T15:47:55","guid":{"rendered":"https:\/\/centroferreterofarvel.com\/?post_type=product&#038;p=3341"},"modified":"2024-04-09T13:18:16","modified_gmt":"2024-04-09T18:18:16","slug":"interruptor-triple-blanco-veto-0100012","status":"publish","type":"product","link":"https:\/\/centroferreterofarvel.com\/index.php\/producto\/interruptor-triple-blanco-veto-0100012\/","title":{"rendered":"INTERRUPTOR TRIPLE BLANCO VETO PLATA"},"content":{"rendered":"<p>A\u00f1ade estilo y funcionalidad a tus espacios con el Interruptor Triple Blanco Ne\u00f3n Veto Plata. Este interruptor triple con luces ne\u00f3n incorporadas ofrece una conmutaci\u00f3n eficiente y un dise\u00f1o blanco elegante. Descubre c\u00f3mo este interruptor se integra perfectamente en tu sistema el\u00e9ctrico mientras a\u00f1ade un toque moderno a tus espacios.<\/p>\n<p>Amperaje de 10 Amp y con una corriente de 125 a 250 Vac (Voltios de Corriente Alterna).<\/p>\n","protected":false},"excerpt":{"rendered":"<p>Interruptor Triple Blanco Ne\u00f3n Veto Plata: Control El\u00e9ctrico Preciso y Estilo Sofisticado.<\/p>\n","protected":false},"featured_media":7328,"comment_status":"open","ping_status":"closed","template":"","meta":{"_uag_custom_page_level_css":""},"product_cat":[37],"product_tag":[175,289,294,280,288,293,295,292],"jetpack_sharing_enabled":true,"uagb_featured_image_src":{"full":["https:\/\/centroferreterofarvel.com\/wp-content\/uploads\/2023\/10\/INTERRUPTOR-TRIPLE-BLANCO-VETO-PLATA.png",1080,1350,false],"thumbnail":["https:\/\/centroferreterofarvel.com\/wp-content\/uploads\/2023\/10\/INTERRUPTOR-TRIPLE-BLANCO-VETO-PLATA-150x150.png",150,150,true],"medium":["https:\/\/centroferreterofarvel.com\/wp-content\/uploads\/2023\/10\/INTERRUPTOR-TRIPLE-BLANCO-VETO-PLATA-240x300.png",240,300,true],"medium_large":["https:\/\/centroferreterofarvel.com\/wp-content\/uploads\/2023\/10\/INTERRUPTOR-TRIPLE-BLANCO-VETO-PLATA-768x960.png",768,960,true],"large":["https:\/\/centroferreterofarvel.com\/wp-content\/uploads\/2023\/10\/INTERRUPTOR-TRIPLE-BLANCO-VETO-PLATA-819x1024.png",819,1024,true],"1536x1536":["https:\/\/centroferreterofarvel.com\/wp-content\/uploads\/2023\/10\/INTERRUPTOR-TRIPLE-BLANCO-VETO-PLATA.png",1080,1350,false],"2048x2048":["https:\/\/centroferreterofarvel.com\/wp-content\/uploads\/2023\/10\/INTERRUPTOR-TRIPLE-BLANCO-VETO-PLATA.png",1080,1350,false],"mailpoet_newsletter_max":["https:\/\/centroferreterofarvel.com\/wp-content\/uploads\/2023\/10\/INTERRUPTOR-TRIPLE-BLANCO-VETO-PLATA.png",1080,1350,false],"woocommerce_thumbnail":["https:\/\/centroferreterofarvel.com\/wp-content\/uploads\/2023\/10\/INTERRUPTOR-TRIPLE-BLANCO-VETO-PLATA-450x450.png",450,450,true],"woocommerce_single":["https:\/\/centroferreterofarvel.com\/wp-content\/uploads\/2023\/10\/INTERRUPTOR-TRIPLE-BLANCO-VETO-PLATA-600x750.png",600,750,true],"woocommerce_gallery_thumbnail":["https:\/\/centroferreterofarvel.com\/wp-content\/uploads\/2023\/10\/INTERRUPTOR-TRIPLE-BLANCO-VETO-PLATA-100x100.png",100,100,true]},"uagb_author_info":{"display_name":"centroferreterofarvel","author_link":"https:\/\/centroferreterofarvel.com\/index.php\/author\/"},"uagb_comment_info":0,"uagb_excerpt":"Interruptor Triple Blanco Ne\u00f3n Veto Plata: Control El\u00e9ctrico Preciso y Estilo Sofisticado.","_links":{"self":[{"href":"https:\/\/centroferreterofarvel.com\/index.php\/wp-json\/wp\/v2\/product\/3341"}],"collection":[{"href":"https:\/\/centroferreterofarvel.com\/index.php\/wp-json\/wp\/v2\/product"}],"about":[{"href":"https:\/\/centroferreterofarvel.com\/index.php\/wp-json\/wp\/v2\/types\/product"}],"replies":[{"embeddable":true,"href":"https:\/\/centroferreterofarvel.com\/index.php\/wp-json\/wp\/v2\/comments?post=3341"}],"version-history":[{"count":2,"href":"https:\/\/centroferreterofarvel.com\/index.php\/wp-json\/wp\/v2\/product\/3341\/revisions"}],"predecessor-version":[{"id":7329,"href":"https:\/\/centroferreterofarvel.com\/index.php\/wp-json\/wp\/v2\/product\/3341\/revisions\/7329"}],"wp:featuredmedia":[{"embeddable":true,"href":"https:\/\/centroferreterofarvel.com\/index.php\/wp-json\/wp\/v2\/media\/7328"}],"wp:attachment":[{"href":"https:\/\/centroferreterofarvel.com\/index.php\/wp-json\/wp\/v2\/media?parent=3341"}],"wp:term":[{"taxonomy":"product_cat","embeddable":true,"href":"https:\/\/centroferreterofarvel.com\/index.php\/wp-json\/wp\/v2\/product_cat?post=3341"},{"taxonomy":"product_tag","embeddable":true,"href":"https:\/\/centroferreterofarvel.com\/index.php\/wp-json\/wp\/v2\/product_tag?post=3341"}],"curies":[{"name":"wp","href":"https:\/\/api.w.org\/{rel}","templated":true}]}}