{"id":3363,"date":"2023-10-17T12:21:21","date_gmt":"2023-10-17T17:21:21","guid":{"rendered":"https:\/\/centroferreterofarvel.com\/?post_type=product&#038;p=3363"},"modified":"2024-04-09T13:16:07","modified_gmt":"2024-04-09T18:16:07","slug":"interruptor-triple-no-neon-blitz","status":"publish","type":"product","link":"https:\/\/centroferreterofarvel.com\/index.php\/producto\/interruptor-triple-no-neon-blitz\/","title":{"rendered":"INTERRUPTOR TRIPLE NO NEON BLITZ"},"content":{"rendered":"<p>Garantiza una conmutaci\u00f3n confiable con el Interruptor Triple No Ne\u00f3n Blitz. Este interruptor triple conmutable ofrece una soluci\u00f3n efectiva para tus conexiones el\u00e9ctricas sin la presencia de luces ne\u00f3n proporcionando una soluci\u00f3n limpia y funcional. Define la operaci\u00f3n de tus dispositivos y experimenta la definici\u00f3n de funcionalidad en cada interruptor.<\/p>\n<p>&nbsp;<\/p>\n<p>&nbsp;<\/p>\n","protected":false},"excerpt":{"rendered":"<p>Interruptor Triple No Ne\u00f3n Blitz: Definici\u00f3n de Conmutaci\u00f3n Sencilla y Elegante.<\/p>\n","protected":false},"featured_media":6985,"comment_status":"open","ping_status":"closed","template":"","meta":{"_uag_custom_page_level_css":""},"product_cat":[37,33],"product_tag":[283,282,175,284,285,280,281,286],"jetpack_sharing_enabled":true,"uagb_featured_image_src":{"full":["https:\/\/centroferreterofarvel.com\/wp-content\/uploads\/2023\/10\/CONMUTADOR-TRIPLE-NO-NEON-BLITZ.png",1417,1890,false],"thumbnail":["https:\/\/centroferreterofarvel.com\/wp-content\/uploads\/2023\/10\/CONMUTADOR-TRIPLE-NO-NEON-BLITZ-150x150.png",150,150,true],"medium":["https:\/\/centroferreterofarvel.com\/wp-content\/uploads\/2023\/10\/CONMUTADOR-TRIPLE-NO-NEON-BLITZ-225x300.png",225,300,true],"medium_large":["https:\/\/centroferreterofarvel.com\/wp-content\/uploads\/2023\/10\/CONMUTADOR-TRIPLE-NO-NEON-BLITZ-768x1024.png",768,1024,true],"large":["https:\/\/centroferreterofarvel.com\/wp-content\/uploads\/2023\/10\/CONMUTADOR-TRIPLE-NO-NEON-BLITZ-768x1024.png",768,1024,true],"1536x1536":["https:\/\/centroferreterofarvel.com\/wp-content\/uploads\/2023\/10\/CONMUTADOR-TRIPLE-NO-NEON-BLITZ-1152x1536.png",1152,1536,true],"2048x2048":["https:\/\/centroferreterofarvel.com\/wp-content\/uploads\/2023\/10\/CONMUTADOR-TRIPLE-NO-NEON-BLITZ.png",1417,1890,false],"mailpoet_newsletter_max":["https:\/\/centroferreterofarvel.com\/wp-content\/uploads\/2023\/10\/CONMUTADOR-TRIPLE-NO-NEON-BLITZ-1320x1761.png",1320,1761,true],"woocommerce_thumbnail":["https:\/\/centroferreterofarvel.com\/wp-content\/uploads\/2023\/10\/CONMUTADOR-TRIPLE-NO-NEON-BLITZ-450x450.png",450,450,true],"woocommerce_single":["https:\/\/centroferreterofarvel.com\/wp-content\/uploads\/2023\/10\/CONMUTADOR-TRIPLE-NO-NEON-BLITZ-600x800.png",600,800,true],"woocommerce_gallery_thumbnail":["https:\/\/centroferreterofarvel.com\/wp-content\/uploads\/2023\/10\/CONMUTADOR-TRIPLE-NO-NEON-BLITZ-100x100.png",100,100,true]},"uagb_author_info":{"display_name":"centroferreterofarvel","author_link":"https:\/\/centroferreterofarvel.com\/index.php\/author\/"},"uagb_comment_info":0,"uagb_excerpt":"Interruptor Triple No Ne\u00f3n Blitz: Definici\u00f3n de Conmutaci\u00f3n Sencilla y Elegante.","_links":{"self":[{"href":"https:\/\/centroferreterofarvel.com\/index.php\/wp-json\/wp\/v2\/product\/3363"}],"collection":[{"href":"https:\/\/centroferreterofarvel.com\/index.php\/wp-json\/wp\/v2\/product"}],"about":[{"href":"https:\/\/centroferreterofarvel.com\/index.php\/wp-json\/wp\/v2\/types\/product"}],"replies":[{"embeddable":true,"href":"https:\/\/centroferreterofarvel.com\/index.php\/wp-json\/wp\/v2\/comments?post=3363"}],"version-history":[{"count":2,"href":"https:\/\/centroferreterofarvel.com\/index.php\/wp-json\/wp\/v2\/product\/3363\/revisions"}],"predecessor-version":[{"id":7275,"href":"https:\/\/centroferreterofarvel.com\/index.php\/wp-json\/wp\/v2\/product\/3363\/revisions\/7275"}],"wp:featuredmedia":[{"embeddable":true,"href":"https:\/\/centroferreterofarvel.com\/index.php\/wp-json\/wp\/v2\/media\/6985"}],"wp:attachment":[{"href":"https:\/\/centroferreterofarvel.com\/index.php\/wp-json\/wp\/v2\/media?parent=3363"}],"wp:term":[{"taxonomy":"product_cat","embeddable":true,"href":"https:\/\/centroferreterofarvel.com\/index.php\/wp-json\/wp\/v2\/product_cat?post=3363"},{"taxonomy":"product_tag","embeddable":true,"href":"https:\/\/centroferreterofarvel.com\/index.php\/wp-json\/wp\/v2\/product_tag?post=3363"}],"curies":[{"name":"wp","href":"https:\/\/api.w.org\/{rel}","templated":true}]}}