{"id":3374,"date":"2023-10-17T14:11:16","date_gmt":"2023-10-17T19:11:16","guid":{"rendered":"https:\/\/centroferreterofarvel.com\/?post_type=product&#038;p=3374"},"modified":"2024-04-09T13:15:15","modified_gmt":"2024-04-09T18:15:15","slug":"toma-conector-0100108","status":"publish","type":"product","link":"https:\/\/centroferreterofarvel.com\/index.php\/producto\/toma-conector-0100108\/","title":{"rendered":"TOMA CONECTOR VERTICAL VOLTECK"},"content":{"rendered":"<p>Experimenta la resistencia y seguridad con la Toma Conector Galvanizado de Volteck. Este dispositivo, con conector galvanizado y blindado, garantiza una conectividad el\u00e9ctrica confiable. Descubre la durabilidad y la calidad que ofrece este conector dise\u00f1ado para satisfacer tus necesidades el\u00e9ctricas diarias.<\/p>\n<p>Fabricado en ABS y acero. Acabado galvanizado. Blindado 2 polos y 3 hilos, aterrizado. Retardante a la flama ocasionada por cortos circuitos. Cuenta con abrazadera para asegurar la fijaci\u00f3n del cableado, 15A-125V.<\/p>\n","protected":false},"excerpt":{"rendered":"<p>Toma con Conector Galvanizado Volteck: Conectividad Resistente y Segura para Tus Necesidades El\u00e9ctricas.<\/p>\n","protected":false},"featured_media":3375,"comment_status":"open","ping_status":"closed","template":"","meta":{"_uag_custom_page_level_css":""},"product_cat":[119],"product_tag":[266,268,267,265,269,264],"jetpack_sharing_enabled":true,"uagb_featured_image_src":{"full":["https:\/\/centroferreterofarvel.com\/wp-content\/uploads\/2023\/10\/enchife-amarillo-lado.png",1096,1288,false],"thumbnail":["https:\/\/centroferreterofarvel.com\/wp-content\/uploads\/2023\/10\/enchife-amarillo-lado-150x150.png",150,150,true],"medium":["https:\/\/centroferreterofarvel.com\/wp-content\/uploads\/2023\/10\/enchife-amarillo-lado-255x300.png",255,300,true],"medium_large":["https:\/\/centroferreterofarvel.com\/wp-content\/uploads\/2023\/10\/enchife-amarillo-lado-768x903.png",768,903,true],"large":["https:\/\/centroferreterofarvel.com\/wp-content\/uploads\/2023\/10\/enchife-amarillo-lado-871x1024.png",871,1024,true],"1536x1536":["https:\/\/centroferreterofarvel.com\/wp-content\/uploads\/2023\/10\/enchife-amarillo-lado.png",1096,1288,false],"2048x2048":["https:\/\/centroferreterofarvel.com\/wp-content\/uploads\/2023\/10\/enchife-amarillo-lado.png",1096,1288,false],"mailpoet_newsletter_max":["https:\/\/centroferreterofarvel.com\/wp-content\/uploads\/2023\/10\/enchife-amarillo-lado.png",1096,1288,false],"woocommerce_thumbnail":["https:\/\/centroferreterofarvel.com\/wp-content\/uploads\/2023\/10\/enchife-amarillo-lado-450x450.png",450,450,true],"woocommerce_single":["https:\/\/centroferreterofarvel.com\/wp-content\/uploads\/2023\/10\/enchife-amarillo-lado-600x705.png",600,705,true],"woocommerce_gallery_thumbnail":["https:\/\/centroferreterofarvel.com\/wp-content\/uploads\/2023\/10\/enchife-amarillo-lado-100x100.png",100,100,true]},"uagb_author_info":{"display_name":"centroferreterofarvel","author_link":"https:\/\/centroferreterofarvel.com\/index.php\/author\/"},"uagb_comment_info":0,"uagb_excerpt":"Toma con Conector Galvanizado Volteck: Conectividad Resistente y Segura para Tus Necesidades El\u00e9ctricas.","_links":{"self":[{"href":"https:\/\/centroferreterofarvel.com\/index.php\/wp-json\/wp\/v2\/product\/3374"}],"collection":[{"href":"https:\/\/centroferreterofarvel.com\/index.php\/wp-json\/wp\/v2\/product"}],"about":[{"href":"https:\/\/centroferreterofarvel.com\/index.php\/wp-json\/wp\/v2\/types\/product"}],"replies":[{"embeddable":true,"href":"https:\/\/centroferreterofarvel.com\/index.php\/wp-json\/wp\/v2\/comments?post=3374"}],"version-history":[{"count":2,"href":"https:\/\/centroferreterofarvel.com\/index.php\/wp-json\/wp\/v2\/product\/3374\/revisions"}],"predecessor-version":[{"id":9467,"href":"https:\/\/centroferreterofarvel.com\/index.php\/wp-json\/wp\/v2\/product\/3374\/revisions\/9467"}],"wp:featuredmedia":[{"embeddable":true,"href":"https:\/\/centroferreterofarvel.com\/index.php\/wp-json\/wp\/v2\/media\/3375"}],"wp:attachment":[{"href":"https:\/\/centroferreterofarvel.com\/index.php\/wp-json\/wp\/v2\/media?parent=3374"}],"wp:term":[{"taxonomy":"product_cat","embeddable":true,"href":"https:\/\/centroferreterofarvel.com\/index.php\/wp-json\/wp\/v2\/product_cat?post=3374"},{"taxonomy":"product_tag","embeddable":true,"href":"https:\/\/centroferreterofarvel.com\/index.php\/wp-json\/wp\/v2\/product_tag?post=3374"}],"curies":[{"name":"wp","href":"https:\/\/api.w.org\/{rel}","templated":true}]}}