{"id":3376,"date":"2023-10-17T14:13:19","date_gmt":"2023-10-17T19:13:19","guid":{"rendered":"https:\/\/centroferreterofarvel.com\/?post_type=product&#038;p=3376"},"modified":"2024-04-09T13:14:15","modified_gmt":"2024-04-09T18:14:15","slug":"toma-conector-polarizado","status":"publish","type":"product","link":"https:\/\/centroferreterofarvel.com\/index.php\/producto\/toma-conector-polarizado\/","title":{"rendered":"TOMA CONECTOR POLARIZADO VOLTECK"},"content":{"rendered":"<p>Experimenta la conectividad segura con el Toma Conector Polarizado Volteck. Dise\u00f1ado para ofrecer una conexi\u00f3n confiable a tus dispositivos electr\u00f3nicos. Garantiza una conexi\u00f3n confiable, incorporando un conector polarizado para mayor seguridad. Descubre la calidad de Volteck en este toma conector polarizado.<\/p>\n<p>Toma conector polarizado 2P 15 A. Fabricado en ABS y policarbonato. Pl\u00e1stico 2 polos y 3 hilos, aterrizado. Retardante a la flama ocasionada por cortos circuitos. Para uso en interiores. Para extensiones y conexiones de aparatos. 110 V 60 Hz<\/p>\n","protected":false},"excerpt":{"rendered":"<p>Toma Conector Polarizado Volteck: Conectividad Confiable para tus Dispositivos Electr\u00f3nicos.<\/p>\n","protected":false},"featured_media":3377,"comment_status":"open","ping_status":"closed","template":"","meta":{"_uag_custom_page_level_css":""},"product_cat":[119],"product_tag":[266,262,265,263,264],"jetpack_sharing_enabled":true,"uagb_featured_image_src":{"full":["https:\/\/centroferreterofarvel.com\/wp-content\/uploads\/2023\/10\/enchife-de-lado.png",1200,1306,false],"thumbnail":["https:\/\/centroferreterofarvel.com\/wp-content\/uploads\/2023\/10\/enchife-de-lado-150x150.png",150,150,true],"medium":["https:\/\/centroferreterofarvel.com\/wp-content\/uploads\/2023\/10\/enchife-de-lado-276x300.png",276,300,true],"medium_large":["https:\/\/centroferreterofarvel.com\/wp-content\/uploads\/2023\/10\/enchife-de-lado-768x836.png",768,836,true],"large":["https:\/\/centroferreterofarvel.com\/wp-content\/uploads\/2023\/10\/enchife-de-lado-941x1024.png",941,1024,true],"1536x1536":["https:\/\/centroferreterofarvel.com\/wp-content\/uploads\/2023\/10\/enchife-de-lado.png",1200,1306,false],"2048x2048":["https:\/\/centroferreterofarvel.com\/wp-content\/uploads\/2023\/10\/enchife-de-lado.png",1200,1306,false],"mailpoet_newsletter_max":["https:\/\/centroferreterofarvel.com\/wp-content\/uploads\/2023\/10\/enchife-de-lado.png",1200,1306,false],"woocommerce_thumbnail":["https:\/\/centroferreterofarvel.com\/wp-content\/uploads\/2023\/10\/enchife-de-lado-450x450.png",450,450,true],"woocommerce_single":["https:\/\/centroferreterofarvel.com\/wp-content\/uploads\/2023\/10\/enchife-de-lado-600x653.png",600,653,true],"woocommerce_gallery_thumbnail":["https:\/\/centroferreterofarvel.com\/wp-content\/uploads\/2023\/10\/enchife-de-lado-100x100.png",100,100,true]},"uagb_author_info":{"display_name":"centroferreterofarvel","author_link":"https:\/\/centroferreterofarvel.com\/index.php\/author\/"},"uagb_comment_info":0,"uagb_excerpt":"Toma Conector Polarizado Volteck: Conectividad Confiable para tus Dispositivos Electr\u00f3nicos.","_links":{"self":[{"href":"https:\/\/centroferreterofarvel.com\/index.php\/wp-json\/wp\/v2\/product\/3376"}],"collection":[{"href":"https:\/\/centroferreterofarvel.com\/index.php\/wp-json\/wp\/v2\/product"}],"about":[{"href":"https:\/\/centroferreterofarvel.com\/index.php\/wp-json\/wp\/v2\/types\/product"}],"replies":[{"embeddable":true,"href":"https:\/\/centroferreterofarvel.com\/index.php\/wp-json\/wp\/v2\/comments?post=3376"}],"version-history":[{"count":2,"href":"https:\/\/centroferreterofarvel.com\/index.php\/wp-json\/wp\/v2\/product\/3376\/revisions"}],"predecessor-version":[{"id":10106,"href":"https:\/\/centroferreterofarvel.com\/index.php\/wp-json\/wp\/v2\/product\/3376\/revisions\/10106"}],"wp:featuredmedia":[{"embeddable":true,"href":"https:\/\/centroferreterofarvel.com\/index.php\/wp-json\/wp\/v2\/media\/3377"}],"wp:attachment":[{"href":"https:\/\/centroferreterofarvel.com\/index.php\/wp-json\/wp\/v2\/media?parent=3376"}],"wp:term":[{"taxonomy":"product_cat","embeddable":true,"href":"https:\/\/centroferreterofarvel.com\/index.php\/wp-json\/wp\/v2\/product_cat?post=3376"},{"taxonomy":"product_tag","embeddable":true,"href":"https:\/\/centroferreterofarvel.com\/index.php\/wp-json\/wp\/v2\/product_tag?post=3376"}],"curies":[{"name":"wp","href":"https:\/\/api.w.org\/{rel}","templated":true}]}}