{"id":3391,"date":"2023-10-17T15:30:36","date_gmt":"2023-10-17T20:30:36","guid":{"rendered":"https:\/\/centroferreterofarvel.com\/?post_type=product&#038;p=3391"},"modified":"2024-04-10T16:22:57","modified_gmt":"2024-04-10T21:22:57","slug":"tomacorriente-doble-blitz","status":"publish","type":"product","link":"https:\/\/centroferreterofarvel.com\/index.php\/producto\/tomacorriente-doble-blitz\/","title":{"rendered":"TOMACORRIENTE DOBLE BLITZ"},"content":{"rendered":"<p>Asegura una conexi\u00f3n eficiente con el Tomacorriente Doble Blitz. Con un dise\u00f1o pr\u00e1ctico y precio accesible, este tomacorriente doble es perfecto para aplicaciones interiores o exteriores. Descubre la calidad y la durabilidad que ofrece este producto de conectividad doble, donde proporciona conectividad confiable.<\/p>\n<p>Tomacorriente doble blanco fabricado en pl\u00e1stico especial anti encendido y anti quemaduras<\/p>\n<p>Amperaje de 15 Amp, corriente de 125\/250 Vac (Voltios de Corriente Alterna).<\/p>\n","protected":false},"excerpt":{"rendered":"<p>Tomacorriente Doble Blitz: Conexi\u00f3n Eficiente y Precio Accesible.<\/p>\n","protected":false},"featured_media":3393,"comment_status":"open","ping_status":"closed","template":"","meta":{"_uag_custom_page_level_css":""},"product_cat":[119],"product_tag":[244,243,255,246,256,257,242],"jetpack_sharing_enabled":true,"uagb_featured_image_src":{"full":["https:\/\/centroferreterofarvel.com\/wp-content\/uploads\/2023\/10\/trple-entrada-recto-3.png",888,1172,false],"thumbnail":["https:\/\/centroferreterofarvel.com\/wp-content\/uploads\/2023\/10\/trple-entrada-recto-3-150x150.png",150,150,true],"medium":["https:\/\/centroferreterofarvel.com\/wp-content\/uploads\/2023\/10\/trple-entrada-recto-3-227x300.png",227,300,true],"medium_large":["https:\/\/centroferreterofarvel.com\/wp-content\/uploads\/2023\/10\/trple-entrada-recto-3-768x1014.png",768,1014,true],"large":["https:\/\/centroferreterofarvel.com\/wp-content\/uploads\/2023\/10\/trple-entrada-recto-3-776x1024.png",776,1024,true],"1536x1536":["https:\/\/centroferreterofarvel.com\/wp-content\/uploads\/2023\/10\/trple-entrada-recto-3.png",888,1172,false],"2048x2048":["https:\/\/centroferreterofarvel.com\/wp-content\/uploads\/2023\/10\/trple-entrada-recto-3.png",888,1172,false],"mailpoet_newsletter_max":["https:\/\/centroferreterofarvel.com\/wp-content\/uploads\/2023\/10\/trple-entrada-recto-3.png",888,1172,false],"woocommerce_thumbnail":["https:\/\/centroferreterofarvel.com\/wp-content\/uploads\/2023\/10\/trple-entrada-recto-3-450x450.png",450,450,true],"woocommerce_single":["https:\/\/centroferreterofarvel.com\/wp-content\/uploads\/2023\/10\/trple-entrada-recto-3-600x792.png",600,792,true],"woocommerce_gallery_thumbnail":["https:\/\/centroferreterofarvel.com\/wp-content\/uploads\/2023\/10\/trple-entrada-recto-3-100x100.png",100,100,true]},"uagb_author_info":{"display_name":"centroferreterofarvel","author_link":"https:\/\/centroferreterofarvel.com\/index.php\/author\/"},"uagb_comment_info":0,"uagb_excerpt":"Tomacorriente Doble Blitz: Conexi\u00f3n Eficiente y Precio Accesible.","_links":{"self":[{"href":"https:\/\/centroferreterofarvel.com\/index.php\/wp-json\/wp\/v2\/product\/3391"}],"collection":[{"href":"https:\/\/centroferreterofarvel.com\/index.php\/wp-json\/wp\/v2\/product"}],"about":[{"href":"https:\/\/centroferreterofarvel.com\/index.php\/wp-json\/wp\/v2\/types\/product"}],"replies":[{"embeddable":true,"href":"https:\/\/centroferreterofarvel.com\/index.php\/wp-json\/wp\/v2\/comments?post=3391"}],"version-history":[{"count":1,"href":"https:\/\/centroferreterofarvel.com\/index.php\/wp-json\/wp\/v2\/product\/3391\/revisions"}],"predecessor-version":[{"id":9827,"href":"https:\/\/centroferreterofarvel.com\/index.php\/wp-json\/wp\/v2\/product\/3391\/revisions\/9827"}],"wp:featuredmedia":[{"embeddable":true,"href":"https:\/\/centroferreterofarvel.com\/index.php\/wp-json\/wp\/v2\/media\/3393"}],"wp:attachment":[{"href":"https:\/\/centroferreterofarvel.com\/index.php\/wp-json\/wp\/v2\/media?parent=3391"}],"wp:term":[{"taxonomy":"product_cat","embeddable":true,"href":"https:\/\/centroferreterofarvel.com\/index.php\/wp-json\/wp\/v2\/product_cat?post=3391"},{"taxonomy":"product_tag","embeddable":true,"href":"https:\/\/centroferreterofarvel.com\/index.php\/wp-json\/wp\/v2\/product_tag?post=3391"}],"curies":[{"name":"wp","href":"https:\/\/api.w.org\/{rel}","templated":true}]}}