{"id":3432,"date":"2023-10-17T17:02:31","date_gmt":"2023-10-17T22:02:31","guid":{"rendered":"https:\/\/centroferreterofarvel.com\/?post_type=product&#038;p=3432"},"modified":"2024-04-10T11:08:28","modified_gmt":"2024-04-10T16:08:28","slug":"candado-globe-dorado","status":"publish","type":"product","link":"https:\/\/centroferreterofarvel.com\/index.php\/producto\/candado-globe-dorado\/","title":{"rendered":"CANDADO GLOBE DORADO"},"content":{"rendered":"<p>A\u00f1ade un toque de elegancia antigua a tu equipaje con el Candado Globe Dorado. Con su dise\u00f1o distintivo en fondo dorado, este candado no solo garantiza la seguridad de tus pertenencias, sino que tambi\u00e9n agrega un elemento de estilo cl\u00e1sico. Descubre la perfecta combinaci\u00f3n de estilo y seguridad para tus viajes.<\/p>\n<p>Medidas: 1 1\/2\u00a8<\/p>\n","protected":false},"excerpt":{"rendered":"<p>Candado Globe Dorado: Estilo Cl\u00e1sico con Precio Accesible.<\/p>\n","protected":false},"featured_media":9626,"comment_status":"open","ping_status":"closed","template":"","meta":{"_uag_custom_page_level_css":""},"product_cat":[15,34],"product_tag":[225,222,224,223],"jetpack_sharing_enabled":true,"uagb_featured_image_src":{"full":["https:\/\/centroferreterofarvel.com\/wp-content\/uploads\/2023\/10\/CANDADO-GLOBE-40MM-1.png",1080,1350,false],"thumbnail":["https:\/\/centroferreterofarvel.com\/wp-content\/uploads\/2023\/10\/CANDADO-GLOBE-40MM-1-150x150.png",150,150,true],"medium":["https:\/\/centroferreterofarvel.com\/wp-content\/uploads\/2023\/10\/CANDADO-GLOBE-40MM-1-240x300.png",240,300,true],"medium_large":["https:\/\/centroferreterofarvel.com\/wp-content\/uploads\/2023\/10\/CANDADO-GLOBE-40MM-1-768x960.png",768,960,true],"large":["https:\/\/centroferreterofarvel.com\/wp-content\/uploads\/2023\/10\/CANDADO-GLOBE-40MM-1-819x1024.png",819,1024,true],"1536x1536":["https:\/\/centroferreterofarvel.com\/wp-content\/uploads\/2023\/10\/CANDADO-GLOBE-40MM-1.png",1080,1350,false],"2048x2048":["https:\/\/centroferreterofarvel.com\/wp-content\/uploads\/2023\/10\/CANDADO-GLOBE-40MM-1.png",1080,1350,false],"mailpoet_newsletter_max":["https:\/\/centroferreterofarvel.com\/wp-content\/uploads\/2023\/10\/CANDADO-GLOBE-40MM-1.png",1080,1350,false],"woocommerce_thumbnail":["https:\/\/centroferreterofarvel.com\/wp-content\/uploads\/2023\/10\/CANDADO-GLOBE-40MM-1-450x450.png",450,450,true],"woocommerce_single":["https:\/\/centroferreterofarvel.com\/wp-content\/uploads\/2023\/10\/CANDADO-GLOBE-40MM-1-600x750.png",600,750,true],"woocommerce_gallery_thumbnail":["https:\/\/centroferreterofarvel.com\/wp-content\/uploads\/2023\/10\/CANDADO-GLOBE-40MM-1-100x100.png",100,100,true]},"uagb_author_info":{"display_name":"centroferreterofarvel","author_link":"https:\/\/centroferreterofarvel.com\/index.php\/author\/"},"uagb_comment_info":0,"uagb_excerpt":"Candado Globe Dorado: Estilo Cl\u00e1sico con Precio Accesible.","_links":{"self":[{"href":"https:\/\/centroferreterofarvel.com\/index.php\/wp-json\/wp\/v2\/product\/3432"}],"collection":[{"href":"https:\/\/centroferreterofarvel.com\/index.php\/wp-json\/wp\/v2\/product"}],"about":[{"href":"https:\/\/centroferreterofarvel.com\/index.php\/wp-json\/wp\/v2\/types\/product"}],"replies":[{"embeddable":true,"href":"https:\/\/centroferreterofarvel.com\/index.php\/wp-json\/wp\/v2\/comments?post=3432"}],"version-history":[{"count":2,"href":"https:\/\/centroferreterofarvel.com\/index.php\/wp-json\/wp\/v2\/product\/3432\/revisions"}],"predecessor-version":[{"id":8700,"href":"https:\/\/centroferreterofarvel.com\/index.php\/wp-json\/wp\/v2\/product\/3432\/revisions\/8700"}],"wp:featuredmedia":[{"embeddable":true,"href":"https:\/\/centroferreterofarvel.com\/index.php\/wp-json\/wp\/v2\/media\/9626"}],"wp:attachment":[{"href":"https:\/\/centroferreterofarvel.com\/index.php\/wp-json\/wp\/v2\/media?parent=3432"}],"wp:term":[{"taxonomy":"product_cat","embeddable":true,"href":"https:\/\/centroferreterofarvel.com\/index.php\/wp-json\/wp\/v2\/product_cat?post=3432"},{"taxonomy":"product_tag","embeddable":true,"href":"https:\/\/centroferreterofarvel.com\/index.php\/wp-json\/wp\/v2\/product_tag?post=3432"}],"curies":[{"name":"wp","href":"https:\/\/api.w.org\/{rel}","templated":true}]}}