{"id":3438,"date":"2023-10-19T10:54:01","date_gmt":"2023-10-19T15:54:01","guid":{"rendered":"https:\/\/centroferreterofarvel.com\/?post_type=product&#038;p=3438"},"modified":"2024-04-10T11:06:09","modified_gmt":"2024-04-10T16:06:09","slug":"cerradura-fanal-0100805","status":"publish","type":"product","link":"https:\/\/centroferreterofarvel.com\/index.php\/producto\/cerradura-fanal-0100805\/","title":{"rendered":"CERRADURA FANAL"},"content":{"rendered":"<p>Garantiza la seguridad y privacidad en tu ba\u00f1o o dormitorio con la Cerradura Tubular Fanal. Dise\u00f1ada espec\u00edficamente para ofrecer confianza, esta chapa con llave asegura un cierre seguro, proporcionando tranquilidad en tu espacio personal. Disfruta de la seguridad y la elegancia con esta cerradura Fanal.<\/p>\n<p>Color: Bronce.<\/p>\n","protected":false},"excerpt":{"rendered":"<p>Cerradura Tubular Fanal: Seguridad y Privacidad para tu Ba\u00f1o o Dormitorio.<\/p>\n","protected":false},"featured_media":6770,"comment_status":"open","ping_status":"closed","template":"","meta":{"_uag_custom_page_level_css":""},"product_cat":[15,123],"product_tag":[218,221,211,214,219,220],"jetpack_sharing_enabled":true,"uagb_featured_image_src":{"full":["https:\/\/centroferreterofarvel.com\/wp-content\/uploads\/2023\/10\/CERRADURA-DORMITORIO-FANAL-BRONCE.png",1417,1890,false],"thumbnail":["https:\/\/centroferreterofarvel.com\/wp-content\/uploads\/2023\/10\/CERRADURA-DORMITORIO-FANAL-BRONCE-150x150.png",150,150,true],"medium":["https:\/\/centroferreterofarvel.com\/wp-content\/uploads\/2023\/10\/CERRADURA-DORMITORIO-FANAL-BRONCE-225x300.png",225,300,true],"medium_large":["https:\/\/centroferreterofarvel.com\/wp-content\/uploads\/2023\/10\/CERRADURA-DORMITORIO-FANAL-BRONCE-768x1024.png",768,1024,true],"large":["https:\/\/centroferreterofarvel.com\/wp-content\/uploads\/2023\/10\/CERRADURA-DORMITORIO-FANAL-BRONCE-768x1024.png",768,1024,true],"1536x1536":["https:\/\/centroferreterofarvel.com\/wp-content\/uploads\/2023\/10\/CERRADURA-DORMITORIO-FANAL-BRONCE-1152x1536.png",1152,1536,true],"2048x2048":["https:\/\/centroferreterofarvel.com\/wp-content\/uploads\/2023\/10\/CERRADURA-DORMITORIO-FANAL-BRONCE.png",1417,1890,false],"mailpoet_newsletter_max":["https:\/\/centroferreterofarvel.com\/wp-content\/uploads\/2023\/10\/CERRADURA-DORMITORIO-FANAL-BRONCE-1320x1761.png",1320,1761,true],"woocommerce_thumbnail":["https:\/\/centroferreterofarvel.com\/wp-content\/uploads\/2023\/10\/CERRADURA-DORMITORIO-FANAL-BRONCE-450x450.png",450,450,true],"woocommerce_single":["https:\/\/centroferreterofarvel.com\/wp-content\/uploads\/2023\/10\/CERRADURA-DORMITORIO-FANAL-BRONCE-600x800.png",600,800,true],"woocommerce_gallery_thumbnail":["https:\/\/centroferreterofarvel.com\/wp-content\/uploads\/2023\/10\/CERRADURA-DORMITORIO-FANAL-BRONCE-100x100.png",100,100,true]},"uagb_author_info":{"display_name":"centroferreterofarvel","author_link":"https:\/\/centroferreterofarvel.com\/index.php\/author\/"},"uagb_comment_info":0,"uagb_excerpt":"Cerradura Tubular Fanal: Seguridad y Privacidad para tu Ba\u00f1o o Dormitorio.","_links":{"self":[{"href":"https:\/\/centroferreterofarvel.com\/index.php\/wp-json\/wp\/v2\/product\/3438"}],"collection":[{"href":"https:\/\/centroferreterofarvel.com\/index.php\/wp-json\/wp\/v2\/product"}],"about":[{"href":"https:\/\/centroferreterofarvel.com\/index.php\/wp-json\/wp\/v2\/types\/product"}],"replies":[{"embeddable":true,"href":"https:\/\/centroferreterofarvel.com\/index.php\/wp-json\/wp\/v2\/comments?post=3438"}],"version-history":[{"count":2,"href":"https:\/\/centroferreterofarvel.com\/index.php\/wp-json\/wp\/v2\/product\/3438\/revisions"}],"predecessor-version":[{"id":6771,"href":"https:\/\/centroferreterofarvel.com\/index.php\/wp-json\/wp\/v2\/product\/3438\/revisions\/6771"}],"wp:featuredmedia":[{"embeddable":true,"href":"https:\/\/centroferreterofarvel.com\/index.php\/wp-json\/wp\/v2\/media\/6770"}],"wp:attachment":[{"href":"https:\/\/centroferreterofarvel.com\/index.php\/wp-json\/wp\/v2\/media?parent=3438"}],"wp:term":[{"taxonomy":"product_cat","embeddable":true,"href":"https:\/\/centroferreterofarvel.com\/index.php\/wp-json\/wp\/v2\/product_cat?post=3438"},{"taxonomy":"product_tag","embeddable":true,"href":"https:\/\/centroferreterofarvel.com\/index.php\/wp-json\/wp\/v2\/product_tag?post=3438"}],"curies":[{"name":"wp","href":"https:\/\/api.w.org\/{rel}","templated":true}]}}