{"id":3473,"date":"2023-10-19T15:04:46","date_gmt":"2023-10-19T20:04:46","guid":{"rendered":"https:\/\/centroferreterofarvel.com\/?post_type=product&#038;p=3473"},"modified":"2024-09-03T14:18:02","modified_gmt":"2024-09-03T19:18:02","slug":"pintura-spray-evans","status":"publish","type":"product","link":"https:\/\/centroferreterofarvel.com\/index.php\/producto\/pintura-spray-evans\/","title":{"rendered":"PINTURA SPRAY EVANS"},"content":{"rendered":"<p>Transforma tus objetos con la Pintura Spray Evans, dise\u00f1ada para brindar calidad y resistencia en cada aplicaci\u00f3n. Ya sea que necesites pintura para ba\u00f1eras en spray, para cuero o pl\u00e1stico, esta l\u00ednea de pintura en aerosol ofrece opciones para todos los proyectos. Obt\u00e9n resultados profesionales y duraderos con esta pintura aerosol de alta calidad.<\/p>\n","protected":false},"excerpt":{"rendered":"<p>Pintura Spray Evans: Calidad en Cada Rociada.<\/p>\n","protected":false},"featured_media":6067,"comment_status":"open","ping_status":"closed","template":"","meta":{"_uag_custom_page_level_css":""},"product_cat":[164],"product_tag":[191,193,192,195,199,197,198,190,194,196],"jetpack_sharing_enabled":true,"uagb_featured_image_src":{"full":["https:\/\/centroferreterofarvel.com\/wp-content\/uploads\/2023\/10\/PINTURA-SPRAY-EVANS.png",1080,1350,false],"thumbnail":["https:\/\/centroferreterofarvel.com\/wp-content\/uploads\/2023\/10\/PINTURA-SPRAY-EVANS-150x150.png",150,150,true],"medium":["https:\/\/centroferreterofarvel.com\/wp-content\/uploads\/2023\/10\/PINTURA-SPRAY-EVANS-240x300.png",240,300,true],"medium_large":["https:\/\/centroferreterofarvel.com\/wp-content\/uploads\/2023\/10\/PINTURA-SPRAY-EVANS-768x960.png",768,960,true],"large":["https:\/\/centroferreterofarvel.com\/wp-content\/uploads\/2023\/10\/PINTURA-SPRAY-EVANS-819x1024.png",819,1024,true],"1536x1536":["https:\/\/centroferreterofarvel.com\/wp-content\/uploads\/2023\/10\/PINTURA-SPRAY-EVANS.png",1080,1350,false],"2048x2048":["https:\/\/centroferreterofarvel.com\/wp-content\/uploads\/2023\/10\/PINTURA-SPRAY-EVANS.png",1080,1350,false],"mailpoet_newsletter_max":["https:\/\/centroferreterofarvel.com\/wp-content\/uploads\/2023\/10\/PINTURA-SPRAY-EVANS.png",1080,1350,false],"woocommerce_thumbnail":["https:\/\/centroferreterofarvel.com\/wp-content\/uploads\/2023\/10\/PINTURA-SPRAY-EVANS-450x450.png",450,450,true],"woocommerce_single":["https:\/\/centroferreterofarvel.com\/wp-content\/uploads\/2023\/10\/PINTURA-SPRAY-EVANS-600x750.png",600,750,true],"woocommerce_gallery_thumbnail":["https:\/\/centroferreterofarvel.com\/wp-content\/uploads\/2023\/10\/PINTURA-SPRAY-EVANS-100x100.png",100,100,true]},"uagb_author_info":{"display_name":"centroferreterofarvel","author_link":"https:\/\/centroferreterofarvel.com\/index.php\/author\/"},"uagb_comment_info":0,"uagb_excerpt":"Pintura Spray Evans: Calidad en Cada Rociada.","_links":{"self":[{"href":"https:\/\/centroferreterofarvel.com\/index.php\/wp-json\/wp\/v2\/product\/3473"}],"collection":[{"href":"https:\/\/centroferreterofarvel.com\/index.php\/wp-json\/wp\/v2\/product"}],"about":[{"href":"https:\/\/centroferreterofarvel.com\/index.php\/wp-json\/wp\/v2\/types\/product"}],"replies":[{"embeddable":true,"href":"https:\/\/centroferreterofarvel.com\/index.php\/wp-json\/wp\/v2\/comments?post=3473"}],"version-history":[{"count":1,"href":"https:\/\/centroferreterofarvel.com\/index.php\/wp-json\/wp\/v2\/product\/3473\/revisions"}],"predecessor-version":[{"id":8310,"href":"https:\/\/centroferreterofarvel.com\/index.php\/wp-json\/wp\/v2\/product\/3473\/revisions\/8310"}],"wp:featuredmedia":[{"embeddable":true,"href":"https:\/\/centroferreterofarvel.com\/index.php\/wp-json\/wp\/v2\/media\/6067"}],"wp:attachment":[{"href":"https:\/\/centroferreterofarvel.com\/index.php\/wp-json\/wp\/v2\/media?parent=3473"}],"wp:term":[{"taxonomy":"product_cat","embeddable":true,"href":"https:\/\/centroferreterofarvel.com\/index.php\/wp-json\/wp\/v2\/product_cat?post=3473"},{"taxonomy":"product_tag","embeddable":true,"href":"https:\/\/centroferreterofarvel.com\/index.php\/wp-json\/wp\/v2\/product_tag?post=3473"}],"curies":[{"name":"wp","href":"https:\/\/api.w.org\/{rel}","templated":true}]}}