{"id":3489,"date":"2023-10-19T16:46:02","date_gmt":"2023-10-19T21:46:02","guid":{"rendered":"https:\/\/centroferreterofarvel.com\/?post_type=product&#038;p=3489"},"modified":"2024-04-09T15:34:31","modified_gmt":"2024-04-09T20:34:31","slug":"pulsador-de-timbre-0100086","status":"publish","type":"product","link":"https:\/\/centroferreterofarvel.com\/index.php\/producto\/pulsador-de-timbre-0100086\/","title":{"rendered":"PULSADOR DE TIMBRE SIMPLE BLITZ"},"content":{"rendered":"<p>Transforma tu entrada con nuestro Pulsador de Timbre Exterior, dise\u00f1ado para ofrecer una activaci\u00f3n elegante y funcional. Este pulsador de timbre exterior es perfecto para mejorar la est\u00e9tica de tu entrada, proporcionando una conexi\u00f3n confiable para tu timbre y garantizando que tus visitantes puedan anunciar su llegada de manera efectiva.<\/p>\n","protected":false},"excerpt":{"rendered":"<p>Pulsador de Timbre Exterior marca Blitz: Activa tu Recepci\u00f3n con Estilo.<\/p>\n","protected":false},"featured_media":5906,"comment_status":"open","ping_status":"closed","template":"","meta":{"_uag_custom_page_level_css":""},"product_cat":[37,33],"product_tag":[184,180,183,182,181],"jetpack_sharing_enabled":true,"uagb_featured_image_src":{"full":["https:\/\/centroferreterofarvel.com\/wp-content\/uploads\/2024\/01\/MATERIAL-ELECTRICO.png",1080,1350,false],"thumbnail":["https:\/\/centroferreterofarvel.com\/wp-content\/uploads\/2024\/01\/MATERIAL-ELECTRICO-150x150.png",150,150,true],"medium":["https:\/\/centroferreterofarvel.com\/wp-content\/uploads\/2024\/01\/MATERIAL-ELECTRICO-240x300.png",240,300,true],"medium_large":["https:\/\/centroferreterofarvel.com\/wp-content\/uploads\/2024\/01\/MATERIAL-ELECTRICO-768x960.png",768,960,true],"large":["https:\/\/centroferreterofarvel.com\/wp-content\/uploads\/2024\/01\/MATERIAL-ELECTRICO-819x1024.png",819,1024,true],"1536x1536":["https:\/\/centroferreterofarvel.com\/wp-content\/uploads\/2024\/01\/MATERIAL-ELECTRICO.png",1080,1350,false],"2048x2048":["https:\/\/centroferreterofarvel.com\/wp-content\/uploads\/2024\/01\/MATERIAL-ELECTRICO.png",1080,1350,false],"mailpoet_newsletter_max":["https:\/\/centroferreterofarvel.com\/wp-content\/uploads\/2024\/01\/MATERIAL-ELECTRICO.png",1080,1350,false],"woocommerce_thumbnail":["https:\/\/centroferreterofarvel.com\/wp-content\/uploads\/2024\/01\/MATERIAL-ELECTRICO-450x450.png",450,450,true],"woocommerce_single":["https:\/\/centroferreterofarvel.com\/wp-content\/uploads\/2024\/01\/MATERIAL-ELECTRICO-600x750.png",600,750,true],"woocommerce_gallery_thumbnail":["https:\/\/centroferreterofarvel.com\/wp-content\/uploads\/2024\/01\/MATERIAL-ELECTRICO-100x100.png",100,100,true]},"uagb_author_info":{"display_name":"centroferreterofarvel","author_link":"https:\/\/centroferreterofarvel.com\/index.php\/author\/"},"uagb_comment_info":0,"uagb_excerpt":"Pulsador de Timbre Exterior marca Blitz: Activa tu Recepci\u00f3n con Estilo.","_links":{"self":[{"href":"https:\/\/centroferreterofarvel.com\/index.php\/wp-json\/wp\/v2\/product\/3489"}],"collection":[{"href":"https:\/\/centroferreterofarvel.com\/index.php\/wp-json\/wp\/v2\/product"}],"about":[{"href":"https:\/\/centroferreterofarvel.com\/index.php\/wp-json\/wp\/v2\/types\/product"}],"replies":[{"embeddable":true,"href":"https:\/\/centroferreterofarvel.com\/index.php\/wp-json\/wp\/v2\/comments?post=3489"}],"version-history":[{"count":3,"href":"https:\/\/centroferreterofarvel.com\/index.php\/wp-json\/wp\/v2\/product\/3489\/revisions"}],"predecessor-version":[{"id":9604,"href":"https:\/\/centroferreterofarvel.com\/index.php\/wp-json\/wp\/v2\/product\/3489\/revisions\/9604"}],"wp:featuredmedia":[{"embeddable":true,"href":"https:\/\/centroferreterofarvel.com\/index.php\/wp-json\/wp\/v2\/media\/5906"}],"wp:attachment":[{"href":"https:\/\/centroferreterofarvel.com\/index.php\/wp-json\/wp\/v2\/media?parent=3489"}],"wp:term":[{"taxonomy":"product_cat","embeddable":true,"href":"https:\/\/centroferreterofarvel.com\/index.php\/wp-json\/wp\/v2\/product_cat?post=3489"},{"taxonomy":"product_tag","embeddable":true,"href":"https:\/\/centroferreterofarvel.com\/index.php\/wp-json\/wp\/v2\/product_tag?post=3489"}],"curies":[{"name":"wp","href":"https:\/\/api.w.org\/{rel}","templated":true}]}}