{"id":3518,"date":"2023-10-24T12:39:23","date_gmt":"2023-10-24T17:39:23","guid":{"rendered":"https:\/\/centroferreterofarvel.com\/?post_type=product&#038;p=3518"},"modified":"2024-04-09T15:29:51","modified_gmt":"2024-04-09T20:29:51","slug":"boquilla-plafon-roseton-loza-keyless","status":"publish","type":"product","link":"https:\/\/centroferreterofarvel.com\/index.php\/producto\/boquilla-plafon-roseton-loza-keyless\/","title":{"rendered":"BOQUILLA PLAF\u00d3N ROSET\u00d3N LOZA KEYLESS"},"content":{"rendered":"<p>Eleva la est\u00e9tica de tu iluminaci\u00f3n con la Boquilla Plaf\u00f3n Roset\u00f3n Loza Keyless, un portal\u00e1mpara cer\u00e1mico que combina elegancia y durabilidad. Este porta foco es la elecci\u00f3n perfecta para realzar la iluminaci\u00f3n de tu espacio. Asegura un soporte confiable para tus bombillas con esta opci\u00f3n de iluminaci\u00f3n de calidad.<\/p>\n","protected":false},"excerpt":{"rendered":"<p>Boquilla Plaf\u00f3n Roset\u00f3n Loza Keyless: Elegancia y Durabilidad en Cer\u00e1mica.<\/p>\n","protected":false},"featured_media":9385,"comment_status":"open","ping_status":"closed","template":"","meta":{"_uag_custom_page_level_css":""},"product_cat":[151,24],"product_tag":[75,76,77,78,79,74,80],"jetpack_sharing_enabled":true,"uagb_featured_image_src":{"full":["https:\/\/centroferreterofarvel.com\/wp-content\/uploads\/2023\/10\/BOQUILLA-PLAFON-ROSETON-LOZA-KEYLESS.png",1080,1350,false],"thumbnail":["https:\/\/centroferreterofarvel.com\/wp-content\/uploads\/2023\/10\/BOQUILLA-PLAFON-ROSETON-LOZA-KEYLESS-150x150.png",150,150,true],"medium":["https:\/\/centroferreterofarvel.com\/wp-content\/uploads\/2023\/10\/BOQUILLA-PLAFON-ROSETON-LOZA-KEYLESS-240x300.png",240,300,true],"medium_large":["https:\/\/centroferreterofarvel.com\/wp-content\/uploads\/2023\/10\/BOQUILLA-PLAFON-ROSETON-LOZA-KEYLESS-768x960.png",768,960,true],"large":["https:\/\/centroferreterofarvel.com\/wp-content\/uploads\/2023\/10\/BOQUILLA-PLAFON-ROSETON-LOZA-KEYLESS-819x1024.png",819,1024,true],"1536x1536":["https:\/\/centroferreterofarvel.com\/wp-content\/uploads\/2023\/10\/BOQUILLA-PLAFON-ROSETON-LOZA-KEYLESS.png",1080,1350,false],"2048x2048":["https:\/\/centroferreterofarvel.com\/wp-content\/uploads\/2023\/10\/BOQUILLA-PLAFON-ROSETON-LOZA-KEYLESS.png",1080,1350,false],"mailpoet_newsletter_max":["https:\/\/centroferreterofarvel.com\/wp-content\/uploads\/2023\/10\/BOQUILLA-PLAFON-ROSETON-LOZA-KEYLESS.png",1080,1350,false],"woocommerce_thumbnail":["https:\/\/centroferreterofarvel.com\/wp-content\/uploads\/2023\/10\/BOQUILLA-PLAFON-ROSETON-LOZA-KEYLESS-450x450.png",450,450,true],"woocommerce_single":["https:\/\/centroferreterofarvel.com\/wp-content\/uploads\/2023\/10\/BOQUILLA-PLAFON-ROSETON-LOZA-KEYLESS-600x750.png",600,750,true],"woocommerce_gallery_thumbnail":["https:\/\/centroferreterofarvel.com\/wp-content\/uploads\/2023\/10\/BOQUILLA-PLAFON-ROSETON-LOZA-KEYLESS-100x100.png",100,100,true]},"uagb_author_info":{"display_name":"centroferreterofarvel","author_link":"https:\/\/centroferreterofarvel.com\/index.php\/author\/"},"uagb_comment_info":0,"uagb_excerpt":"Boquilla Plaf\u00f3n Roset\u00f3n Loza Keyless: Elegancia y Durabilidad en Cer\u00e1mica.","_links":{"self":[{"href":"https:\/\/centroferreterofarvel.com\/index.php\/wp-json\/wp\/v2\/product\/3518"}],"collection":[{"href":"https:\/\/centroferreterofarvel.com\/index.php\/wp-json\/wp\/v2\/product"}],"about":[{"href":"https:\/\/centroferreterofarvel.com\/index.php\/wp-json\/wp\/v2\/types\/product"}],"replies":[{"embeddable":true,"href":"https:\/\/centroferreterofarvel.com\/index.php\/wp-json\/wp\/v2\/comments?post=3518"}],"version-history":[{"count":4,"href":"https:\/\/centroferreterofarvel.com\/index.php\/wp-json\/wp\/v2\/product\/3518\/revisions"}],"predecessor-version":[{"id":9863,"href":"https:\/\/centroferreterofarvel.com\/index.php\/wp-json\/wp\/v2\/product\/3518\/revisions\/9863"}],"wp:featuredmedia":[{"embeddable":true,"href":"https:\/\/centroferreterofarvel.com\/index.php\/wp-json\/wp\/v2\/media\/9385"}],"wp:attachment":[{"href":"https:\/\/centroferreterofarvel.com\/index.php\/wp-json\/wp\/v2\/media?parent=3518"}],"wp:term":[{"taxonomy":"product_cat","embeddable":true,"href":"https:\/\/centroferreterofarvel.com\/index.php\/wp-json\/wp\/v2\/product_cat?post=3518"},{"taxonomy":"product_tag","embeddable":true,"href":"https:\/\/centroferreterofarvel.com\/index.php\/wp-json\/wp\/v2\/product_tag?post=3518"}],"curies":[{"name":"wp","href":"https:\/\/api.w.org\/{rel}","templated":true}]}}