{"id":3560,"date":"2023-10-27T15:55:48","date_gmt":"2023-10-27T20:55:48","guid":{"rendered":"https:\/\/centroferreterofarvel.com\/?post_type=product&#038;p=3560"},"modified":"2024-05-30T12:53:23","modified_gmt":"2024-05-30T17:53:23","slug":"brocha-comando","status":"publish","type":"product","link":"https:\/\/centroferreterofarvel.com\/index.php\/producto\/brocha-comando\/","title":{"rendered":"BROCHA COMANDO"},"content":{"rendered":"<p>Descubre la excelencia en cada trazo con nuestras brochas Comando, dise\u00f1adas para pintar paredes con precisi\u00f3n y facilidad. Aprovecha la durabilidad y el rendimiento superior de nuestras brochas, son la elecci\u00f3n perfecta para transformar tus espacios con un acabado impecable, convirtiendo cada proyecto en una obra maestra de precisi\u00f3n y estilo.<\/p>\n","protected":false},"excerpt":{"rendered":"<p>Brocha para Pintar Paredes Comando: Alta Calidad y Econom\u00eda.<\/p>\n","protected":false},"featured_media":9678,"comment_status":"open","ping_status":"closed","template":"","meta":{"_uag_custom_page_level_css":""},"product_cat":[35,157],"product_tag":[47,188,189,49],"jetpack_sharing_enabled":true,"uagb_featured_image_src":{"full":["https:\/\/centroferreterofarvel.com\/wp-content\/uploads\/2023\/10\/BROCHA-CBLANCO-3.4-COMANDO.png",1080,1350,false],"thumbnail":["https:\/\/centroferreterofarvel.com\/wp-content\/uploads\/2023\/10\/BROCHA-CBLANCO-3.4-COMANDO-150x150.png",150,150,true],"medium":["https:\/\/centroferreterofarvel.com\/wp-content\/uploads\/2023\/10\/BROCHA-CBLANCO-3.4-COMANDO-240x300.png",240,300,true],"medium_large":["https:\/\/centroferreterofarvel.com\/wp-content\/uploads\/2023\/10\/BROCHA-CBLANCO-3.4-COMANDO-768x960.png",768,960,true],"large":["https:\/\/centroferreterofarvel.com\/wp-content\/uploads\/2023\/10\/BROCHA-CBLANCO-3.4-COMANDO-819x1024.png",819,1024,true],"1536x1536":["https:\/\/centroferreterofarvel.com\/wp-content\/uploads\/2023\/10\/BROCHA-CBLANCO-3.4-COMANDO.png",1080,1350,false],"2048x2048":["https:\/\/centroferreterofarvel.com\/wp-content\/uploads\/2023\/10\/BROCHA-CBLANCO-3.4-COMANDO.png",1080,1350,false],"mailpoet_newsletter_max":["https:\/\/centroferreterofarvel.com\/wp-content\/uploads\/2023\/10\/BROCHA-CBLANCO-3.4-COMANDO.png",1080,1350,false],"woocommerce_thumbnail":["https:\/\/centroferreterofarvel.com\/wp-content\/uploads\/2023\/10\/BROCHA-CBLANCO-3.4-COMANDO-450x450.png",450,450,true],"woocommerce_single":["https:\/\/centroferreterofarvel.com\/wp-content\/uploads\/2023\/10\/BROCHA-CBLANCO-3.4-COMANDO-600x750.png",600,750,true],"woocommerce_gallery_thumbnail":["https:\/\/centroferreterofarvel.com\/wp-content\/uploads\/2023\/10\/BROCHA-CBLANCO-3.4-COMANDO-100x100.png",100,100,true]},"uagb_author_info":{"display_name":"centroferreterofarvel","author_link":"https:\/\/centroferreterofarvel.com\/index.php\/author\/"},"uagb_comment_info":0,"uagb_excerpt":"Brocha para Pintar Paredes Comando: Alta Calidad y Econom\u00eda.","_links":{"self":[{"href":"https:\/\/centroferreterofarvel.com\/index.php\/wp-json\/wp\/v2\/product\/3560"}],"collection":[{"href":"https:\/\/centroferreterofarvel.com\/index.php\/wp-json\/wp\/v2\/product"}],"about":[{"href":"https:\/\/centroferreterofarvel.com\/index.php\/wp-json\/wp\/v2\/types\/product"}],"replies":[{"embeddable":true,"href":"https:\/\/centroferreterofarvel.com\/index.php\/wp-json\/wp\/v2\/comments?post=3560"}],"version-history":[{"count":1,"href":"https:\/\/centroferreterofarvel.com\/index.php\/wp-json\/wp\/v2\/product\/3560\/revisions"}],"predecessor-version":[{"id":8617,"href":"https:\/\/centroferreterofarvel.com\/index.php\/wp-json\/wp\/v2\/product\/3560\/revisions\/8617"}],"wp:featuredmedia":[{"embeddable":true,"href":"https:\/\/centroferreterofarvel.com\/index.php\/wp-json\/wp\/v2\/media\/9678"}],"wp:attachment":[{"href":"https:\/\/centroferreterofarvel.com\/index.php\/wp-json\/wp\/v2\/media?parent=3560"}],"wp:term":[{"taxonomy":"product_cat","embeddable":true,"href":"https:\/\/centroferreterofarvel.com\/index.php\/wp-json\/wp\/v2\/product_cat?post=3560"},{"taxonomy":"product_tag","embeddable":true,"href":"https:\/\/centroferreterofarvel.com\/index.php\/wp-json\/wp\/v2\/product_tag?post=3560"}],"curies":[{"name":"wp","href":"https:\/\/api.w.org\/{rel}","templated":true}]}}