{"id":3600,"date":"2023-10-27T16:41:20","date_gmt":"2023-10-27T21:41:20","guid":{"rendered":"https:\/\/centroferreterofarvel.com\/?post_type=product&#038;p=3600"},"modified":"2024-04-10T21:33:58","modified_gmt":"2024-04-11T02:33:58","slug":"valvula-de-gas-domestico-c-gasom-hum-0100219","status":"publish","type":"product","link":"https:\/\/centroferreterofarvel.com\/index.php\/producto\/valvula-de-gas-domestico-c-gasom-hum-0100219\/","title":{"rendered":"V\u00c1LVULA DE GAS DOMESTICO C\/GASOM.HUM"},"content":{"rendered":"<p>Garantiza la seguridad en tu hogar con nuestra V\u00e1lvula de Gas Dom\u00e9stico dise\u00f1ada espec\u00edficamente para cocinas. Esta v\u00e1lvula ofrece un control preciso del suministro de gas, asegurando un entorno dom\u00e9stico seguro, convirti\u00e9ndola en la elecci\u00f3n ideal para mantener tu hogar protegido. Descubre la comodidad y la tranquilidad que ofrece nuestra V\u00e1lvula de Gas para cocina dom\u00e9stica en tu vida diaria.<\/p>\n","protected":false},"excerpt":{"rendered":"<p>V\u00e1lvula de Gas Dom\u00e9stico para Cocina.<\/p>\n","protected":false},"featured_media":3601,"comment_status":"open","ping_status":"closed","template":"","meta":{"_uag_custom_page_level_css":""},"product_cat":[129],"product_tag":[51,50,52],"jetpack_sharing_enabled":true,"uagb_featured_image_src":{"full":["https:\/\/centroferreterofarvel.com\/wp-content\/uploads\/2023\/10\/valvula-de-gas-ploma-2.png",960,941,false],"thumbnail":["https:\/\/centroferreterofarvel.com\/wp-content\/uploads\/2023\/10\/valvula-de-gas-ploma-2-150x150.png",150,150,true],"medium":["https:\/\/centroferreterofarvel.com\/wp-content\/uploads\/2023\/10\/valvula-de-gas-ploma-2-300x294.png",300,294,true],"medium_large":["https:\/\/centroferreterofarvel.com\/wp-content\/uploads\/2023\/10\/valvula-de-gas-ploma-2-768x753.png",768,753,true],"large":["https:\/\/centroferreterofarvel.com\/wp-content\/uploads\/2023\/10\/valvula-de-gas-ploma-2.png",960,941,false],"1536x1536":["https:\/\/centroferreterofarvel.com\/wp-content\/uploads\/2023\/10\/valvula-de-gas-ploma-2.png",960,941,false],"2048x2048":["https:\/\/centroferreterofarvel.com\/wp-content\/uploads\/2023\/10\/valvula-de-gas-ploma-2.png",960,941,false],"mailpoet_newsletter_max":["https:\/\/centroferreterofarvel.com\/wp-content\/uploads\/2023\/10\/valvula-de-gas-ploma-2.png",960,941,false],"woocommerce_thumbnail":["https:\/\/centroferreterofarvel.com\/wp-content\/uploads\/2023\/10\/valvula-de-gas-ploma-2-450x450.png",450,450,true],"woocommerce_single":["https:\/\/centroferreterofarvel.com\/wp-content\/uploads\/2023\/10\/valvula-de-gas-ploma-2-600x588.png",600,588,true],"woocommerce_gallery_thumbnail":["https:\/\/centroferreterofarvel.com\/wp-content\/uploads\/2023\/10\/valvula-de-gas-ploma-2-100x100.png",100,100,true]},"uagb_author_info":{"display_name":"centroferreterofarvel","author_link":"https:\/\/centroferreterofarvel.com\/index.php\/author\/"},"uagb_comment_info":0,"uagb_excerpt":"V\u00e1lvula de Gas Dom\u00e9stico para Cocina.","_links":{"self":[{"href":"https:\/\/centroferreterofarvel.com\/index.php\/wp-json\/wp\/v2\/product\/3600"}],"collection":[{"href":"https:\/\/centroferreterofarvel.com\/index.php\/wp-json\/wp\/v2\/product"}],"about":[{"href":"https:\/\/centroferreterofarvel.com\/index.php\/wp-json\/wp\/v2\/types\/product"}],"replies":[{"embeddable":true,"href":"https:\/\/centroferreterofarvel.com\/index.php\/wp-json\/wp\/v2\/comments?post=3600"}],"version-history":[{"count":2,"href":"https:\/\/centroferreterofarvel.com\/index.php\/wp-json\/wp\/v2\/product\/3600\/revisions"}],"predecessor-version":[{"id":10125,"href":"https:\/\/centroferreterofarvel.com\/index.php\/wp-json\/wp\/v2\/product\/3600\/revisions\/10125"}],"wp:featuredmedia":[{"embeddable":true,"href":"https:\/\/centroferreterofarvel.com\/index.php\/wp-json\/wp\/v2\/media\/3601"}],"wp:attachment":[{"href":"https:\/\/centroferreterofarvel.com\/index.php\/wp-json\/wp\/v2\/media?parent=3600"}],"wp:term":[{"taxonomy":"product_cat","embeddable":true,"href":"https:\/\/centroferreterofarvel.com\/index.php\/wp-json\/wp\/v2\/product_cat?post=3600"},{"taxonomy":"product_tag","embeddable":true,"href":"https:\/\/centroferreterofarvel.com\/index.php\/wp-json\/wp\/v2\/product_tag?post=3600"}],"curies":[{"name":"wp","href":"https:\/\/api.w.org\/{rel}","templated":true}]}}