{"id":3609,"date":"2023-10-30T16:38:13","date_gmt":"2023-10-30T21:38:13","guid":{"rendered":"https:\/\/centroferreterofarvel.com\/?post_type=product&#038;p=3609"},"modified":"2024-04-10T21:32:06","modified_gmt":"2024-04-11T02:32:06","slug":"silicon-abro","status":"publish","type":"product","link":"https:\/\/centroferreterofarvel.com\/index.php\/producto\/silicon-abro\/","title":{"rendered":"SILICON ABRO 1200"},"content":{"rendered":"<p>Experimenta la calidad superior del sellador de silicona ABRO 1200 en su versi\u00f3n blanca, ideal para sellados que requieren un acabado impecable que necesitan un toque limpio y est\u00e9tico. Esta f\u00f3rmula de alta temperatura asegura un sellado resistente y duradero, brindando confianza en proyectos exigentes. Obt\u00e9n el mejor precio en el mercado para este sellador de silicona blanco.<\/p>\n","protected":false},"excerpt":{"rendered":"<p>Silicon ABRO 1200: Sellado Confiable y Duradero.<\/p>\n","protected":false},"featured_media":6061,"comment_status":"open","ping_status":"closed","template":"","meta":{"_uag_custom_page_level_css":""},"product_cat":[150],"product_tag":[43,41,39,42,44,45,46,40],"jetpack_sharing_enabled":true,"uagb_featured_image_src":{"full":["https:\/\/centroferreterofarvel.com\/wp-content\/uploads\/2023\/10\/SILICON-BLANCO-ABRO.png",1080,1350,false],"thumbnail":["https:\/\/centroferreterofarvel.com\/wp-content\/uploads\/2023\/10\/SILICON-BLANCO-ABRO-150x150.png",150,150,true],"medium":["https:\/\/centroferreterofarvel.com\/wp-content\/uploads\/2023\/10\/SILICON-BLANCO-ABRO-240x300.png",240,300,true],"medium_large":["https:\/\/centroferreterofarvel.com\/wp-content\/uploads\/2023\/10\/SILICON-BLANCO-ABRO-768x960.png",768,960,true],"large":["https:\/\/centroferreterofarvel.com\/wp-content\/uploads\/2023\/10\/SILICON-BLANCO-ABRO-819x1024.png",819,1024,true],"1536x1536":["https:\/\/centroferreterofarvel.com\/wp-content\/uploads\/2023\/10\/SILICON-BLANCO-ABRO.png",1080,1350,false],"2048x2048":["https:\/\/centroferreterofarvel.com\/wp-content\/uploads\/2023\/10\/SILICON-BLANCO-ABRO.png",1080,1350,false],"mailpoet_newsletter_max":["https:\/\/centroferreterofarvel.com\/wp-content\/uploads\/2023\/10\/SILICON-BLANCO-ABRO.png",1080,1350,false],"woocommerce_thumbnail":["https:\/\/centroferreterofarvel.com\/wp-content\/uploads\/2023\/10\/SILICON-BLANCO-ABRO-450x450.png",450,450,true],"woocommerce_single":["https:\/\/centroferreterofarvel.com\/wp-content\/uploads\/2023\/10\/SILICON-BLANCO-ABRO-600x750.png",600,750,true],"woocommerce_gallery_thumbnail":["https:\/\/centroferreterofarvel.com\/wp-content\/uploads\/2023\/10\/SILICON-BLANCO-ABRO-100x100.png",100,100,true]},"uagb_author_info":{"display_name":"centroferreterofarvel","author_link":"https:\/\/centroferreterofarvel.com\/index.php\/author\/"},"uagb_comment_info":0,"uagb_excerpt":"Silicon ABRO 1200: Sellado Confiable y Duradero.","_links":{"self":[{"href":"https:\/\/centroferreterofarvel.com\/index.php\/wp-json\/wp\/v2\/product\/3609"}],"collection":[{"href":"https:\/\/centroferreterofarvel.com\/index.php\/wp-json\/wp\/v2\/product"}],"about":[{"href":"https:\/\/centroferreterofarvel.com\/index.php\/wp-json\/wp\/v2\/types\/product"}],"replies":[{"embeddable":true,"href":"https:\/\/centroferreterofarvel.com\/index.php\/wp-json\/wp\/v2\/comments?post=3609"}],"version-history":[{"count":3,"href":"https:\/\/centroferreterofarvel.com\/index.php\/wp-json\/wp\/v2\/product\/3609\/revisions"}],"predecessor-version":[{"id":9525,"href":"https:\/\/centroferreterofarvel.com\/index.php\/wp-json\/wp\/v2\/product\/3609\/revisions\/9525"}],"wp:featuredmedia":[{"embeddable":true,"href":"https:\/\/centroferreterofarvel.com\/index.php\/wp-json\/wp\/v2\/media\/6061"}],"wp:attachment":[{"href":"https:\/\/centroferreterofarvel.com\/index.php\/wp-json\/wp\/v2\/media?parent=3609"}],"wp:term":[{"taxonomy":"product_cat","embeddable":true,"href":"https:\/\/centroferreterofarvel.com\/index.php\/wp-json\/wp\/v2\/product_cat?post=3609"},{"taxonomy":"product_tag","embeddable":true,"href":"https:\/\/centroferreterofarvel.com\/index.php\/wp-json\/wp\/v2\/product_tag?post=3609"}],"curies":[{"name":"wp","href":"https:\/\/api.w.org\/{rel}","templated":true}]}}