{"id":4173,"date":"2023-12-15T15:01:26","date_gmt":"2023-12-15T20:01:26","guid":{"rendered":"https:\/\/centroferreterofarvel.com\/?post_type=product&#038;p=4173"},"modified":"2024-09-05T12:11:17","modified_gmt":"2024-09-05T17:11:17","slug":"rodillo-de-felpa-comando","status":"publish","type":"product","link":"https:\/\/centroferreterofarvel.com\/index.php\/producto\/rodillo-de-felpa-comando\/","title":{"rendered":"RODILLO DE FELPA COMANDO"},"content":{"rendered":"<p>Descubre nuestros Rodillos de Felpa Comando, equipado con una felpa rugosa para lograr detalles precisos. Este rodillo es ideal para proyectos que requieren una cobertura uniforme. El mango para felpa proporciona un control c\u00f3modo y preciso, convirti\u00e9ndolo en la elecci\u00f3n perfecta para tus necesidades de pintura.<\/p>\n","protected":false},"excerpt":{"rendered":"<p>Rodillo de Felpa Comando para Detalles Precisos.<\/p>\n","protected":false},"featured_media":6056,"comment_status":"open","ping_status":"closed","template":"","meta":{"_uag_custom_page_level_css":""},"product_cat":[157],"product_tag":[54,55,56,58,81,53],"jetpack_sharing_enabled":true,"uagb_featured_image_src":{"full":["https:\/\/centroferreterofarvel.com\/wp-content\/uploads\/2023\/12\/RODILLO-DE-FELPA-COMANDO.png",1080,1350,false],"thumbnail":["https:\/\/centroferreterofarvel.com\/wp-content\/uploads\/2023\/12\/RODILLO-DE-FELPA-COMANDO-150x150.png",150,150,true],"medium":["https:\/\/centroferreterofarvel.com\/wp-content\/uploads\/2023\/12\/RODILLO-DE-FELPA-COMANDO-240x300.png",240,300,true],"medium_large":["https:\/\/centroferreterofarvel.com\/wp-content\/uploads\/2023\/12\/RODILLO-DE-FELPA-COMANDO-768x960.png",768,960,true],"large":["https:\/\/centroferreterofarvel.com\/wp-content\/uploads\/2023\/12\/RODILLO-DE-FELPA-COMANDO-819x1024.png",819,1024,true],"1536x1536":["https:\/\/centroferreterofarvel.com\/wp-content\/uploads\/2023\/12\/RODILLO-DE-FELPA-COMANDO.png",1080,1350,false],"2048x2048":["https:\/\/centroferreterofarvel.com\/wp-content\/uploads\/2023\/12\/RODILLO-DE-FELPA-COMANDO.png",1080,1350,false],"mailpoet_newsletter_max":["https:\/\/centroferreterofarvel.com\/wp-content\/uploads\/2023\/12\/RODILLO-DE-FELPA-COMANDO.png",1080,1350,false],"woocommerce_thumbnail":["https:\/\/centroferreterofarvel.com\/wp-content\/uploads\/2023\/12\/RODILLO-DE-FELPA-COMANDO-450x450.png",450,450,true],"woocommerce_single":["https:\/\/centroferreterofarvel.com\/wp-content\/uploads\/2023\/12\/RODILLO-DE-FELPA-COMANDO-600x750.png",600,750,true],"woocommerce_gallery_thumbnail":["https:\/\/centroferreterofarvel.com\/wp-content\/uploads\/2023\/12\/RODILLO-DE-FELPA-COMANDO-100x100.png",100,100,true]},"uagb_author_info":{"display_name":"centroferreterofarvel","author_link":"https:\/\/centroferreterofarvel.com\/index.php\/author\/"},"uagb_comment_info":0,"uagb_excerpt":"Rodillo de Felpa Comando para Detalles Precisos.","_links":{"self":[{"href":"https:\/\/centroferreterofarvel.com\/index.php\/wp-json\/wp\/v2\/product\/4173"}],"collection":[{"href":"https:\/\/centroferreterofarvel.com\/index.php\/wp-json\/wp\/v2\/product"}],"about":[{"href":"https:\/\/centroferreterofarvel.com\/index.php\/wp-json\/wp\/v2\/types\/product"}],"replies":[{"embeddable":true,"href":"https:\/\/centroferreterofarvel.com\/index.php\/wp-json\/wp\/v2\/comments?post=4173"}],"version-history":[{"count":3,"href":"https:\/\/centroferreterofarvel.com\/index.php\/wp-json\/wp\/v2\/product\/4173\/revisions"}],"predecessor-version":[{"id":11340,"href":"https:\/\/centroferreterofarvel.com\/index.php\/wp-json\/wp\/v2\/product\/4173\/revisions\/11340"}],"wp:featuredmedia":[{"embeddable":true,"href":"https:\/\/centroferreterofarvel.com\/index.php\/wp-json\/wp\/v2\/media\/6056"}],"wp:attachment":[{"href":"https:\/\/centroferreterofarvel.com\/index.php\/wp-json\/wp\/v2\/media?parent=4173"}],"wp:term":[{"taxonomy":"product_cat","embeddable":true,"href":"https:\/\/centroferreterofarvel.com\/index.php\/wp-json\/wp\/v2\/product_cat?post=4173"},{"taxonomy":"product_tag","embeddable":true,"href":"https:\/\/centroferreterofarvel.com\/index.php\/wp-json\/wp\/v2\/product_tag?post=4173"}],"curies":[{"name":"wp","href":"https:\/\/api.w.org\/{rel}","templated":true}]}}