{"id":6138,"date":"2024-02-05T14:54:47","date_gmt":"2024-02-05T19:54:47","guid":{"rendered":"https:\/\/centroferreterofarvel.com\/?post_type=product&#038;p=6138"},"modified":"2024-05-28T14:43:09","modified_gmt":"2024-05-28T19:43:09","slug":"abrazadera-titan","status":"publish","type":"product","link":"https:\/\/centroferreterofarvel.com\/index.php\/producto\/abrazadera-titan\/","title":{"rendered":"ABRAZADERA TITAN"},"content":{"rendered":"<p>Explora nuestra l\u00ednea de abrazaderas Titan, l\u00edder en calidad y durabilidad. Nuestra abrazadera Titan es la soluci\u00f3n ideal para la sujeci\u00f3n de tuber\u00edas el\u00e9ctricas en proyectos de construcci\u00f3n. Con medidas precisas y fabricadas con los est\u00e1ndares m\u00e1s altos, estas abrazaderas Titan garantizan una instalaci\u00f3n segura y eficiente. Consulta nuestro cat\u00e1logo para descubrir las variadas opciones que ofrecemos.<\/p>\n","protected":false},"excerpt":{"rendered":"<p>Abrazadera Titan: La Elecci\u00f3n Confiable para tus Proyectos.<\/p>\n","protected":false},"featured_media":6139,"comment_status":"open","ping_status":"closed","template":"","meta":{"_uag_custom_page_level_css":""},"product_cat":[15,125],"product_tag":[560,576,559,578,573,574,577,575],"jetpack_sharing_enabled":true,"uagb_featured_image_src":{"full":["https:\/\/centroferreterofarvel.com\/wp-content\/uploads\/2024\/02\/ABRAZADERA-TITAN.png",1080,1350,false],"thumbnail":["https:\/\/centroferreterofarvel.com\/wp-content\/uploads\/2024\/02\/ABRAZADERA-TITAN-150x150.png",150,150,true],"medium":["https:\/\/centroferreterofarvel.com\/wp-content\/uploads\/2024\/02\/ABRAZADERA-TITAN-240x300.png",240,300,true],"medium_large":["https:\/\/centroferreterofarvel.com\/wp-content\/uploads\/2024\/02\/ABRAZADERA-TITAN-768x960.png",768,960,true],"large":["https:\/\/centroferreterofarvel.com\/wp-content\/uploads\/2024\/02\/ABRAZADERA-TITAN-819x1024.png",819,1024,true],"1536x1536":["https:\/\/centroferreterofarvel.com\/wp-content\/uploads\/2024\/02\/ABRAZADERA-TITAN.png",1080,1350,false],"2048x2048":["https:\/\/centroferreterofarvel.com\/wp-content\/uploads\/2024\/02\/ABRAZADERA-TITAN.png",1080,1350,false],"mailpoet_newsletter_max":["https:\/\/centroferreterofarvel.com\/wp-content\/uploads\/2024\/02\/ABRAZADERA-TITAN.png",1080,1350,false],"woocommerce_thumbnail":["https:\/\/centroferreterofarvel.com\/wp-content\/uploads\/2024\/02\/ABRAZADERA-TITAN-450x450.png",450,450,true],"woocommerce_single":["https:\/\/centroferreterofarvel.com\/wp-content\/uploads\/2024\/02\/ABRAZADERA-TITAN-600x750.png",600,750,true],"woocommerce_gallery_thumbnail":["https:\/\/centroferreterofarvel.com\/wp-content\/uploads\/2024\/02\/ABRAZADERA-TITAN-100x100.png",100,100,true]},"uagb_author_info":{"display_name":"centroferreterofarvel","author_link":"https:\/\/centroferreterofarvel.com\/index.php\/author\/"},"uagb_comment_info":0,"uagb_excerpt":"Abrazadera Titan: La Elecci\u00f3n Confiable para tus Proyectos.","_links":{"self":[{"href":"https:\/\/centroferreterofarvel.com\/index.php\/wp-json\/wp\/v2\/product\/6138"}],"collection":[{"href":"https:\/\/centroferreterofarvel.com\/index.php\/wp-json\/wp\/v2\/product"}],"about":[{"href":"https:\/\/centroferreterofarvel.com\/index.php\/wp-json\/wp\/v2\/types\/product"}],"replies":[{"embeddable":true,"href":"https:\/\/centroferreterofarvel.com\/index.php\/wp-json\/wp\/v2\/comments?post=6138"}],"version-history":[{"count":3,"href":"https:\/\/centroferreterofarvel.com\/index.php\/wp-json\/wp\/v2\/product\/6138\/revisions"}],"predecessor-version":[{"id":10847,"href":"https:\/\/centroferreterofarvel.com\/index.php\/wp-json\/wp\/v2\/product\/6138\/revisions\/10847"}],"wp:featuredmedia":[{"embeddable":true,"href":"https:\/\/centroferreterofarvel.com\/index.php\/wp-json\/wp\/v2\/media\/6139"}],"wp:attachment":[{"href":"https:\/\/centroferreterofarvel.com\/index.php\/wp-json\/wp\/v2\/media?parent=6138"}],"wp:term":[{"taxonomy":"product_cat","embeddable":true,"href":"https:\/\/centroferreterofarvel.com\/index.php\/wp-json\/wp\/v2\/product_cat?post=6138"},{"taxonomy":"product_tag","embeddable":true,"href":"https:\/\/centroferreterofarvel.com\/index.php\/wp-json\/wp\/v2\/product_tag?post=6138"}],"curies":[{"name":"wp","href":"https:\/\/api.w.org\/{rel}","templated":true}]}}