{"id":6141,"date":"2024-02-05T15:09:37","date_gmt":"2024-02-05T20:09:37","guid":{"rendered":"https:\/\/centroferreterofarvel.com\/?post_type=product&#038;p=6141"},"modified":"2024-04-10T20:50:11","modified_gmt":"2024-04-11T01:50:11","slug":"aceite-lubricante-3-en-1","status":"publish","type":"product","link":"https:\/\/centroferreterofarvel.com\/index.php\/producto\/aceite-lubricante-3-en-1\/","title":{"rendered":"ACEITE LUBRICANTE 3 EN 1"},"content":{"rendered":"<p>Descubre la excelencia del aceite lubricante 3 en 1, una soluci\u00f3n vers\u00e1til que supera tus expectativas. Este lubricante multiprop\u00f3sito es ideal para una variedad de aplicaciones, desde aflojar piezas ajustadas hasta proteger herramientas y maquinaria contra la corrosi\u00f3n. Con la confiabilidad que solo el aceite lubricante 3 en 1 puede ofrecer, mant\u00e9n tus equipos en su mejor estado.<\/p>\n","protected":false},"excerpt":{"rendered":"<p>Aceite Lubricante 3 en 1: Versatilidad y Rendimiento \u00d3ptimo.<\/p>\n","protected":false},"featured_media":6142,"comment_status":"open","ping_status":"closed","template":"","meta":{"_uag_custom_page_level_css":""},"product_cat":[15,131],"product_tag":[582,584,580,579,581,583],"jetpack_sharing_enabled":true,"uagb_featured_image_src":{"full":["https:\/\/centroferreterofarvel.com\/wp-content\/uploads\/2024\/02\/ACEITE-LUBRICANTE-3-EN-1.png",1080,1350,false],"thumbnail":["https:\/\/centroferreterofarvel.com\/wp-content\/uploads\/2024\/02\/ACEITE-LUBRICANTE-3-EN-1-150x150.png",150,150,true],"medium":["https:\/\/centroferreterofarvel.com\/wp-content\/uploads\/2024\/02\/ACEITE-LUBRICANTE-3-EN-1-240x300.png",240,300,true],"medium_large":["https:\/\/centroferreterofarvel.com\/wp-content\/uploads\/2024\/02\/ACEITE-LUBRICANTE-3-EN-1-768x960.png",768,960,true],"large":["https:\/\/centroferreterofarvel.com\/wp-content\/uploads\/2024\/02\/ACEITE-LUBRICANTE-3-EN-1-819x1024.png",819,1024,true],"1536x1536":["https:\/\/centroferreterofarvel.com\/wp-content\/uploads\/2024\/02\/ACEITE-LUBRICANTE-3-EN-1.png",1080,1350,false],"2048x2048":["https:\/\/centroferreterofarvel.com\/wp-content\/uploads\/2024\/02\/ACEITE-LUBRICANTE-3-EN-1.png",1080,1350,false],"mailpoet_newsletter_max":["https:\/\/centroferreterofarvel.com\/wp-content\/uploads\/2024\/02\/ACEITE-LUBRICANTE-3-EN-1.png",1080,1350,false],"woocommerce_thumbnail":["https:\/\/centroferreterofarvel.com\/wp-content\/uploads\/2024\/02\/ACEITE-LUBRICANTE-3-EN-1-450x450.png",450,450,true],"woocommerce_single":["https:\/\/centroferreterofarvel.com\/wp-content\/uploads\/2024\/02\/ACEITE-LUBRICANTE-3-EN-1-600x750.png",600,750,true],"woocommerce_gallery_thumbnail":["https:\/\/centroferreterofarvel.com\/wp-content\/uploads\/2024\/02\/ACEITE-LUBRICANTE-3-EN-1-100x100.png",100,100,true]},"uagb_author_info":{"display_name":"centroferreterofarvel","author_link":"https:\/\/centroferreterofarvel.com\/index.php\/author\/"},"uagb_comment_info":0,"uagb_excerpt":"Aceite Lubricante 3 en 1: Versatilidad y Rendimiento \u00d3ptimo.","_links":{"self":[{"href":"https:\/\/centroferreterofarvel.com\/index.php\/wp-json\/wp\/v2\/product\/6141"}],"collection":[{"href":"https:\/\/centroferreterofarvel.com\/index.php\/wp-json\/wp\/v2\/product"}],"about":[{"href":"https:\/\/centroferreterofarvel.com\/index.php\/wp-json\/wp\/v2\/types\/product"}],"replies":[{"embeddable":true,"href":"https:\/\/centroferreterofarvel.com\/index.php\/wp-json\/wp\/v2\/comments?post=6141"}],"version-history":[{"count":2,"href":"https:\/\/centroferreterofarvel.com\/index.php\/wp-json\/wp\/v2\/product\/6141\/revisions"}],"predecessor-version":[{"id":8515,"href":"https:\/\/centroferreterofarvel.com\/index.php\/wp-json\/wp\/v2\/product\/6141\/revisions\/8515"}],"wp:featuredmedia":[{"embeddable":true,"href":"https:\/\/centroferreterofarvel.com\/index.php\/wp-json\/wp\/v2\/media\/6142"}],"wp:attachment":[{"href":"https:\/\/centroferreterofarvel.com\/index.php\/wp-json\/wp\/v2\/media?parent=6141"}],"wp:term":[{"taxonomy":"product_cat","embeddable":true,"href":"https:\/\/centroferreterofarvel.com\/index.php\/wp-json\/wp\/v2\/product_cat?post=6141"},{"taxonomy":"product_tag","embeddable":true,"href":"https:\/\/centroferreterofarvel.com\/index.php\/wp-json\/wp\/v2\/product_tag?post=6141"}],"curies":[{"name":"wp","href":"https:\/\/api.w.org\/{rel}","templated":true}]}}