{"id":6145,"date":"2024-02-05T15:35:00","date_gmt":"2024-02-05T20:35:00","guid":{"rendered":"https:\/\/centroferreterofarvel.com\/?post_type=product&#038;p=6145"},"modified":"2024-04-10T20:47:21","modified_gmt":"2024-04-11T01:47:21","slug":"acople-de-compresor-comando-5pcs-alum-1-4","status":"publish","type":"product","link":"https:\/\/centroferreterofarvel.com\/index.php\/producto\/acople-de-compresor-comando-5pcs-alum-1-4\/","title":{"rendered":"ACOPLE DE COMPRESOR COMANDO 5PCS ALUM.1\/4"},"content":{"rendered":"<p>Descubre la eficiencia del acople de compresor Comando, dise\u00f1ado para ofrecer conectividad r\u00e1pida y confiable en aplicaciones de aire comprimido. Este acople para manguera de compresor asegura una conexi\u00f3n sin esfuerzo, facilitando el trabajo con herramientas neum\u00e1ticas. Con nuestra variedad de acoples para compresor de aire, garantizamos un juego completo para satisfacer tus necesidades.<\/p>\n","protected":false},"excerpt":{"rendered":"<p>Acople de Compresor Comando: Conectividad R\u00e1pida y Confiable.<\/p>\n","protected":false},"featured_media":6146,"comment_status":"open","ping_status":"closed","template":"","meta":{"_uag_custom_page_level_css":""},"product_cat":[138],"product_tag":[586,589,585,587,593,594,591,590,592,588],"jetpack_sharing_enabled":true,"uagb_featured_image_src":{"full":["https:\/\/centroferreterofarvel.com\/wp-content\/uploads\/2024\/02\/ACOPLE-DE-COMPRESOR-COMANDO-5PCS-ALUM.14.png",1080,1350,false],"thumbnail":["https:\/\/centroferreterofarvel.com\/wp-content\/uploads\/2024\/02\/ACOPLE-DE-COMPRESOR-COMANDO-5PCS-ALUM.14-150x150.png",150,150,true],"medium":["https:\/\/centroferreterofarvel.com\/wp-content\/uploads\/2024\/02\/ACOPLE-DE-COMPRESOR-COMANDO-5PCS-ALUM.14-240x300.png",240,300,true],"medium_large":["https:\/\/centroferreterofarvel.com\/wp-content\/uploads\/2024\/02\/ACOPLE-DE-COMPRESOR-COMANDO-5PCS-ALUM.14-768x960.png",768,960,true],"large":["https:\/\/centroferreterofarvel.com\/wp-content\/uploads\/2024\/02\/ACOPLE-DE-COMPRESOR-COMANDO-5PCS-ALUM.14-819x1024.png",819,1024,true],"1536x1536":["https:\/\/centroferreterofarvel.com\/wp-content\/uploads\/2024\/02\/ACOPLE-DE-COMPRESOR-COMANDO-5PCS-ALUM.14.png",1080,1350,false],"2048x2048":["https:\/\/centroferreterofarvel.com\/wp-content\/uploads\/2024\/02\/ACOPLE-DE-COMPRESOR-COMANDO-5PCS-ALUM.14.png",1080,1350,false],"mailpoet_newsletter_max":["https:\/\/centroferreterofarvel.com\/wp-content\/uploads\/2024\/02\/ACOPLE-DE-COMPRESOR-COMANDO-5PCS-ALUM.14.png",1080,1350,false],"woocommerce_thumbnail":["https:\/\/centroferreterofarvel.com\/wp-content\/uploads\/2024\/02\/ACOPLE-DE-COMPRESOR-COMANDO-5PCS-ALUM.14-450x450.png",450,450,true],"woocommerce_single":["https:\/\/centroferreterofarvel.com\/wp-content\/uploads\/2024\/02\/ACOPLE-DE-COMPRESOR-COMANDO-5PCS-ALUM.14-600x750.png",600,750,true],"woocommerce_gallery_thumbnail":["https:\/\/centroferreterofarvel.com\/wp-content\/uploads\/2024\/02\/ACOPLE-DE-COMPRESOR-COMANDO-5PCS-ALUM.14-100x100.png",100,100,true]},"uagb_author_info":{"display_name":"centroferreterofarvel","author_link":"https:\/\/centroferreterofarvel.com\/index.php\/author\/"},"uagb_comment_info":0,"uagb_excerpt":"Acople de Compresor Comando: Conectividad R\u00e1pida y Confiable.","_links":{"self":[{"href":"https:\/\/centroferreterofarvel.com\/index.php\/wp-json\/wp\/v2\/product\/6145"}],"collection":[{"href":"https:\/\/centroferreterofarvel.com\/index.php\/wp-json\/wp\/v2\/product"}],"about":[{"href":"https:\/\/centroferreterofarvel.com\/index.php\/wp-json\/wp\/v2\/types\/product"}],"replies":[{"embeddable":true,"href":"https:\/\/centroferreterofarvel.com\/index.php\/wp-json\/wp\/v2\/comments?post=6145"}],"version-history":[{"count":2,"href":"https:\/\/centroferreterofarvel.com\/index.php\/wp-json\/wp\/v2\/product\/6145\/revisions"}],"predecessor-version":[{"id":9371,"href":"https:\/\/centroferreterofarvel.com\/index.php\/wp-json\/wp\/v2\/product\/6145\/revisions\/9371"}],"wp:featuredmedia":[{"embeddable":true,"href":"https:\/\/centroferreterofarvel.com\/index.php\/wp-json\/wp\/v2\/media\/6146"}],"wp:attachment":[{"href":"https:\/\/centroferreterofarvel.com\/index.php\/wp-json\/wp\/v2\/media?parent=6145"}],"wp:term":[{"taxonomy":"product_cat","embeddable":true,"href":"https:\/\/centroferreterofarvel.com\/index.php\/wp-json\/wp\/v2\/product_cat?post=6145"},{"taxonomy":"product_tag","embeddable":true,"href":"https:\/\/centroferreterofarvel.com\/index.php\/wp-json\/wp\/v2\/product_tag?post=6145"}],"curies":[{"name":"wp","href":"https:\/\/api.w.org\/{rel}","templated":true}]}}