{"id":6147,"date":"2024-02-05T15:59:45","date_gmt":"2024-02-05T20:59:45","guid":{"rendered":"https:\/\/centroferreterofarvel.com\/?post_type=product&#038;p=6147"},"modified":"2024-05-27T16:52:09","modified_gmt":"2024-05-27T21:52:09","slug":"adaptador-para-lavabo-11-4","status":"publish","type":"product","link":"https:\/\/centroferreterofarvel.com\/index.php\/producto\/adaptador-para-lavabo-11-4\/","title":{"rendered":"ADAPTADOR PARA LAVABO 11\/4"},"content":{"rendered":"<p>Nuestro adaptador para lavabo es la soluci\u00f3n perfecta para brindar versatilidad a tu lavabo. Dise\u00f1ado con precisi\u00f3n, este adaptador asegura una conexi\u00f3n perfecta y duradera. Ya sea que est\u00e9s buscando mejorar la funcionalidad de tu lavabo o necesites un adaptador para lavabo sobre encimera, este accesorio garantiza un rendimiento confiable. Transforma tu espacio con la calidad y estilo de nuestro adaptador para lavabo.<\/p>\n","protected":false},"excerpt":{"rendered":"<p>Adaptador para Lavabo 11\/4 : Conexi\u00f3n Confiable y Sin Complicaciones.<\/p>\n","protected":false},"featured_media":6148,"comment_status":"open","ping_status":"closed","template":"","meta":{"_uag_custom_page_level_css":""},"product_cat":[22,178],"product_tag":[542,595,541,543,389,597,596,598,599],"jetpack_sharing_enabled":true,"uagb_featured_image_src":{"full":["https:\/\/centroferreterofarvel.com\/wp-content\/uploads\/2024\/02\/ADAPTADOR-PARA-LAVABO-114.png",1080,1350,false],"thumbnail":["https:\/\/centroferreterofarvel.com\/wp-content\/uploads\/2024\/02\/ADAPTADOR-PARA-LAVABO-114-150x150.png",150,150,true],"medium":["https:\/\/centroferreterofarvel.com\/wp-content\/uploads\/2024\/02\/ADAPTADOR-PARA-LAVABO-114-240x300.png",240,300,true],"medium_large":["https:\/\/centroferreterofarvel.com\/wp-content\/uploads\/2024\/02\/ADAPTADOR-PARA-LAVABO-114-768x960.png",768,960,true],"large":["https:\/\/centroferreterofarvel.com\/wp-content\/uploads\/2024\/02\/ADAPTADOR-PARA-LAVABO-114-819x1024.png",819,1024,true],"1536x1536":["https:\/\/centroferreterofarvel.com\/wp-content\/uploads\/2024\/02\/ADAPTADOR-PARA-LAVABO-114.png",1080,1350,false],"2048x2048":["https:\/\/centroferreterofarvel.com\/wp-content\/uploads\/2024\/02\/ADAPTADOR-PARA-LAVABO-114.png",1080,1350,false],"mailpoet_newsletter_max":["https:\/\/centroferreterofarvel.com\/wp-content\/uploads\/2024\/02\/ADAPTADOR-PARA-LAVABO-114.png",1080,1350,false],"woocommerce_thumbnail":["https:\/\/centroferreterofarvel.com\/wp-content\/uploads\/2024\/02\/ADAPTADOR-PARA-LAVABO-114-450x450.png",450,450,true],"woocommerce_single":["https:\/\/centroferreterofarvel.com\/wp-content\/uploads\/2024\/02\/ADAPTADOR-PARA-LAVABO-114-600x750.png",600,750,true],"woocommerce_gallery_thumbnail":["https:\/\/centroferreterofarvel.com\/wp-content\/uploads\/2024\/02\/ADAPTADOR-PARA-LAVABO-114-100x100.png",100,100,true]},"uagb_author_info":{"display_name":"centroferreterofarvel","author_link":"https:\/\/centroferreterofarvel.com\/index.php\/author\/"},"uagb_comment_info":0,"uagb_excerpt":"Adaptador para Lavabo 11\/4 : Conexi\u00f3n Confiable y Sin Complicaciones.","_links":{"self":[{"href":"https:\/\/centroferreterofarvel.com\/index.php\/wp-json\/wp\/v2\/product\/6147"}],"collection":[{"href":"https:\/\/centroferreterofarvel.com\/index.php\/wp-json\/wp\/v2\/product"}],"about":[{"href":"https:\/\/centroferreterofarvel.com\/index.php\/wp-json\/wp\/v2\/types\/product"}],"replies":[{"embeddable":true,"href":"https:\/\/centroferreterofarvel.com\/index.php\/wp-json\/wp\/v2\/comments?post=6147"}],"version-history":[{"count":3,"href":"https:\/\/centroferreterofarvel.com\/index.php\/wp-json\/wp\/v2\/product\/6147\/revisions"}],"predecessor-version":[{"id":10839,"href":"https:\/\/centroferreterofarvel.com\/index.php\/wp-json\/wp\/v2\/product\/6147\/revisions\/10839"}],"wp:featuredmedia":[{"embeddable":true,"href":"https:\/\/centroferreterofarvel.com\/index.php\/wp-json\/wp\/v2\/media\/6148"}],"wp:attachment":[{"href":"https:\/\/centroferreterofarvel.com\/index.php\/wp-json\/wp\/v2\/media?parent=6147"}],"wp:term":[{"taxonomy":"product_cat","embeddable":true,"href":"https:\/\/centroferreterofarvel.com\/index.php\/wp-json\/wp\/v2\/product_cat?post=6147"},{"taxonomy":"product_tag","embeddable":true,"href":"https:\/\/centroferreterofarvel.com\/index.php\/wp-json\/wp\/v2\/product_tag?post=6147"}],"curies":[{"name":"wp","href":"https:\/\/api.w.org\/{rel}","templated":true}]}}