{"id":6152,"date":"2024-02-05T16:16:38","date_gmt":"2024-02-05T21:16:38","guid":{"rendered":"https:\/\/centroferreterofarvel.com\/?post_type=product&#038;p=6152"},"modified":"2024-04-10T20:44:47","modified_gmt":"2024-04-11T01:44:47","slug":"adaptador-redondo-a-plano-blanco-azteca","status":"publish","type":"product","link":"https:\/\/centroferreterofarvel.com\/index.php\/producto\/adaptador-redondo-a-plano-blanco-azteca\/","title":{"rendered":"ADAPTADOR REDONDO A PLANO BLANCO AZTECA"},"content":{"rendered":"<p>Simplifica la conexi\u00f3n de tus dispositivos con nuestro adaptador de enchufe redondo a plano. Dise\u00f1ado para brindar versatilidad y comodidad, este adaptador convierte f\u00e1cilmente enchufes redondos en enchufes planos. Ya sea para dispositivos de corriente redondos o universales, este adaptador garantiza una conexi\u00f3n segura y sin complicaciones, facilitando el uso de tus dispositivos electr\u00f3nicos.<\/p>\n","protected":false},"excerpt":{"rendered":"<p>Adaptador de Enchufe Redondo a Plano Blanco: Convierte sin Complicaciones.<\/p>\n","protected":false},"featured_media":9351,"comment_status":"open","ping_status":"closed","template":"","meta":{"_uag_custom_page_level_css":""},"product_cat":[105,33],"product_tag":[611,605,606,607,608,600,610,609,603,602,604,601,612],"jetpack_sharing_enabled":true,"uagb_featured_image_src":{"full":["https:\/\/centroferreterofarvel.com\/wp-content\/uploads\/2024\/02\/ADAPTADOR-REDONDO-A-PLANO-BLANCO-AZTECA-1.png",1080,1350,false],"thumbnail":["https:\/\/centroferreterofarvel.com\/wp-content\/uploads\/2024\/02\/ADAPTADOR-REDONDO-A-PLANO-BLANCO-AZTECA-1-150x150.png",150,150,true],"medium":["https:\/\/centroferreterofarvel.com\/wp-content\/uploads\/2024\/02\/ADAPTADOR-REDONDO-A-PLANO-BLANCO-AZTECA-1-240x300.png",240,300,true],"medium_large":["https:\/\/centroferreterofarvel.com\/wp-content\/uploads\/2024\/02\/ADAPTADOR-REDONDO-A-PLANO-BLANCO-AZTECA-1-768x960.png",768,960,true],"large":["https:\/\/centroferreterofarvel.com\/wp-content\/uploads\/2024\/02\/ADAPTADOR-REDONDO-A-PLANO-BLANCO-AZTECA-1-819x1024.png",819,1024,true],"1536x1536":["https:\/\/centroferreterofarvel.com\/wp-content\/uploads\/2024\/02\/ADAPTADOR-REDONDO-A-PLANO-BLANCO-AZTECA-1.png",1080,1350,false],"2048x2048":["https:\/\/centroferreterofarvel.com\/wp-content\/uploads\/2024\/02\/ADAPTADOR-REDONDO-A-PLANO-BLANCO-AZTECA-1.png",1080,1350,false],"mailpoet_newsletter_max":["https:\/\/centroferreterofarvel.com\/wp-content\/uploads\/2024\/02\/ADAPTADOR-REDONDO-A-PLANO-BLANCO-AZTECA-1.png",1080,1350,false],"woocommerce_thumbnail":["https:\/\/centroferreterofarvel.com\/wp-content\/uploads\/2024\/02\/ADAPTADOR-REDONDO-A-PLANO-BLANCO-AZTECA-1-450x450.png",450,450,true],"woocommerce_single":["https:\/\/centroferreterofarvel.com\/wp-content\/uploads\/2024\/02\/ADAPTADOR-REDONDO-A-PLANO-BLANCO-AZTECA-1-600x750.png",600,750,true],"woocommerce_gallery_thumbnail":["https:\/\/centroferreterofarvel.com\/wp-content\/uploads\/2024\/02\/ADAPTADOR-REDONDO-A-PLANO-BLANCO-AZTECA-1-100x100.png",100,100,true]},"uagb_author_info":{"display_name":"centroferreterofarvel","author_link":"https:\/\/centroferreterofarvel.com\/index.php\/author\/"},"uagb_comment_info":0,"uagb_excerpt":"Adaptador de Enchufe Redondo a Plano Blanco: Convierte sin Complicaciones.","_links":{"self":[{"href":"https:\/\/centroferreterofarvel.com\/index.php\/wp-json\/wp\/v2\/product\/6152"}],"collection":[{"href":"https:\/\/centroferreterofarvel.com\/index.php\/wp-json\/wp\/v2\/product"}],"about":[{"href":"https:\/\/centroferreterofarvel.com\/index.php\/wp-json\/wp\/v2\/types\/product"}],"replies":[{"embeddable":true,"href":"https:\/\/centroferreterofarvel.com\/index.php\/wp-json\/wp\/v2\/comments?post=6152"}],"version-history":[{"count":1,"href":"https:\/\/centroferreterofarvel.com\/index.php\/wp-json\/wp\/v2\/product\/6152\/revisions"}],"predecessor-version":[{"id":8518,"href":"https:\/\/centroferreterofarvel.com\/index.php\/wp-json\/wp\/v2\/product\/6152\/revisions\/8518"}],"wp:featuredmedia":[{"embeddable":true,"href":"https:\/\/centroferreterofarvel.com\/index.php\/wp-json\/wp\/v2\/media\/9351"}],"wp:attachment":[{"href":"https:\/\/centroferreterofarvel.com\/index.php\/wp-json\/wp\/v2\/media?parent=6152"}],"wp:term":[{"taxonomy":"product_cat","embeddable":true,"href":"https:\/\/centroferreterofarvel.com\/index.php\/wp-json\/wp\/v2\/product_cat?post=6152"},{"taxonomy":"product_tag","embeddable":true,"href":"https:\/\/centroferreterofarvel.com\/index.php\/wp-json\/wp\/v2\/product_tag?post=6152"}],"curies":[{"name":"wp","href":"https:\/\/api.w.org\/{rel}","templated":true}]}}