{"id":6155,"date":"2024-02-05T16:23:45","date_gmt":"2024-02-05T21:23:45","guid":{"rendered":"https:\/\/centroferreterofarvel.com\/?post_type=product&#038;p=6155"},"modified":"2024-09-13T15:03:29","modified_gmt":"2024-09-13T20:03:29","slug":"alambre-galvanizado-14","status":"publish","type":"product","link":"https:\/\/centroferreterofarvel.com\/index.php\/producto\/alambre-galvanizado-14\/","title":{"rendered":"ALAMBRE GALVANIZADO"},"content":{"rendered":"<p>Descubre la versatilidad del alambre galvanizado en diferentes calibres para satisfacer todas tus necesidades. Desde el resistente alambre galvanizado hasta opciones m\u00e1s livianas, nuestro producto ofrece durabilidad y protecci\u00f3n contra la corrosi\u00f3n. Ideal para proyectos de construcci\u00f3n, cercas, mallas y m\u00e1s, el alambre galvanizado es esencial para asegurar la resistencia y longevidad de tus estructuras.<\/p>\n","protected":false},"excerpt":{"rendered":"<p>Alambre Galvanizado: Versatilidad en Diferentes Calibres.<\/p>\n","protected":false},"featured_media":6156,"comment_status":"open","ping_status":"closed","template":"","meta":{"_uag_custom_page_level_css":""},"product_cat":[102,32],"product_tag":[613,615,614,617,618,616],"jetpack_sharing_enabled":true,"uagb_featured_image_src":{"full":["https:\/\/centroferreterofarvel.com\/wp-content\/uploads\/2024\/02\/ALAMBRE-GALVANIZADO-_14.png",1080,1350,false],"thumbnail":["https:\/\/centroferreterofarvel.com\/wp-content\/uploads\/2024\/02\/ALAMBRE-GALVANIZADO-_14-150x150.png",150,150,true],"medium":["https:\/\/centroferreterofarvel.com\/wp-content\/uploads\/2024\/02\/ALAMBRE-GALVANIZADO-_14-240x300.png",240,300,true],"medium_large":["https:\/\/centroferreterofarvel.com\/wp-content\/uploads\/2024\/02\/ALAMBRE-GALVANIZADO-_14-768x960.png",768,960,true],"large":["https:\/\/centroferreterofarvel.com\/wp-content\/uploads\/2024\/02\/ALAMBRE-GALVANIZADO-_14-819x1024.png",819,1024,true],"1536x1536":["https:\/\/centroferreterofarvel.com\/wp-content\/uploads\/2024\/02\/ALAMBRE-GALVANIZADO-_14.png",1080,1350,false],"2048x2048":["https:\/\/centroferreterofarvel.com\/wp-content\/uploads\/2024\/02\/ALAMBRE-GALVANIZADO-_14.png",1080,1350,false],"mailpoet_newsletter_max":["https:\/\/centroferreterofarvel.com\/wp-content\/uploads\/2024\/02\/ALAMBRE-GALVANIZADO-_14.png",1080,1350,false],"woocommerce_thumbnail":["https:\/\/centroferreterofarvel.com\/wp-content\/uploads\/2024\/02\/ALAMBRE-GALVANIZADO-_14-450x450.png",450,450,true],"woocommerce_single":["https:\/\/centroferreterofarvel.com\/wp-content\/uploads\/2024\/02\/ALAMBRE-GALVANIZADO-_14-600x750.png",600,750,true],"woocommerce_gallery_thumbnail":["https:\/\/centroferreterofarvel.com\/wp-content\/uploads\/2024\/02\/ALAMBRE-GALVANIZADO-_14-100x100.png",100,100,true]},"uagb_author_info":{"display_name":"centroferreterofarvel","author_link":"https:\/\/centroferreterofarvel.com\/index.php\/author\/"},"uagb_comment_info":0,"uagb_excerpt":"Alambre Galvanizado: Versatilidad en Diferentes Calibres.","_links":{"self":[{"href":"https:\/\/centroferreterofarvel.com\/index.php\/wp-json\/wp\/v2\/product\/6155"}],"collection":[{"href":"https:\/\/centroferreterofarvel.com\/index.php\/wp-json\/wp\/v2\/product"}],"about":[{"href":"https:\/\/centroferreterofarvel.com\/index.php\/wp-json\/wp\/v2\/types\/product"}],"replies":[{"embeddable":true,"href":"https:\/\/centroferreterofarvel.com\/index.php\/wp-json\/wp\/v2\/comments?post=6155"}],"version-history":[{"count":3,"href":"https:\/\/centroferreterofarvel.com\/index.php\/wp-json\/wp\/v2\/product\/6155\/revisions"}],"predecessor-version":[{"id":11237,"href":"https:\/\/centroferreterofarvel.com\/index.php\/wp-json\/wp\/v2\/product\/6155\/revisions\/11237"}],"wp:featuredmedia":[{"embeddable":true,"href":"https:\/\/centroferreterofarvel.com\/index.php\/wp-json\/wp\/v2\/media\/6156"}],"wp:attachment":[{"href":"https:\/\/centroferreterofarvel.com\/index.php\/wp-json\/wp\/v2\/media?parent=6155"}],"wp:term":[{"taxonomy":"product_cat","embeddable":true,"href":"https:\/\/centroferreterofarvel.com\/index.php\/wp-json\/wp\/v2\/product_cat?post=6155"},{"taxonomy":"product_tag","embeddable":true,"href":"https:\/\/centroferreterofarvel.com\/index.php\/wp-json\/wp\/v2\/product_tag?post=6155"}],"curies":[{"name":"wp","href":"https:\/\/api.w.org\/{rel}","templated":true}]}}