{"id":6172,"date":"2024-02-06T12:42:29","date_gmt":"2024-02-06T17:42:29","guid":{"rendered":"https:\/\/centroferreterofarvel.com\/?post_type=product&#038;p=6172"},"modified":"2024-07-08T12:24:16","modified_gmt":"2024-07-08T17:24:16","slug":"amarracable-12x4-5mm-bla-c-50u-volteck","status":"publish","type":"product","link":"https:\/\/centroferreterofarvel.com\/index.php\/producto\/amarracable-12x4-5mm-bla-c-50u-volteck\/","title":{"rendered":"AMARRACABLES VOLTECK"},"content":{"rendered":"<p>Descubre la eficiencia de las amarras pl\u00e1sticas Volteck, dise\u00f1adas para ofrecer una sujeci\u00f3n segura en diversas aplicaciones. Disponibles en varios colores y medidas, estas amarras no solo brindan un agarre confiable si no que tambi\u00e9n te ayudan a organizar cables y sujetar objetos de manera eficiente, te ofrecen versatilidad en cada aplicaci\u00f3n permiti\u00e9ndote organizar y distinguir tus cables y objetos con estilo.<\/p>\n<p>Colores: Blanco\/Negro<\/p>\n","protected":false},"excerpt":{"rendered":"<p>Amarracables Volteck: Sujeci\u00f3n Eficiente y Variedad de Colores<\/p>\n","protected":false},"featured_media":6173,"comment_status":"open","ping_status":"closed","template":"","meta":{"_uag_custom_page_level_css":""},"product_cat":[106,33],"product_tag":[655,656,649,644,648,650,647],"jetpack_sharing_enabled":true,"uagb_featured_image_src":{"full":["https:\/\/centroferreterofarvel.com\/wp-content\/uploads\/2024\/02\/AMARRACABLE-12X4.5MM-BLA-C50U-VOLTECK.png",1080,1350,false],"thumbnail":["https:\/\/centroferreterofarvel.com\/wp-content\/uploads\/2024\/02\/AMARRACABLE-12X4.5MM-BLA-C50U-VOLTECK-150x150.png",150,150,true],"medium":["https:\/\/centroferreterofarvel.com\/wp-content\/uploads\/2024\/02\/AMARRACABLE-12X4.5MM-BLA-C50U-VOLTECK-240x300.png",240,300,true],"medium_large":["https:\/\/centroferreterofarvel.com\/wp-content\/uploads\/2024\/02\/AMARRACABLE-12X4.5MM-BLA-C50U-VOLTECK-768x960.png",768,960,true],"large":["https:\/\/centroferreterofarvel.com\/wp-content\/uploads\/2024\/02\/AMARRACABLE-12X4.5MM-BLA-C50U-VOLTECK-819x1024.png",819,1024,true],"1536x1536":["https:\/\/centroferreterofarvel.com\/wp-content\/uploads\/2024\/02\/AMARRACABLE-12X4.5MM-BLA-C50U-VOLTECK.png",1080,1350,false],"2048x2048":["https:\/\/centroferreterofarvel.com\/wp-content\/uploads\/2024\/02\/AMARRACABLE-12X4.5MM-BLA-C50U-VOLTECK.png",1080,1350,false],"mailpoet_newsletter_max":["https:\/\/centroferreterofarvel.com\/wp-content\/uploads\/2024\/02\/AMARRACABLE-12X4.5MM-BLA-C50U-VOLTECK.png",1080,1350,false],"woocommerce_thumbnail":["https:\/\/centroferreterofarvel.com\/wp-content\/uploads\/2024\/02\/AMARRACABLE-12X4.5MM-BLA-C50U-VOLTECK-450x450.png",450,450,true],"woocommerce_single":["https:\/\/centroferreterofarvel.com\/wp-content\/uploads\/2024\/02\/AMARRACABLE-12X4.5MM-BLA-C50U-VOLTECK-600x750.png",600,750,true],"woocommerce_gallery_thumbnail":["https:\/\/centroferreterofarvel.com\/wp-content\/uploads\/2024\/02\/AMARRACABLE-12X4.5MM-BLA-C50U-VOLTECK-100x100.png",100,100,true]},"uagb_author_info":{"display_name":"centroferreterofarvel","author_link":"https:\/\/centroferreterofarvel.com\/index.php\/author\/"},"uagb_comment_info":0,"uagb_excerpt":"Amarracables Volteck: Sujeci\u00f3n Eficiente y Variedad de Colores","_links":{"self":[{"href":"https:\/\/centroferreterofarvel.com\/index.php\/wp-json\/wp\/v2\/product\/6172"}],"collection":[{"href":"https:\/\/centroferreterofarvel.com\/index.php\/wp-json\/wp\/v2\/product"}],"about":[{"href":"https:\/\/centroferreterofarvel.com\/index.php\/wp-json\/wp\/v2\/types\/product"}],"replies":[{"embeddable":true,"href":"https:\/\/centroferreterofarvel.com\/index.php\/wp-json\/wp\/v2\/comments?post=6172"}],"version-history":[{"count":1,"href":"https:\/\/centroferreterofarvel.com\/index.php\/wp-json\/wp\/v2\/product\/6172\/revisions"}],"predecessor-version":[{"id":8532,"href":"https:\/\/centroferreterofarvel.com\/index.php\/wp-json\/wp\/v2\/product\/6172\/revisions\/8532"}],"wp:featuredmedia":[{"embeddable":true,"href":"https:\/\/centroferreterofarvel.com\/index.php\/wp-json\/wp\/v2\/media\/6173"}],"wp:attachment":[{"href":"https:\/\/centroferreterofarvel.com\/index.php\/wp-json\/wp\/v2\/media?parent=6172"}],"wp:term":[{"taxonomy":"product_cat","embeddable":true,"href":"https:\/\/centroferreterofarvel.com\/index.php\/wp-json\/wp\/v2\/product_cat?post=6172"},{"taxonomy":"product_tag","embeddable":true,"href":"https:\/\/centroferreterofarvel.com\/index.php\/wp-json\/wp\/v2\/product_tag?post=6172"}],"curies":[{"name":"wp","href":"https:\/\/api.w.org\/{rel}","templated":true}]}}