{"id":6177,"date":"2024-02-06T13:11:03","date_gmt":"2024-02-06T18:11:03","guid":{"rendered":"https:\/\/centroferreterofarvel.com\/?post_type=product&#038;p=6177"},"modified":"2024-04-10T16:30:11","modified_gmt":"2024-04-10T21:30:11","slug":"anillo-de-cera-ac-1-peg-san-fv","status":"publish","type":"product","link":"https:\/\/centroferreterofarvel.com\/index.php\/producto\/anillo-de-cera-ac-1-peg-san-fv\/","title":{"rendered":"ANILLO DE CERA PARA INODORO FV"},"content":{"rendered":"<p>Nuestro anillo de cera para inodoro FV asegura un sellado perfecto y duradero, proporcionando una barrera herm\u00e9tica entre la base del inodoro y el desag\u00fce. Con dise\u00f1o y calidad FV, este anillo de cera garantiza una instalaci\u00f3n f\u00e1cil y efectiva, brindando tranquilidad y evitando posibles filtraciones. Disfruta de un ba\u00f1o sin preocupaciones con nuestro anillo de cera de alta calidad.<\/p>\n","protected":false},"excerpt":{"rendered":"<p>Anillo de Cera FV para Inodoros: Sello Perfecto y Duradero.<\/p>\n","protected":false},"featured_media":6178,"comment_status":"open","ping_status":"closed","template":"","meta":{"_uag_custom_page_level_css":""},"product_cat":[166,22],"product_tag":[664,666,667,668,663,662,665,661],"jetpack_sharing_enabled":true,"uagb_featured_image_src":{"full":["https:\/\/centroferreterofarvel.com\/wp-content\/uploads\/2024\/02\/ANILLO-DE-CERA-AC.1-PEGSAN-FV.png",1080,1350,false],"thumbnail":["https:\/\/centroferreterofarvel.com\/wp-content\/uploads\/2024\/02\/ANILLO-DE-CERA-AC.1-PEGSAN-FV-150x150.png",150,150,true],"medium":["https:\/\/centroferreterofarvel.com\/wp-content\/uploads\/2024\/02\/ANILLO-DE-CERA-AC.1-PEGSAN-FV-240x300.png",240,300,true],"medium_large":["https:\/\/centroferreterofarvel.com\/wp-content\/uploads\/2024\/02\/ANILLO-DE-CERA-AC.1-PEGSAN-FV-768x960.png",768,960,true],"large":["https:\/\/centroferreterofarvel.com\/wp-content\/uploads\/2024\/02\/ANILLO-DE-CERA-AC.1-PEGSAN-FV-819x1024.png",819,1024,true],"1536x1536":["https:\/\/centroferreterofarvel.com\/wp-content\/uploads\/2024\/02\/ANILLO-DE-CERA-AC.1-PEGSAN-FV.png",1080,1350,false],"2048x2048":["https:\/\/centroferreterofarvel.com\/wp-content\/uploads\/2024\/02\/ANILLO-DE-CERA-AC.1-PEGSAN-FV.png",1080,1350,false],"mailpoet_newsletter_max":["https:\/\/centroferreterofarvel.com\/wp-content\/uploads\/2024\/02\/ANILLO-DE-CERA-AC.1-PEGSAN-FV.png",1080,1350,false],"woocommerce_thumbnail":["https:\/\/centroferreterofarvel.com\/wp-content\/uploads\/2024\/02\/ANILLO-DE-CERA-AC.1-PEGSAN-FV-450x450.png",450,450,true],"woocommerce_single":["https:\/\/centroferreterofarvel.com\/wp-content\/uploads\/2024\/02\/ANILLO-DE-CERA-AC.1-PEGSAN-FV-600x750.png",600,750,true],"woocommerce_gallery_thumbnail":["https:\/\/centroferreterofarvel.com\/wp-content\/uploads\/2024\/02\/ANILLO-DE-CERA-AC.1-PEGSAN-FV-100x100.png",100,100,true]},"uagb_author_info":{"display_name":"centroferreterofarvel","author_link":"https:\/\/centroferreterofarvel.com\/index.php\/author\/"},"uagb_comment_info":0,"uagb_excerpt":"Anillo de Cera FV para Inodoros: Sello Perfecto y Duradero.","_links":{"self":[{"href":"https:\/\/centroferreterofarvel.com\/index.php\/wp-json\/wp\/v2\/product\/6177"}],"collection":[{"href":"https:\/\/centroferreterofarvel.com\/index.php\/wp-json\/wp\/v2\/product"}],"about":[{"href":"https:\/\/centroferreterofarvel.com\/index.php\/wp-json\/wp\/v2\/types\/product"}],"replies":[{"embeddable":true,"href":"https:\/\/centroferreterofarvel.com\/index.php\/wp-json\/wp\/v2\/comments?post=6177"}],"version-history":[{"count":2,"href":"https:\/\/centroferreterofarvel.com\/index.php\/wp-json\/wp\/v2\/product\/6177\/revisions"}],"predecessor-version":[{"id":9364,"href":"https:\/\/centroferreterofarvel.com\/index.php\/wp-json\/wp\/v2\/product\/6177\/revisions\/9364"}],"wp:featuredmedia":[{"embeddable":true,"href":"https:\/\/centroferreterofarvel.com\/index.php\/wp-json\/wp\/v2\/media\/6178"}],"wp:attachment":[{"href":"https:\/\/centroferreterofarvel.com\/index.php\/wp-json\/wp\/v2\/media?parent=6177"}],"wp:term":[{"taxonomy":"product_cat","embeddable":true,"href":"https:\/\/centroferreterofarvel.com\/index.php\/wp-json\/wp\/v2\/product_cat?post=6177"},{"taxonomy":"product_tag","embeddable":true,"href":"https:\/\/centroferreterofarvel.com\/index.php\/wp-json\/wp\/v2\/product_tag?post=6177"}],"curies":[{"name":"wp","href":"https:\/\/api.w.org\/{rel}","templated":true}]}}