{"id":6179,"date":"2024-02-06T13:17:09","date_gmt":"2024-02-06T18:17:09","guid":{"rendered":"https:\/\/centroferreterofarvel.com\/?post_type=product&#038;p=6179"},"modified":"2024-04-10T16:24:26","modified_gmt":"2024-04-10T21:24:26","slug":"arco-sierra-tubular-cuadrado","status":"publish","type":"product","link":"https:\/\/centroferreterofarvel.com\/index.php\/producto\/arco-sierra-tubular-cuadrado\/","title":{"rendered":"ARCO SIERRA TUBULAR CUADRADO"},"content":{"rendered":"<p>Nuestro arco de sierra tubular cuadrado TOOLS ofrece un corte preciso y eficiente. Dise\u00f1ado con ergonom\u00eda superior, esta herramienta manual facilita el manejo y brinda un control \u00f3ptimo durante el trabajo es ideal para una variedad de tareas. Descubre la calidad TOOLS para obtener resultados excepcionales en cada proyecto.<\/p>\n","protected":false},"excerpt":{"rendered":"<p>Arco de Sierra Tubular Cuadrado TOOLS: Corte Preciso con Ergonom\u00eda Superior.<\/p>\n","protected":false},"featured_media":6180,"comment_status":"open","ping_status":"closed","template":"","meta":{"_uag_custom_page_level_css":""},"product_cat":[141,139],"product_tag":[669,671,625,623,670,672],"jetpack_sharing_enabled":true,"uagb_featured_image_src":{"full":["https:\/\/centroferreterofarvel.com\/wp-content\/uploads\/2024\/02\/ARCO-SIERRA-TUBULAR-CUADRADO.png",1080,1350,false],"thumbnail":["https:\/\/centroferreterofarvel.com\/wp-content\/uploads\/2024\/02\/ARCO-SIERRA-TUBULAR-CUADRADO-150x150.png",150,150,true],"medium":["https:\/\/centroferreterofarvel.com\/wp-content\/uploads\/2024\/02\/ARCO-SIERRA-TUBULAR-CUADRADO-240x300.png",240,300,true],"medium_large":["https:\/\/centroferreterofarvel.com\/wp-content\/uploads\/2024\/02\/ARCO-SIERRA-TUBULAR-CUADRADO-768x960.png",768,960,true],"large":["https:\/\/centroferreterofarvel.com\/wp-content\/uploads\/2024\/02\/ARCO-SIERRA-TUBULAR-CUADRADO-819x1024.png",819,1024,true],"1536x1536":["https:\/\/centroferreterofarvel.com\/wp-content\/uploads\/2024\/02\/ARCO-SIERRA-TUBULAR-CUADRADO.png",1080,1350,false],"2048x2048":["https:\/\/centroferreterofarvel.com\/wp-content\/uploads\/2024\/02\/ARCO-SIERRA-TUBULAR-CUADRADO.png",1080,1350,false],"mailpoet_newsletter_max":["https:\/\/centroferreterofarvel.com\/wp-content\/uploads\/2024\/02\/ARCO-SIERRA-TUBULAR-CUADRADO.png",1080,1350,false],"woocommerce_thumbnail":["https:\/\/centroferreterofarvel.com\/wp-content\/uploads\/2024\/02\/ARCO-SIERRA-TUBULAR-CUADRADO-450x450.png",450,450,true],"woocommerce_single":["https:\/\/centroferreterofarvel.com\/wp-content\/uploads\/2024\/02\/ARCO-SIERRA-TUBULAR-CUADRADO-600x750.png",600,750,true],"woocommerce_gallery_thumbnail":["https:\/\/centroferreterofarvel.com\/wp-content\/uploads\/2024\/02\/ARCO-SIERRA-TUBULAR-CUADRADO-100x100.png",100,100,true]},"uagb_author_info":{"display_name":"centroferreterofarvel","author_link":"https:\/\/centroferreterofarvel.com\/index.php\/author\/"},"uagb_comment_info":0,"uagb_excerpt":"Arco de Sierra Tubular Cuadrado TOOLS: Corte Preciso con Ergonom\u00eda Superior.","_links":{"self":[{"href":"https:\/\/centroferreterofarvel.com\/index.php\/wp-json\/wp\/v2\/product\/6179"}],"collection":[{"href":"https:\/\/centroferreterofarvel.com\/index.php\/wp-json\/wp\/v2\/product"}],"about":[{"href":"https:\/\/centroferreterofarvel.com\/index.php\/wp-json\/wp\/v2\/types\/product"}],"replies":[{"embeddable":true,"href":"https:\/\/centroferreterofarvel.com\/index.php\/wp-json\/wp\/v2\/comments?post=6179"}],"version-history":[{"count":2,"href":"https:\/\/centroferreterofarvel.com\/index.php\/wp-json\/wp\/v2\/product\/6179\/revisions"}],"predecessor-version":[{"id":9865,"href":"https:\/\/centroferreterofarvel.com\/index.php\/wp-json\/wp\/v2\/product\/6179\/revisions\/9865"}],"wp:featuredmedia":[{"embeddable":true,"href":"https:\/\/centroferreterofarvel.com\/index.php\/wp-json\/wp\/v2\/media\/6180"}],"wp:attachment":[{"href":"https:\/\/centroferreterofarvel.com\/index.php\/wp-json\/wp\/v2\/media?parent=6179"}],"wp:term":[{"taxonomy":"product_cat","embeddable":true,"href":"https:\/\/centroferreterofarvel.com\/index.php\/wp-json\/wp\/v2\/product_cat?post=6179"},{"taxonomy":"product_tag","embeddable":true,"href":"https:\/\/centroferreterofarvel.com\/index.php\/wp-json\/wp\/v2\/product_tag?post=6179"}],"curies":[{"name":"wp","href":"https:\/\/api.w.org\/{rel}","templated":true}]}}